{"id":18377,"date":"2026-02-27T00:39:38","date_gmt":"2026-02-27T00:39:38","guid":{"rendered":"https:\/\/nordicmart.andreevmaster.com\/product\/feandrea-hundbadd-o-60-cm-ringformad\/"},"modified":"2026-02-27T08:28:14","modified_gmt":"2026-02-27T08:28:14","slug":"feandrea-hundbadd-o-60-cm-ringformad","status":"publish","type":"product","link":"https:\/\/nordicmart.andreevmaster.com\/sv\/produkt\/feandrea-hundbadd-o-60-cm-ringformad\/","title":{"rendered":"Feandrea hundb\u00e4dd \u00d8 60 cm ringformad"},"content":{"rendered":"<p>En bekv\u00e4m plats att rulla ihop sig p\u00e5: Ligger din hund alltid p\u00e5 din matta f\u00f6r att torka av skorna eller i badrummet? Ge den ist\u00e4llet denna bekv\u00e4ma ring som ingen kommer att trampa p\u00e5. Den \u00e4r tillr\u00e4ckligt l\u00e4tt f\u00f6r att kunna flyttas fr\u00e5n ett rum till ett annat. Bredvid ditt skrivbord eller bredvid din s\u00e4ng \u2013 din hund beh\u00f6ver inte l\u00e4ngre rulla ihop sig p\u00e5 golvet, oavsett var du \u00e4r! God s\u00f6mn, gott liv: Tillbringar ditt husdjur st\u00f6rre delen av sitt liv med att sova? Det g\u00f6r inget, men d\u00e5 b\u00f6r det ha en bekv\u00e4m s\u00e4ng s\u00e5 att det kan sova s\u00e5 gott som m\u00f6jligt. Oavsett om det gillar att sova p\u00e5 magen, ryggen eller sidan \u2013 din \u00e4lskling kommer att ha s\u00f6ta dr\u00f6mmar n\u00e4r det rullar ihop sig p\u00e5 sin nya donut. Denna hunds\u00e4ng hj\u00e4lper det att slappna av i musklerna.Produktdetaljer: &#8211; F\u00e4rg: Ljusgr\u00e5 &#8211; Material: Imitation av velourl\u00e4der, plysch &#8211; Storlek: 60 x 18 cm (\u00d8 x H) &#8211; Vikt: 1,8 kg Leveransomfattning: &#8211; 1 x hundb\u00e4dd FEANDREA Anm\u00e4rkningar: &#8211; Kontrollera f\u00f6re k\u00f6pet att produktens storlek passar ditt husdjur.- Produkter med s\u00f6mmar kan avvika 2-3 cm fr\u00e5n de m\u00e5tt vi anger. &#8211; Denna produkt levereras i en vakuumf\u00f6rpackning. Skaka den efter uppackningen s\u00e5 att den n\u00e5r sin fulla storlek. &#8211; Anv\u00e4nd inte denna produkt i n\u00e4rheten av v\u00e4rmek\u00e4llor \u00f6ver 40 \u00b0C. &#8211; Om du har golvv\u00e4rme, anv\u00e4nd en extra underl\u00e4ggsmadrass.<\/p>\n","protected":false},"excerpt":{"rendered":"<p>Feandrea hundb\u00e4dd, kattb\u00e4dd, donut, \u00d8 60 cm, m\u00f6rkgr\u00e5 PGW060G02<\/p>\n","protected":false},"featured_media":45395,"comment_status":"open","ping_status":"closed","template":"","meta":[],"product_brand":[],"product_cat":[33],"product_tag":[],"class_list":{"0":"post-18377","1":"product","2":"type-product","3":"status-publish","4":"has-post-thumbnail","6":"product_cat-okategoriserad","8":"first","9":"instock","10":"shipping-taxable","11":"purchasable","12":"product-type-simple"},"_links":{"self":[{"href":"https:\/\/nordicmart.andreevmaster.com\/sv\/wp-json\/wp\/v2\/product\/18377","targetHints":{"allow":["GET"]}}],"collection":[{"href":"https:\/\/nordicmart.andreevmaster.com\/sv\/wp-json\/wp\/v2\/product"}],"about":[{"href":"https:\/\/nordicmart.andreevmaster.com\/sv\/wp-json\/wp\/v2\/types\/product"}],"replies":[{"embeddable":true,"href":"https:\/\/nordicmart.andreevmaster.com\/sv\/wp-json\/wp\/v2\/comments?post=18377"}],"wp:featuredmedia":[{"embeddable":true,"href":"https:\/\/nordicmart.andreevmaster.com\/sv\/wp-json\/wp\/v2\/media\/45395"}],"wp:attachment":[{"href":"https:\/\/nordicmart.andreevmaster.com\/sv\/wp-json\/wp\/v2\/media?parent=18377"}],"wp:term":[{"taxonomy":"product_brand","embeddable":true,"href":"https:\/\/nordicmart.andreevmaster.com\/sv\/wp-json\/wp\/v2\/product_brand?post=18377"},{"taxonomy":"product_cat","embeddable":true,"href":"https:\/\/nordicmart.andreevmaster.com\/sv\/wp-json\/wp\/v2\/product_cat?post=18377"},{"taxonomy":"product_tag","embeddable":true,"href":"https:\/\/nordicmart.andreevmaster.com\/sv\/wp-json\/wp\/v2\/product_tag?post=18377"}],"curies":[{"name":"wp","href":"https:\/\/api.w.org\/{rel}","templated":true}]}}