{"id":18369,"date":"2026-02-27T00:39:34","date_gmt":"2026-02-27T00:39:34","guid":{"rendered":"https:\/\/nordicmart.andreevmaster.com\/product\/feandrea-hundbadd-med-tvattbart-overdrag\/"},"modified":"2026-02-27T08:28:11","modified_gmt":"2026-02-27T08:28:11","slug":"feandrea-hundbadd-med-tvattbart-overdrag","status":"publish","type":"product","link":"https:\/\/nordicmart.andreevmaster.com\/sv\/produkt\/feandrea-hundbadd-med-tvattbart-overdrag\/","title":{"rendered":"Feandrea hundb\u00e4dd med tv\u00e4ttbart \u00f6verdrag"},"content":{"rendered":"<p>Produktdetaljer: F\u00e4rg: M\u00f6rkgr\u00e5 Material: Imitation av mocka, plysch Storlek: 50 x 18 cm (\u00d8 x H) Vikt: 1 kg Leveransomfattning: 1 x hundb\u00e4dd FEANDREA Anm\u00e4rkningar: Kontrollera f\u00f6re k\u00f6pet att produktens storlek passar ditt husdjur.Produkter med s\u00f6mmar kan avvika 2\u20133 cm fr\u00e5n de m\u00e5tt vi anger. Denna produkt levereras i en vakuumf\u00f6rpackning. Skaka den efter uppackningen s\u00e5 att den n\u00e5r sin fulla storlek. Anv\u00e4nd inte denna produkt i n\u00e4rheten av v\u00e4rmek\u00e4llor \u00f6ver 40 \u00b0C. Om du har golvv\u00e4rme, anv\u00e4nd en extra underl\u00e4gg.<\/p>\n","protected":false},"excerpt":{"rendered":"<p>Feandrea Hundb\u00e4dd, kattb\u00e4dd, Donut, \u00d8 50 cm, ljusgr\u00e5 PGW050G01<\/p>\n","protected":false},"featured_media":45387,"comment_status":"open","ping_status":"closed","template":"","meta":[],"product_brand":[],"product_cat":[33],"product_tag":[],"class_list":{"0":"post-18369","1":"product","2":"type-product","3":"status-publish","4":"has-post-thumbnail","6":"product_cat-okategoriserad","8":"first","9":"instock","10":"shipping-taxable","11":"purchasable","12":"product-type-simple"},"_links":{"self":[{"href":"https:\/\/nordicmart.andreevmaster.com\/sv\/wp-json\/wp\/v2\/product\/18369","targetHints":{"allow":["GET"]}}],"collection":[{"href":"https:\/\/nordicmart.andreevmaster.com\/sv\/wp-json\/wp\/v2\/product"}],"about":[{"href":"https:\/\/nordicmart.andreevmaster.com\/sv\/wp-json\/wp\/v2\/types\/product"}],"replies":[{"embeddable":true,"href":"https:\/\/nordicmart.andreevmaster.com\/sv\/wp-json\/wp\/v2\/comments?post=18369"}],"wp:featuredmedia":[{"embeddable":true,"href":"https:\/\/nordicmart.andreevmaster.com\/sv\/wp-json\/wp\/v2\/media\/45387"}],"wp:attachment":[{"href":"https:\/\/nordicmart.andreevmaster.com\/sv\/wp-json\/wp\/v2\/media?parent=18369"}],"wp:term":[{"taxonomy":"product_brand","embeddable":true,"href":"https:\/\/nordicmart.andreevmaster.com\/sv\/wp-json\/wp\/v2\/product_brand?post=18369"},{"taxonomy":"product_cat","embeddable":true,"href":"https:\/\/nordicmart.andreevmaster.com\/sv\/wp-json\/wp\/v2\/product_cat?post=18369"},{"taxonomy":"product_tag","embeddable":true,"href":"https:\/\/nordicmart.andreevmaster.com\/sv\/wp-json\/wp\/v2\/product_tag?post=18369"}],"curies":[{"name":"wp","href":"https:\/\/api.w.org\/{rel}","templated":true}]}}