{"id":18367,"date":"2026-02-27T00:39:34","date_gmt":"2026-02-27T00:39:34","guid":{"rendered":"https:\/\/nordicmart.andreevmaster.com\/product\/feandrea-hundbadd-med-vandbart-kudde-85-cm-brun\/"},"modified":"2026-02-27T08:28:11","modified_gmt":"2026-02-27T08:28:11","slug":"feandrea-hundbadd-med-vandbart-kudde-85-cm-brun","status":"publish","type":"product","link":"https:\/\/nordicmart.andreevmaster.com\/sv\/produkt\/feandrea-hundbadd-med-vandbart-kudde-85-cm-brun\/","title":{"rendered":"Feandrea hundb\u00e4dd med v\u00e4ndbart kudde 85 cm brun"},"content":{"rendered":"<p>Uppfinnarna bakom v\u00e5rt nya varum\u00e4rke FEANDREA vet att ditt husdjur spelar en mycket speciell roll i ditt liv och att du vill ge det ett s\u00e5 bekv\u00e4mt och roligt liv som m\u00f6jligt. Med detta i \u00e5tanke har de skapat bekv\u00e4ma, funktionella, snygga och framf\u00f6r allt djurv\u00e4nliga m\u00f6bler f\u00f6r husdjur, s\u00e5som den hundb\u00e4dd som visas ovan. Kvalitet eller stil? Med denna s\u00e4ng f\u00f6r husdjur beh\u00f6ver du inte st\u00e4lla dig den fr\u00e5gan, eftersom den f\u00f6renar b\u00e5da komponenterna. Det robusta Oxford-tyget p\u00e5 utsidan t\u00e5l \u00e4ven h\u00e5rdare kl\u00f6sningar, men tack vare det eleganta bruna tyget \u00e4r hundsoffan samtidigt en stilfull inredningsdetalj. Till detta bidrar \u00e4ven det ljusa v\u00e4ndbara kudden i fleece, som bildar en effektfull kontrast till det m\u00f6rkare bruna yttertyget.En trygg plats Tack vare de upph\u00f6jda kanterna p\u00e5 denna hundkorg k\u00e4nner sig din fyrbenta v\u00e4n helt skyddad. Framf\u00f6r allt drag och kyla fr\u00e5n golvet h\u00e5lls borta tack vare de h\u00f6ga v\u00e4ggarna och den utm\u00e4rkta stoppningen. Saknar din hund fortfarande en mysig s\u00e4ng? Best\u00e4ll d\u00e5 denna hundkorg f\u00f6r djur upp till 30 kg. Produktdetaljer: &#8211; F\u00e4rg: brun-beige &#8211; Material: 150D Oxford-tyg, fleece, polypropylen-fyllning &#8211; Storlek: 85 x 65 x 21 cm (L x B x H) &#8211; Vikt: 1,7 kg Leveransomfattning: &#8211; 1 x hundb\u00e4dd FEANDREA Anm\u00e4rkningar: &#8211; Uts\u00e4tt inte produkten f\u00f6r direkt solljus och placera den inte i en fuktig milj\u00f6. &#8211; Hundb\u00e4dden \u00e4r inte ett tuggleksak f\u00f6r dina fyrbenta v\u00e4nner; se till att din hund inte tuggar p\u00e5 b\u00e4dden. &#8211; V\u00e5r hundb\u00e4dd \u00e4r hopvikt f\u00f6r f\u00f6rpacknings\u00e4ndam\u00e5l. Det kan d\u00e4rf\u00f6r ta 2\u20133 dagar innan den \u00e5terf\u00e5r sin normala form. P\u00e5 grund av s\u00f6msm\u00e5nen kan produkter av denna typ avvika upp till 3 cm fr\u00e5n de m\u00e5tt vi anger.<\/p>\n","protected":false},"excerpt":{"rendered":"<p>Feandrea hundb\u00e4dd, hundkorg med v\u00e4ndbart kudde, 85 x 65 x 21 cm, brun PGW04Z<\/p>\n","protected":false},"featured_media":45385,"comment_status":"open","ping_status":"closed","template":"","meta":[],"product_brand":[],"product_cat":[33],"product_tag":[],"class_list":{"0":"post-18367","1":"product","2":"type-product","3":"status-publish","4":"has-post-thumbnail","6":"product_cat-okategoriserad","8":"first","9":"instock","10":"shipping-taxable","11":"purchasable","12":"product-type-simple"},"_links":{"self":[{"href":"https:\/\/nordicmart.andreevmaster.com\/sv\/wp-json\/wp\/v2\/product\/18367","targetHints":{"allow":["GET"]}}],"collection":[{"href":"https:\/\/nordicmart.andreevmaster.com\/sv\/wp-json\/wp\/v2\/product"}],"about":[{"href":"https:\/\/nordicmart.andreevmaster.com\/sv\/wp-json\/wp\/v2\/types\/product"}],"replies":[{"embeddable":true,"href":"https:\/\/nordicmart.andreevmaster.com\/sv\/wp-json\/wp\/v2\/comments?post=18367"}],"wp:featuredmedia":[{"embeddable":true,"href":"https:\/\/nordicmart.andreevmaster.com\/sv\/wp-json\/wp\/v2\/media\/45385"}],"wp:attachment":[{"href":"https:\/\/nordicmart.andreevmaster.com\/sv\/wp-json\/wp\/v2\/media?parent=18367"}],"wp:term":[{"taxonomy":"product_brand","embeddable":true,"href":"https:\/\/nordicmart.andreevmaster.com\/sv\/wp-json\/wp\/v2\/product_brand?post=18367"},{"taxonomy":"product_cat","embeddable":true,"href":"https:\/\/nordicmart.andreevmaster.com\/sv\/wp-json\/wp\/v2\/product_cat?post=18367"},{"taxonomy":"product_tag","embeddable":true,"href":"https:\/\/nordicmart.andreevmaster.com\/sv\/wp-json\/wp\/v2\/product_tag?post=18367"}],"curies":[{"name":"wp","href":"https:\/\/api.w.org\/{rel}","templated":true}]}}