{"id":18365,"date":"2026-02-27T00:39:33","date_gmt":"2026-02-27T00:39:33","guid":{"rendered":"https:\/\/nordicmart.andreevmaster.com\/product\/hundeseng-85-x-65-x-21-cm-2\/"},"modified":"2026-02-27T08:28:10","modified_gmt":"2026-02-27T08:28:10","slug":"hundeseng-85-x-65-x-21-cm-2","status":"publish","type":"product","link":"https:\/\/nordicmart.andreevmaster.com\/sv\/produkt\/hundeseng-85-x-65-x-21-cm-2\/","title":{"rendered":"Hundeseng 85 x 65 x 21 cm"},"content":{"rendered":"<p>Med denna hunds\u00e4ng \u00e4r det inte en fr\u00e5ga om kvalitet eller stil, f\u00f6r den kombinerar b\u00e5da delarna. Det robusta Oxford-tyget p\u00e5 utsidan t\u00e5l \u00e4ven de h\u00e5rdaste tassarna, men det eleganta svarta tyget g\u00f6r ocks\u00e5 hundsoffan till en stilfull m\u00f6bel. En s\u00e4ker plats De upph\u00f6jda kanterna p\u00e5 denna hundkorg s\u00e4kerst\u00e4ller att din fyrbenta v\u00e4n k\u00e4nner sig v\u00e4l skyddad hela v\u00e4gen runt. Framf\u00f6r allt h\u00e5lls drag och kalla golv ute tack vare de h\u00f6ga v\u00e4ggarna och den utm\u00e4rkta stoppningen. Saknar din hund fortfarande en mysig s\u00e4ng? &#8211; Ge den d\u00e5 denna hundkorg f\u00f6r djur som v\u00e4ger upp till 30 kg i present. Produktdetaljer:- F\u00e4rg: svart- Material: 150D Oxford-tyg, fleece, polypropenfyllning- Storlek: 80 x 65 x 20 cm (L x B x H) &#8211; Vikt: 1,7 kg Leveransomfattning: &#8211; 1 x FEANDREA hunds\u00e4ng Anm\u00e4rkningar: &#8211; Uts\u00e4tt inte produkten f\u00f6r direkt solljus och placera den inte i en fuktig milj\u00f6. Produkten f\u00e5r inte komma i kontakt med vassa f\u00f6rem\u00e5l.- Det rekommenderas att tv\u00e4tta detta produkt f\u00f6r hand. &#8211; Hundb\u00e4dden \u00e4r inte ett tuggleksak f\u00f6r dina fyrbenta v\u00e4nner; undvik att din hund biter i b\u00e4dden. &#8211; V\u00e5r hundb\u00e4dd \u00e4r hopvikt av h\u00e4nsyn till f\u00f6rpackningen. Det \u00e4r d\u00e4rf\u00f6r m\u00f6jligt att den f\u00f6rst \u00e5terg\u00e5r till sin normala form efter 2-3 dagar. P\u00e5 grund av s\u00f6mrummet kan produkter av denna typ avvika med upp till 3 cm fr\u00e5n de m\u00e5tt vi har angett. &#8211; Anv\u00e4nd inte detta produkt i n\u00e4rheten av v\u00e4rmek\u00e4llor \u00f6ver 40 \u00b0C. Om du har golvv\u00e4rme m\u00e5ste du ocks\u00e5 anv\u00e4nda ett underlag.<\/p>\n","protected":false},"excerpt":{"rendered":"<p>Med denna hunds\u00e4ng \u00e4r det inte en fr\u00e5ga om kvalitet eller stil, f\u00f6r den kombinerar b\u00e5da delarna. Det robusta Oxford-tyget p\u00e5 utsidan t\u00e5l \u00e4ven de h\u00e5rdaste tassarna, men det eleganta svarta tyget g\u00f6r ocks\u00e5 hundsoffan till en stilfull m\u00f6bel. En s\u00e4ker plats De upph\u00f6jda kanterna p\u00e5 denna hundkorg s\u00e4kerst\u00e4ller att din fyrbenta v\u00e4n k\u00e4nner sig [&hellip;]<\/p>\n","protected":false},"featured_media":0,"comment_status":"open","ping_status":"closed","template":"","meta":[],"product_brand":[],"product_cat":[33],"product_tag":[],"class_list":{"0":"post-18365","1":"product","2":"type-product","3":"status-publish","5":"product_cat-okategoriserad","7":"first","8":"instock","9":"shipping-taxable","10":"product-type-simple"},"_links":{"self":[{"href":"https:\/\/nordicmart.andreevmaster.com\/sv\/wp-json\/wp\/v2\/product\/18365","targetHints":{"allow":["GET"]}}],"collection":[{"href":"https:\/\/nordicmart.andreevmaster.com\/sv\/wp-json\/wp\/v2\/product"}],"about":[{"href":"https:\/\/nordicmart.andreevmaster.com\/sv\/wp-json\/wp\/v2\/types\/product"}],"replies":[{"embeddable":true,"href":"https:\/\/nordicmart.andreevmaster.com\/sv\/wp-json\/wp\/v2\/comments?post=18365"}],"wp:attachment":[{"href":"https:\/\/nordicmart.andreevmaster.com\/sv\/wp-json\/wp\/v2\/media?parent=18365"}],"wp:term":[{"taxonomy":"product_brand","embeddable":true,"href":"https:\/\/nordicmart.andreevmaster.com\/sv\/wp-json\/wp\/v2\/product_brand?post=18365"},{"taxonomy":"product_cat","embeddable":true,"href":"https:\/\/nordicmart.andreevmaster.com\/sv\/wp-json\/wp\/v2\/product_cat?post=18365"},{"taxonomy":"product_tag","embeddable":true,"href":"https:\/\/nordicmart.andreevmaster.com\/sv\/wp-json\/wp\/v2\/product_tag?post=18365"}],"curies":[{"name":"wp","href":"https:\/\/api.w.org\/{rel}","templated":true}]}}