{"id":18360,"date":"2026-02-27T00:39:31","date_gmt":"2026-02-27T00:39:31","guid":{"rendered":"https:\/\/nordicmart.andreevmaster.com\/product\/feandrea-fluffig-hundbadd-o-120-cm-ljusgra\/"},"modified":"2026-02-27T08:28:08","modified_gmt":"2026-02-27T08:28:08","slug":"feandrea-fluffig-hundbadd-o-120-cm-ljusgra","status":"publish","type":"product","link":"https:\/\/nordicmart.andreevmaster.com\/sv\/produkt\/feandrea-fluffig-hundbadd-o-120-cm-ljusgra\/","title":{"rendered":"Feandrea Fluffig hundb\u00e4dd \u00d8 120 cm ljusgr\u00e5"},"content":{"rendered":"<p>Feandrea hundb\u00e4dd, kattb\u00e4dd, mjuk PV-samytta, 50 cm, gr\u00e5 PGW037G01<br \/>\nF\u00e4rg: Ljusgr\u00e5<br \/>\nMaterial: plysch, PP-fyllning<br \/>\nStorlek: 120 x 20 cm (\u00d8 x H)<br \/>\nVikt: 3,2 kg<\/p>\n","protected":false},"excerpt":{"rendered":"<p>Feandrea hundb\u00e4dd, kattb\u00e4dd, mjuk PV-samytta, 50 cm, gr\u00e5 PGW037G01<\/p>\n","protected":false},"featured_media":45379,"comment_status":"open","ping_status":"closed","template":"","meta":[],"product_brand":[],"product_cat":[33],"product_tag":[],"class_list":{"0":"post-18360","1":"product","2":"type-product","3":"status-publish","4":"has-post-thumbnail","6":"product_cat-okategoriserad","8":"first","9":"instock","10":"shipping-taxable","11":"purchasable","12":"product-type-simple"},"_links":{"self":[{"href":"https:\/\/nordicmart.andreevmaster.com\/sv\/wp-json\/wp\/v2\/product\/18360","targetHints":{"allow":["GET"]}}],"collection":[{"href":"https:\/\/nordicmart.andreevmaster.com\/sv\/wp-json\/wp\/v2\/product"}],"about":[{"href":"https:\/\/nordicmart.andreevmaster.com\/sv\/wp-json\/wp\/v2\/types\/product"}],"replies":[{"embeddable":true,"href":"https:\/\/nordicmart.andreevmaster.com\/sv\/wp-json\/wp\/v2\/comments?post=18360"}],"wp:featuredmedia":[{"embeddable":true,"href":"https:\/\/nordicmart.andreevmaster.com\/sv\/wp-json\/wp\/v2\/media\/45379"}],"wp:attachment":[{"href":"https:\/\/nordicmart.andreevmaster.com\/sv\/wp-json\/wp\/v2\/media?parent=18360"}],"wp:term":[{"taxonomy":"product_brand","embeddable":true,"href":"https:\/\/nordicmart.andreevmaster.com\/sv\/wp-json\/wp\/v2\/product_brand?post=18360"},{"taxonomy":"product_cat","embeddable":true,"href":"https:\/\/nordicmart.andreevmaster.com\/sv\/wp-json\/wp\/v2\/product_cat?post=18360"},{"taxonomy":"product_tag","embeddable":true,"href":"https:\/\/nordicmart.andreevmaster.com\/sv\/wp-json\/wp\/v2\/product_tag?post=18360"}],"curies":[{"name":"wp","href":"https:\/\/api.w.org\/{rel}","templated":true}]}}