{"id":18356,"date":"2026-02-27T00:39:29","date_gmt":"2026-02-27T00:39:29","guid":{"rendered":"https:\/\/nordicmart.andreevmaster.com\/product\/feandrea-fluffig-c-o-100-cm\/"},"modified":"2026-02-27T08:28:07","modified_gmt":"2026-02-27T08:28:07","slug":"feandrea-fluffig-c-o-100-cm","status":"publish","type":"product","link":"https:\/\/nordicmart.andreevmaster.com\/sv\/produkt\/feandrea-fluffig-c-o-100-cm\/","title":{"rendered":"Feandrea Fluffig c \u00d8 100 cm"},"content":{"rendered":"<p>Produktdetaljer: F\u00e4rg: Ljusgr\u00e5 Material: Plush, PP-fyllning Storlek: 100 x 20 cm (\u00d8 x H) Vikt: 2,7 kg Leveransomfattning: 1 x hundb\u00e4dd FEANDREA Anm\u00e4rkningar: Sydda produkter kan ha en storleksavvikelse p\u00e5 2-3 cm. M\u00e4t ditt husdjur f\u00f6r att s\u00e4kerst\u00e4lla att denna kattkorg passar dess storlek. Hundsoffan levereras i en vakuumf\u00f6rpackning. Du kan skaka och fluffa upp den f\u00f6r att anv\u00e4nda den direkt, men den blir \u00e4nnu fluffigare om du l\u00e5ter den st\u00e5 i 48 timmar tills den har n\u00e5tt sin fulla storlek.Skaka kattkudden efter reng\u00f6ring s\u00e5 att den \u00e5terf\u00e5r sin ursprungliga form. H\u00e5ll hundkudden borta fr\u00e5n v\u00e4rmek\u00e4llor med en temperatur p\u00e5 40 \u2103 eller mer, t.ex. radiatorer. Om du anv\u00e4nder golvv\u00e4rme, placera hundkorgen p\u00e5 mattan.<\/p>\n","protected":false},"excerpt":{"rendered":"<p>Feandrea hundb\u00e4dd, kattb\u00e4dd, mjuk PV-samytta, 50 cm, gr\u00e5 PGW037G01<\/p>\n","protected":false},"featured_media":45375,"comment_status":"open","ping_status":"closed","template":"","meta":[],"product_brand":[],"product_cat":[33],"product_tag":[],"class_list":{"0":"post-18356","1":"product","2":"type-product","3":"status-publish","4":"has-post-thumbnail","6":"product_cat-okategoriserad","8":"first","9":"instock","10":"shipping-taxable","11":"purchasable","12":"product-type-simple"},"_links":{"self":[{"href":"https:\/\/nordicmart.andreevmaster.com\/sv\/wp-json\/wp\/v2\/product\/18356","targetHints":{"allow":["GET"]}}],"collection":[{"href":"https:\/\/nordicmart.andreevmaster.com\/sv\/wp-json\/wp\/v2\/product"}],"about":[{"href":"https:\/\/nordicmart.andreevmaster.com\/sv\/wp-json\/wp\/v2\/types\/product"}],"replies":[{"embeddable":true,"href":"https:\/\/nordicmart.andreevmaster.com\/sv\/wp-json\/wp\/v2\/comments?post=18356"}],"wp:featuredmedia":[{"embeddable":true,"href":"https:\/\/nordicmart.andreevmaster.com\/sv\/wp-json\/wp\/v2\/media\/45375"}],"wp:attachment":[{"href":"https:\/\/nordicmart.andreevmaster.com\/sv\/wp-json\/wp\/v2\/media?parent=18356"}],"wp:term":[{"taxonomy":"product_brand","embeddable":true,"href":"https:\/\/nordicmart.andreevmaster.com\/sv\/wp-json\/wp\/v2\/product_brand?post=18356"},{"taxonomy":"product_cat","embeddable":true,"href":"https:\/\/nordicmart.andreevmaster.com\/sv\/wp-json\/wp\/v2\/product_cat?post=18356"},{"taxonomy":"product_tag","embeddable":true,"href":"https:\/\/nordicmart.andreevmaster.com\/sv\/wp-json\/wp\/v2\/product_tag?post=18356"}],"curies":[{"name":"wp","href":"https:\/\/api.w.org\/{rel}","templated":true}]}}