{"id":18354,"date":"2026-02-27T00:39:29","date_gmt":"2026-02-27T00:39:29","guid":{"rendered":"https:\/\/nordicmart.andreevmaster.com\/product\/feandrea-hundbadd-fluffig-med-donutkudde-ombre-khaki\/"},"modified":"2026-02-27T08:28:07","modified_gmt":"2026-02-27T08:28:07","slug":"feandrea-hundbadd-fluffig-med-donutkudde-ombre-khaki","status":"publish","type":"product","link":"https:\/\/nordicmart.andreevmaster.com\/sv\/produkt\/feandrea-hundbadd-fluffig-med-donutkudde-ombre-khaki\/","title":{"rendered":"Feandrea hundb\u00e4dd fluffig med donutkudde ombr\u00e9-khaki"},"content":{"rendered":"<p>Feandrea hundb\u00e4dd, kattb\u00e4dd, mjuk PV-samytta, 50 cm, gr\u00e5 PGW037G01<br \/>\nF\u00e4rg: se bilder Ombr\u00e9-khaki.<br \/>\nMaterial: plyschtyg, PP-bomull.<br \/>\nM\u00e5tt: 90 x 20 cm (diameter x h\u00f6jd).<br \/>\nVikt: 2,1 kg<\/p>\n","protected":false},"excerpt":{"rendered":"<p>Feandrea hundb\u00e4dd, kattb\u00e4dd, mjuk PV-samytta, 50 cm, gr\u00e5 PGW037G01<\/p>\n","protected":false},"featured_media":45373,"comment_status":"open","ping_status":"closed","template":"","meta":[],"product_brand":[],"product_cat":[33],"product_tag":[],"class_list":{"0":"post-18354","1":"product","2":"type-product","3":"status-publish","4":"has-post-thumbnail","6":"product_cat-okategoriserad","8":"first","9":"instock","10":"shipping-taxable","11":"purchasable","12":"product-type-simple"},"_links":{"self":[{"href":"https:\/\/nordicmart.andreevmaster.com\/sv\/wp-json\/wp\/v2\/product\/18354","targetHints":{"allow":["GET"]}}],"collection":[{"href":"https:\/\/nordicmart.andreevmaster.com\/sv\/wp-json\/wp\/v2\/product"}],"about":[{"href":"https:\/\/nordicmart.andreevmaster.com\/sv\/wp-json\/wp\/v2\/types\/product"}],"replies":[{"embeddable":true,"href":"https:\/\/nordicmart.andreevmaster.com\/sv\/wp-json\/wp\/v2\/comments?post=18354"}],"wp:featuredmedia":[{"embeddable":true,"href":"https:\/\/nordicmart.andreevmaster.com\/sv\/wp-json\/wp\/v2\/media\/45373"}],"wp:attachment":[{"href":"https:\/\/nordicmart.andreevmaster.com\/sv\/wp-json\/wp\/v2\/media?parent=18354"}],"wp:term":[{"taxonomy":"product_brand","embeddable":true,"href":"https:\/\/nordicmart.andreevmaster.com\/sv\/wp-json\/wp\/v2\/product_brand?post=18354"},{"taxonomy":"product_cat","embeddable":true,"href":"https:\/\/nordicmart.andreevmaster.com\/sv\/wp-json\/wp\/v2\/product_cat?post=18354"},{"taxonomy":"product_tag","embeddable":true,"href":"https:\/\/nordicmart.andreevmaster.com\/sv\/wp-json\/wp\/v2\/product_tag?post=18354"}],"curies":[{"name":"wp","href":"https:\/\/api.w.org\/{rel}","templated":true}]}}