{"id":18346,"date":"2026-02-27T00:39:26","date_gmt":"2026-02-27T00:39:26","guid":{"rendered":"https:\/\/nordicmart.andreevmaster.com\/product\/feandrea-hundbadd-oxfordtyg-65-cm-brun\/"},"modified":"2026-02-27T08:28:04","modified_gmt":"2026-02-27T08:28:04","slug":"feandrea-hundbadd-oxfordtyg-65-cm-brun","status":"publish","type":"product","link":"https:\/\/nordicmart.andreevmaster.com\/sv\/produkt\/feandrea-hundbadd-oxfordtyg-65-cm-brun\/","title":{"rendered":"Feandrea hundb\u00e4dd Oxfordtyg 65 cm brun"},"content":{"rendered":"<p>Skaparna av v\u00e5rt nya varum\u00e4rke FEANDREA vet att ditt husdjur spelar en mycket speciell roll i ditt liv och att du vill ge det ett s\u00e5 bekv\u00e4mt och roligt liv som m\u00f6jligt. Kvalitet eller stil? Med denna hunds\u00e4ng beh\u00f6ver du inte v\u00e4lja, eftersom den kombinerar b\u00e5da komponenterna. Det robusta oxfordtyget p\u00e5 utsidan t\u00e5l \u00e4ven h\u00e5rdare tasskl\u00f6sningar, men tack vare det eleganta bruna tyget \u00e4r hundsoffan samtidigt en stilfull inredningsdetalj. Till detta bidrar \u00e4ven det ljusa v\u00e4ndbara fleecetyget, som bildar en effektfull kontrast till det m\u00f6rkare bruna yttertyget. Tack vare de upph\u00f6jda kanterna p\u00e5 denna hundkorg k\u00e4nner sig din fyrbenta v\u00e4n helt skyddad. Produktdetaljer: &#8211; F\u00e4rg: Brun, beige &#8211; Material: 500D Oxford-tyg, fleece, polypropylen-fyllning &#8211; Ytterm\u00e5tt: 75 x 58 x 21 cm (L x B x H) &#8211; Innerm\u00e5tt: 57 x 40 cm &#8211; Nettovikt: 1,25 kg Leveransomfattning: &#8211; 1 x hundb\u00e4dd FEANDREA Anvisningar: &#8211; Uts\u00e4tt inte produkten f\u00f6r direkt solljus och placera den inte i en fuktig milj\u00f6. &#8211; \u00d6verdraget \u00e4r inte avtagbart och tv\u00e4ttbart. Skaka av det eller torka av det med en v\u00e5t trasa om det blir smutsigt. &#8211; Hundb\u00e4dden \u00e4r inte ett tuggleksak f\u00f6r dina fyrbenta v\u00e4nner. Se till att din hund inte tuggar p\u00e5 b\u00e4dden.- Observera att textiletiketten p\u00e5 denna produkt har ersatts med en h\u00f6gkvalitativ etikett i konstl\u00e4der och att tassm\u00f6nstret i det nedre h\u00f6gra h\u00f6rnet har tagits bort. Det \u00e4r d\u00e4rf\u00f6r m\u00f6jligt att du f\u00e5r den gamla modellen eller den nya varianten. Leveransen av den ena eller andra modellen sker slumpm\u00e4ssigt.<\/p>\n","protected":false},"excerpt":{"rendered":"<p>Feandrea hundb\u00e4dd, hundkorg med v\u00e4ndbart kudde, 65 x 55 x 20 cm, brun PGW03Z<\/p>\n","protected":false},"featured_media":45365,"comment_status":"open","ping_status":"closed","template":"","meta":[],"product_brand":[],"product_cat":[33],"product_tag":[],"class_list":{"0":"post-18346","1":"product","2":"type-product","3":"status-publish","4":"has-post-thumbnail","6":"product_cat-okategoriserad","8":"first","9":"instock","10":"shipping-taxable","11":"purchasable","12":"product-type-simple"},"_links":{"self":[{"href":"https:\/\/nordicmart.andreevmaster.com\/sv\/wp-json\/wp\/v2\/product\/18346","targetHints":{"allow":["GET"]}}],"collection":[{"href":"https:\/\/nordicmart.andreevmaster.com\/sv\/wp-json\/wp\/v2\/product"}],"about":[{"href":"https:\/\/nordicmart.andreevmaster.com\/sv\/wp-json\/wp\/v2\/types\/product"}],"replies":[{"embeddable":true,"href":"https:\/\/nordicmart.andreevmaster.com\/sv\/wp-json\/wp\/v2\/comments?post=18346"}],"wp:featuredmedia":[{"embeddable":true,"href":"https:\/\/nordicmart.andreevmaster.com\/sv\/wp-json\/wp\/v2\/media\/45365"}],"wp:attachment":[{"href":"https:\/\/nordicmart.andreevmaster.com\/sv\/wp-json\/wp\/v2\/media?parent=18346"}],"wp:term":[{"taxonomy":"product_brand","embeddable":true,"href":"https:\/\/nordicmart.andreevmaster.com\/sv\/wp-json\/wp\/v2\/product_brand?post=18346"},{"taxonomy":"product_cat","embeddable":true,"href":"https:\/\/nordicmart.andreevmaster.com\/sv\/wp-json\/wp\/v2\/product_cat?post=18346"},{"taxonomy":"product_tag","embeddable":true,"href":"https:\/\/nordicmart.andreevmaster.com\/sv\/wp-json\/wp\/v2\/product_tag?post=18346"}],"curies":[{"name":"wp","href":"https:\/\/api.w.org\/{rel}","templated":true}]}}