{"id":18344,"date":"2026-02-27T00:39:25","date_gmt":"2026-02-27T00:39:25","guid":{"rendered":"https:\/\/nordicmart.andreevmaster.com\/product\/hundeseng-med-sort-betraek-2\/"},"modified":"2026-02-27T08:28:04","modified_gmt":"2026-02-27T08:28:04","slug":"hundeseng-med-sort-betraek-2","status":"publish","type":"product","link":"https:\/\/nordicmart.andreevmaster.com\/sv\/produkt\/hundeseng-med-sort-betraek-2\/","title":{"rendered":"Hundeseng med sort betr\u00e6k"},"content":{"rendered":"<p>Med denne hundeseng er det ikke et sp\u00f8rgsm\u00e5l om kvalitet eller stil, for den kombinerer begge dele. Det robuste Oxford-stof p\u00e5 ydersiden kan modst\u00e5 selv de h\u00e5rdeste poter, men det elegante sorte stof g\u00f8r ogs\u00e5 hundesofaen til et stilfuldt m\u00f8bel. En s\u00e4ker plats De upph\u00f6jda kanterna p\u00e5 denna hundkorg s\u00e4kerst\u00e4ller att din fyrbenta v\u00e4n k\u00e4nner sig v\u00e4l skyddad hela v\u00e4gen runt. Framf\u00f6r allt h\u00e5lls drag eller kalla golv ute tack vare de h\u00f6ga v\u00e4ggarna och den utm\u00e4rkta stoppningen. Saknar din hund fortfarande en mysig s\u00e4ng? &#8211; Ge den d\u00e5 denna hundkorg f\u00f6r djur upp till 15 kg i present. Produktdetaljer:- F\u00e4rg: svart- Material: 150D Oxford-tyg, fleece, polypropenfyllning- Storlek: 65 x 55 x 20 cm (L x B x H) &#8211; Vikt: 1,3 kg Leveransomfattning: &#8211; 1 x hunds\u00e4ng FEANDREA Anm\u00e4rkningar: &#8211; Uts\u00e4tt inte produkten f\u00f6r direkt solljus och placera den inte i en fuktig milj\u00f6. Produkten f\u00e5r inte komma i kontakt med vassa f\u00f6rem\u00e5l.- Det rekommenderas att tv\u00e4tta detta produkt f\u00f6r hand.- Hundb\u00e4dden \u00e4r inte ett tuggleksak f\u00f6r dina fyrbenta v\u00e4nner; undvik att din hund biter i b\u00e4dden.- V\u00e5r hundb\u00e4dd \u00e4r hopvikt av h\u00e4nsyn till f\u00f6rpackningen. Det \u00e4r d\u00e4rf\u00f6r m\u00f6jligt att den f\u00f6rst \u00e5terg\u00e5r till sin normala form efter 2-3 dagar. P\u00e5 grund av s\u00f6mrummet kan produkter av denna typ avvika med upp till 3 cm fr\u00e5n de m\u00e5tt vi har angett. &#8211; Anv\u00e4nd inte detta produkt i n\u00e4rheten av v\u00e4rmek\u00e4llor \u00f6ver 40 \u00b0C. Om du har golvv\u00e4rme m\u00e5ste du ocks\u00e5 anv\u00e4nda ett underlag.<\/p>\n","protected":false},"excerpt":{"rendered":"<p>Med denne hundeseng er det ikke et sp\u00f8rgsm\u00e5l om kvalitet eller stil, for den kombinerer begge dele. Det robuste Oxford-stof p\u00e5 ydersiden kan modst\u00e5 selv de h\u00e5rdeste poter, men det elegante sorte stof g\u00f8r ogs\u00e5 hundesofaen til et stilfuldt m\u00f8bel. En s\u00e4ker plats De upph\u00f6jda kanterna p\u00e5 denna hundkorg s\u00e4kerst\u00e4ller att din fyrbenta v\u00e4n k\u00e4nner [&hellip;]<\/p>\n","protected":false},"featured_media":0,"comment_status":"open","ping_status":"closed","template":"","meta":[],"product_brand":[],"product_cat":[33],"product_tag":[],"class_list":{"0":"post-18344","1":"product","2":"type-product","3":"status-publish","5":"product_cat-okategoriserad","7":"first","8":"instock","9":"shipping-taxable","10":"product-type-simple"},"_links":{"self":[{"href":"https:\/\/nordicmart.andreevmaster.com\/sv\/wp-json\/wp\/v2\/product\/18344","targetHints":{"allow":["GET"]}}],"collection":[{"href":"https:\/\/nordicmart.andreevmaster.com\/sv\/wp-json\/wp\/v2\/product"}],"about":[{"href":"https:\/\/nordicmart.andreevmaster.com\/sv\/wp-json\/wp\/v2\/types\/product"}],"replies":[{"embeddable":true,"href":"https:\/\/nordicmart.andreevmaster.com\/sv\/wp-json\/wp\/v2\/comments?post=18344"}],"wp:attachment":[{"href":"https:\/\/nordicmart.andreevmaster.com\/sv\/wp-json\/wp\/v2\/media?parent=18344"}],"wp:term":[{"taxonomy":"product_brand","embeddable":true,"href":"https:\/\/nordicmart.andreevmaster.com\/sv\/wp-json\/wp\/v2\/product_brand?post=18344"},{"taxonomy":"product_cat","embeddable":true,"href":"https:\/\/nordicmart.andreevmaster.com\/sv\/wp-json\/wp\/v2\/product_cat?post=18344"},{"taxonomy":"product_tag","embeddable":true,"href":"https:\/\/nordicmart.andreevmaster.com\/sv\/wp-json\/wp\/v2\/product_tag?post=18344"}],"curies":[{"name":"wp","href":"https:\/\/api.w.org\/{rel}","templated":true}]}}