{"id":18342,"date":"2026-02-27T00:39:24","date_gmt":"2026-02-27T00:39:24","guid":{"rendered":"https:\/\/nordicmart.andreevmaster.com\/product\/feandrea-tvattbar-kattbadd-lang-plysch-rosa\/"},"modified":"2026-02-27T08:28:03","modified_gmt":"2026-02-27T08:28:03","slug":"feandrea-tvattbar-kattbadd-lang-plysch-rosa","status":"publish","type":"product","link":"https:\/\/nordicmart.andreevmaster.com\/sv\/produkt\/feandrea-tvattbar-kattbadd-lang-plysch-rosa\/","title":{"rendered":"Feandrea tv\u00e4ttbar kattb\u00e4dd L\u00e5ng plysch rosa"},"content":{"rendered":"<p>Feandrea hundb\u00e4dd, kattb\u00e4dd, mjuk PV-samtyxyta, 70 cm, gr\u00e5 PGW039G01<br \/>\nF\u00e4rg: Rosa<br \/>\nMaterial: Plush, PP-fyllning<br \/>\nStorlek: 70 x 20 cm (\u00d8 x H)<br \/>\nVikt: 1,4 kg<\/p>\n","protected":false},"excerpt":{"rendered":"<p>Feandrea hundb\u00e4dd, kattb\u00e4dd, mjuk PV-samtyxyta, 70 cm, gr\u00e5 PGW039G01<\/p>\n","protected":false},"featured_media":45362,"comment_status":"open","ping_status":"closed","template":"","meta":[],"product_brand":[],"product_cat":[33],"product_tag":[],"class_list":{"0":"post-18342","1":"product","2":"type-product","3":"status-publish","4":"has-post-thumbnail","6":"product_cat-okategoriserad","8":"first","9":"instock","10":"shipping-taxable","11":"purchasable","12":"product-type-simple"},"_links":{"self":[{"href":"https:\/\/nordicmart.andreevmaster.com\/sv\/wp-json\/wp\/v2\/product\/18342","targetHints":{"allow":["GET"]}}],"collection":[{"href":"https:\/\/nordicmart.andreevmaster.com\/sv\/wp-json\/wp\/v2\/product"}],"about":[{"href":"https:\/\/nordicmart.andreevmaster.com\/sv\/wp-json\/wp\/v2\/types\/product"}],"replies":[{"embeddable":true,"href":"https:\/\/nordicmart.andreevmaster.com\/sv\/wp-json\/wp\/v2\/comments?post=18342"}],"wp:featuredmedia":[{"embeddable":true,"href":"https:\/\/nordicmart.andreevmaster.com\/sv\/wp-json\/wp\/v2\/media\/45362"}],"wp:attachment":[{"href":"https:\/\/nordicmart.andreevmaster.com\/sv\/wp-json\/wp\/v2\/media?parent=18342"}],"wp:term":[{"taxonomy":"product_brand","embeddable":true,"href":"https:\/\/nordicmart.andreevmaster.com\/sv\/wp-json\/wp\/v2\/product_brand?post=18342"},{"taxonomy":"product_cat","embeddable":true,"href":"https:\/\/nordicmart.andreevmaster.com\/sv\/wp-json\/wp\/v2\/product_cat?post=18342"},{"taxonomy":"product_tag","embeddable":true,"href":"https:\/\/nordicmart.andreevmaster.com\/sv\/wp-json\/wp\/v2\/product_tag?post=18342"}],"curies":[{"name":"wp","href":"https:\/\/api.w.org\/{rel}","templated":true}]}}