{"id":18339,"date":"2026-02-27T00:39:23","date_gmt":"2026-02-27T00:39:23","guid":{"rendered":"https:\/\/nordicmart.andreevmaster.com\/product\/feandrea-hundbadd-70-cm-gra\/"},"modified":"2026-02-27T08:28:02","modified_gmt":"2026-02-27T08:28:02","slug":"feandrea-hundbadd-70-cm-gra","status":"publish","type":"product","link":"https:\/\/nordicmart.andreevmaster.com\/sv\/produkt\/feandrea-hundbadd-70-cm-gra\/","title":{"rendered":"Feandrea hundb\u00e4dd 70 cm gr\u00e5"},"content":{"rendered":"<p>Alltid vid din sida Var sover dina fyrbenta v\u00e4nner helst, i vardagsrummet eller i sovrummet? Eller vill de bara koppla av bredvid dig? L\u00e4gg denna hundkudde, fylld med nya, oanv\u00e4nda minnesskumflisor, bredvid ditt skrivbord s\u00e5 att din \u00e4lskling kan ligga bekv\u00e4mt bredvid dig medan du arbetar. Kvalitet eller stil? Denna s\u00f6ta, donutformade hundb\u00e4dd kompromissar inte med kvaliteten. H\u00f6gkvalitativ plysch, nya, oanv\u00e4nda minnesskumflingor, PP-stoppning, halkfri undersida, bekv\u00e4m och h\u00e5llbar \u2013 denna hundsoffa har m\u00e5nga f\u00f6rdelar. Den har ocks\u00e5 en dragkedja p\u00e5 undersidan s\u00e5 att du enkelt kan ta ut stoppningen i mitten av kudden och reng\u00f6ra resten.Denna s\u00e4ng \u00e4r l\u00e4mplig f\u00f6r sm\u00e5 och medelstora hundar eller katter och \u00e4r en utm\u00e4rkt present till dina fyrbenta v\u00e4nner. Produktdetaljer: a- F\u00e4rg: Gr\u00e5 &#8211; Material: Plush, PP-stoppning, nya, oanv\u00e4nda minnesskumflingor &#8211; Storlek: 70 x 20 cm (\u00d8 x H) &#8211; Vikt: 1,5 kg Leveransomfattning: &#8211; 1 x hundb\u00e4dd FEANDREA Anm\u00e4rkningar: &#8211; Sydda produkter kan avvika 2-3 cm fr\u00e5n de m\u00e5tt vi anger. Kontrollera f\u00f6re k\u00f6pet att produktens storlek \u00e4r l\u00e4mplig f\u00f6r ditt husdjur. &#8211; Denna produkt levereras i en vakuumf\u00f6rpackning. Skaka den efter uppackningen s\u00e5 att den n\u00e5r sin fulla storlek. &#8211; Vi rekommenderar att du tv\u00e4ttar denna produkt f\u00f6r hand eller anv\u00e4nder en dammsugare och en fuktig trasa f\u00f6r reng\u00f6ring. Skaka produkten efter reng\u00f6ring s\u00e5 att den \u00e5terg\u00e5r till sitt ursprungliga skick.<\/p>\n","protected":false},"excerpt":{"rendered":"<p>Feandrea hundb\u00e4dd, kattb\u00e4dd, mjuk PV-samtyxyta, 70 cm, gr\u00e5 PGW039G01<\/p>\n","protected":false},"featured_media":45359,"comment_status":"open","ping_status":"closed","template":"","meta":[],"product_brand":[],"product_cat":[33],"product_tag":[],"class_list":{"0":"post-18339","1":"product","2":"type-product","3":"status-publish","4":"has-post-thumbnail","6":"product_cat-okategoriserad","8":"first","9":"instock","10":"shipping-taxable","11":"purchasable","12":"product-type-simple"},"_links":{"self":[{"href":"https:\/\/nordicmart.andreevmaster.com\/sv\/wp-json\/wp\/v2\/product\/18339","targetHints":{"allow":["GET"]}}],"collection":[{"href":"https:\/\/nordicmart.andreevmaster.com\/sv\/wp-json\/wp\/v2\/product"}],"about":[{"href":"https:\/\/nordicmart.andreevmaster.com\/sv\/wp-json\/wp\/v2\/types\/product"}],"replies":[{"embeddable":true,"href":"https:\/\/nordicmart.andreevmaster.com\/sv\/wp-json\/wp\/v2\/comments?post=18339"}],"wp:featuredmedia":[{"embeddable":true,"href":"https:\/\/nordicmart.andreevmaster.com\/sv\/wp-json\/wp\/v2\/media\/45359"}],"wp:attachment":[{"href":"https:\/\/nordicmart.andreevmaster.com\/sv\/wp-json\/wp\/v2\/media?parent=18339"}],"wp:term":[{"taxonomy":"product_brand","embeddable":true,"href":"https:\/\/nordicmart.andreevmaster.com\/sv\/wp-json\/wp\/v2\/product_brand?post=18339"},{"taxonomy":"product_cat","embeddable":true,"href":"https:\/\/nordicmart.andreevmaster.com\/sv\/wp-json\/wp\/v2\/product_cat?post=18339"},{"taxonomy":"product_tag","embeddable":true,"href":"https:\/\/nordicmart.andreevmaster.com\/sv\/wp-json\/wp\/v2\/product_tag?post=18339"}],"curies":[{"name":"wp","href":"https:\/\/api.w.org\/{rel}","templated":true}]}}