{"id":18335,"date":"2026-02-27T00:39:22","date_gmt":"2026-02-27T00:39:22","guid":{"rendered":"https:\/\/nordicmart.andreevmaster.com\/product\/feandrea-kattbadd-med-60-cm-diameter-ljusbla\/"},"modified":"2026-02-27T08:28:01","modified_gmt":"2026-02-27T08:28:01","slug":"feandrea-kattbadd-med-60-cm-diameter-ljusbla","status":"publish","type":"product","link":"https:\/\/nordicmart.andreevmaster.com\/sv\/produkt\/feandrea-kattbadd-med-60-cm-diameter-ljusbla\/","title":{"rendered":"Feandrea kattb\u00e4dd med 60 cm diameter, ljusbl\u00e5"},"content":{"rendered":"<p>Feandrea hundb\u00e4dd, kattb\u00e4dd, mjuk PV-samytta, 50 cm, gr\u00e5 PGW037G01<br \/>\nF\u00e4rg: Ljusbl\u00e5<br \/>\nMaterial: plysch, PP-fyllning<br \/>\nStorlek: 60 x 20 cm (\u00d8 x H)<br \/>\nVikt: 1 kg<\/p>\n","protected":false},"excerpt":{"rendered":"<p>Feandrea hundb\u00e4dd, kattb\u00e4dd, mjuk PV-samytta, 50 cm, gr\u00e5 PGW037G01<\/p>\n","protected":false},"featured_media":45355,"comment_status":"open","ping_status":"closed","template":"","meta":[],"product_brand":[],"product_cat":[33],"product_tag":[],"class_list":{"0":"post-18335","1":"product","2":"type-product","3":"status-publish","4":"has-post-thumbnail","6":"product_cat-okategoriserad","8":"first","9":"instock","10":"shipping-taxable","11":"purchasable","12":"product-type-simple"},"_links":{"self":[{"href":"https:\/\/nordicmart.andreevmaster.com\/sv\/wp-json\/wp\/v2\/product\/18335","targetHints":{"allow":["GET"]}}],"collection":[{"href":"https:\/\/nordicmart.andreevmaster.com\/sv\/wp-json\/wp\/v2\/product"}],"about":[{"href":"https:\/\/nordicmart.andreevmaster.com\/sv\/wp-json\/wp\/v2\/types\/product"}],"replies":[{"embeddable":true,"href":"https:\/\/nordicmart.andreevmaster.com\/sv\/wp-json\/wp\/v2\/comments?post=18335"}],"wp:featuredmedia":[{"embeddable":true,"href":"https:\/\/nordicmart.andreevmaster.com\/sv\/wp-json\/wp\/v2\/media\/45355"}],"wp:attachment":[{"href":"https:\/\/nordicmart.andreevmaster.com\/sv\/wp-json\/wp\/v2\/media?parent=18335"}],"wp:term":[{"taxonomy":"product_brand","embeddable":true,"href":"https:\/\/nordicmart.andreevmaster.com\/sv\/wp-json\/wp\/v2\/product_brand?post=18335"},{"taxonomy":"product_cat","embeddable":true,"href":"https:\/\/nordicmart.andreevmaster.com\/sv\/wp-json\/wp\/v2\/product_cat?post=18335"},{"taxonomy":"product_tag","embeddable":true,"href":"https:\/\/nordicmart.andreevmaster.com\/sv\/wp-json\/wp\/v2\/product_tag?post=18335"}],"curies":[{"name":"wp","href":"https:\/\/api.w.org\/{rel}","templated":true}]}}