{"id":18322,"date":"2026-02-27T00:39:17","date_gmt":"2026-02-27T00:39:17","guid":{"rendered":"https:\/\/nordicmart.andreevmaster.com\/product\/feandrea-hundbadd-med-hog-kant-83-x-63-x-27-cm\/"},"modified":"2026-02-27T08:27:58","modified_gmt":"2026-02-27T08:27:58","slug":"feandrea-hundbadd-med-hog-kant-83-x-63-x-27-cm","status":"publish","type":"product","link":"https:\/\/nordicmart.andreevmaster.com\/sv\/produkt\/feandrea-hundbadd-med-hog-kant-83-x-63-x-27-cm\/","title":{"rendered":"Feandrea hundb\u00e4dd med h\u00f6g kant 83 x 63 x 27 cm"},"content":{"rendered":"<p>Hoppa, hoppa, in i korgen! Med denna runda hunds\u00e4ng f\u00e5r din fyrbenta v\u00e4n en mysig plats att dra sig tillbaka till, d\u00e4r han kan vila och sova. Korgen, som m\u00e4ter 83 x 63 x 27 cm, \u00e4r s\u00e4rskilt l\u00e4mplig f\u00f6r medelstora hundraser som chow chows, australian shepherds eller beagles. V\u00e4nd den, tack! Hundb\u00e4dden har n\u00e5gra sm\u00e5 finesser: Kudden kan tas av och v\u00e4ndas, s\u00e5 att din hund kan mysa mot antingen imiterat linne eller plysch. \u00d6verdraget p\u00e5 kudden \u00e4r dessutom avtagbart, s\u00e5 att du enkelt kan tv\u00e4tta det i maskinen. Dessutom har hundkorgen en h\u00f6g kant som omger din fyrbenta v\u00e4n p\u00e5 ett s\u00e4kert s\u00e4tt. Produktdetaljer: &#8211; F\u00e4rg: brun &#8211; Material: imiterat linne, plysch, PP-fyllning (polypropen) &#8211; Storlek: 83 x 63 x 27 cm (L x B x H) &#8211; Vikt: 1,5 kg Leveransomfattning: &#8211; 1 x hundb\u00e4dd<\/p>\n","protected":false},"excerpt":{"rendered":"<p>Feandrea hundb\u00e4dd, hundkorg, v\u00e4ndbart kudde, 83 x 63 x 27 cm, brun PGW032K01<\/p>\n","protected":false},"featured_media":45342,"comment_status":"open","ping_status":"closed","template":"","meta":[],"product_brand":[],"product_cat":[33],"product_tag":[],"class_list":{"0":"post-18322","1":"product","2":"type-product","3":"status-publish","4":"has-post-thumbnail","6":"product_cat-okategoriserad","8":"first","9":"instock","10":"shipping-taxable","11":"purchasable","12":"product-type-simple"},"_links":{"self":[{"href":"https:\/\/nordicmart.andreevmaster.com\/sv\/wp-json\/wp\/v2\/product\/18322","targetHints":{"allow":["GET"]}}],"collection":[{"href":"https:\/\/nordicmart.andreevmaster.com\/sv\/wp-json\/wp\/v2\/product"}],"about":[{"href":"https:\/\/nordicmart.andreevmaster.com\/sv\/wp-json\/wp\/v2\/types\/product"}],"replies":[{"embeddable":true,"href":"https:\/\/nordicmart.andreevmaster.com\/sv\/wp-json\/wp\/v2\/comments?post=18322"}],"wp:featuredmedia":[{"embeddable":true,"href":"https:\/\/nordicmart.andreevmaster.com\/sv\/wp-json\/wp\/v2\/media\/45342"}],"wp:attachment":[{"href":"https:\/\/nordicmart.andreevmaster.com\/sv\/wp-json\/wp\/v2\/media?parent=18322"}],"wp:term":[{"taxonomy":"product_brand","embeddable":true,"href":"https:\/\/nordicmart.andreevmaster.com\/sv\/wp-json\/wp\/v2\/product_brand?post=18322"},{"taxonomy":"product_cat","embeddable":true,"href":"https:\/\/nordicmart.andreevmaster.com\/sv\/wp-json\/wp\/v2\/product_cat?post=18322"},{"taxonomy":"product_tag","embeddable":true,"href":"https:\/\/nordicmart.andreevmaster.com\/sv\/wp-json\/wp\/v2\/product_tag?post=18322"}],"curies":[{"name":"wp","href":"https:\/\/api.w.org\/{rel}","templated":true}]}}