{"id":18318,"date":"2026-02-27T00:39:16","date_gmt":"2026-02-27T00:39:16","guid":{"rendered":"https:\/\/nordicmart.andreevmaster.com\/product\/feandrea-hundbadd-for-stora-hundar-110-x-75-x-27-cm\/"},"modified":"2026-02-27T08:27:57","modified_gmt":"2026-02-27T08:27:57","slug":"feandrea-hundbadd-for-stora-hundar-110-x-75-x-27-cm","status":"publish","type":"product","link":"https:\/\/nordicmart.andreevmaster.com\/sv\/produkt\/feandrea-hundbadd-for-stora-hundar-110-x-75-x-27-cm\/","title":{"rendered":"Feandrea hundb\u00e4dd f\u00f6r stora hundar 110 x 75 x 27 cm"},"content":{"rendered":"<p>Ge din fyrbenta v\u00e4n en egen s\u00e4ng! \u00c4ntligen f\u00e5r din hund en egen s\u00e4ng som \u00e4r mysig och bekv\u00e4m. FEANDREA vill att din fyrbenta v\u00e4n ska k\u00e4nna sig som en del av familjen, d\u00e4rf\u00f6r har vi utvecklat denna h\u00e5llbara hunds\u00e4ng som s\u00e4kert kommer att bli din hunds absoluta favoritplats. Tack vare den extra mjuka liggytan kan han koppla av ordentligt. Dessutom \u00e4r \u00f6verdraget avtagbart och tv\u00e4ttbart i maskin, s\u00e5 att d\u00e5lig lukt undviks. Ge din hund denna hunds\u00e4ng, den f\u00f6rtj\u00e4nar ett mysigt hem! Produktdetaljer: F\u00e4rg: M\u00f6rkgr\u00e5 Material: imiterat linne, polyestertyg med noppor, PP-fyllning, plysch Storlek: 90 x 75 x 25 cm (L x B x H) Vikt: 2,2 kg Leveransomfattning: 1 x hundb\u00e4dd FEANDREA Anm\u00e4rkningar: Uts\u00e4tt inte produkten f\u00f6r direkt solljus och placera den inte i en fuktig milj\u00f6.Produkten f\u00e5r inte komma i kontakt med vassa f\u00f6rem\u00e5l. Hundb\u00e4dden \u00e4r inte ett tuggleksak f\u00f6r dina fyrbenta v\u00e4nner; se till att din hund inte biter p\u00e5 b\u00e4dden. V\u00e5r hundb\u00e4dd \u00e4r hopvikt f\u00f6r f\u00f6rpacknings\u00e4ndam\u00e5l. Det kan d\u00e4rf\u00f6r ta 2-3 dagar innan den \u00e5terf\u00e5r sin normala form. P\u00e5 grund av s\u00f6msm\u00e5nen kan produkter av denna typ avvika upp till 3 cm fr\u00e5n de m\u00e5tt vi anger. Anv\u00e4nd inte denna produkt i n\u00e4rheten av v\u00e4rmek\u00e4llor \u00f6ver 40 \u00b0C. Om det finns golvv\u00e4rme, anv\u00e4nd en extra underl\u00e4ggsmadrass.<\/p>\n","protected":false},"excerpt":{"rendered":"<p>Feandrea hundb\u00e4dd, hundkudde, hundkorg, avtagbart och tv\u00e4ttbart \u00f6verdrag, f\u00f6r stora hundar, 110 x 75 x 27 cm, m\u00f6rkgr\u00e5 PGW012G01<\/p>\n","protected":false},"featured_media":45338,"comment_status":"open","ping_status":"closed","template":"","meta":[],"product_brand":[],"product_cat":[33],"product_tag":[],"class_list":{"0":"post-18318","1":"product","2":"type-product","3":"status-publish","4":"has-post-thumbnail","6":"product_cat-okategoriserad","8":"first","9":"instock","10":"shipping-taxable","11":"purchasable","12":"product-type-simple"},"_links":{"self":[{"href":"https:\/\/nordicmart.andreevmaster.com\/sv\/wp-json\/wp\/v2\/product\/18318","targetHints":{"allow":["GET"]}}],"collection":[{"href":"https:\/\/nordicmart.andreevmaster.com\/sv\/wp-json\/wp\/v2\/product"}],"about":[{"href":"https:\/\/nordicmart.andreevmaster.com\/sv\/wp-json\/wp\/v2\/types\/product"}],"replies":[{"embeddable":true,"href":"https:\/\/nordicmart.andreevmaster.com\/sv\/wp-json\/wp\/v2\/comments?post=18318"}],"wp:featuredmedia":[{"embeddable":true,"href":"https:\/\/nordicmart.andreevmaster.com\/sv\/wp-json\/wp\/v2\/media\/45338"}],"wp:attachment":[{"href":"https:\/\/nordicmart.andreevmaster.com\/sv\/wp-json\/wp\/v2\/media?parent=18318"}],"wp:term":[{"taxonomy":"product_brand","embeddable":true,"href":"https:\/\/nordicmart.andreevmaster.com\/sv\/wp-json\/wp\/v2\/product_brand?post=18318"},{"taxonomy":"product_cat","embeddable":true,"href":"https:\/\/nordicmart.andreevmaster.com\/sv\/wp-json\/wp\/v2\/product_cat?post=18318"},{"taxonomy":"product_tag","embeddable":true,"href":"https:\/\/nordicmart.andreevmaster.com\/sv\/wp-json\/wp\/v2\/product_tag?post=18318"}],"curies":[{"name":"wp","href":"https:\/\/api.w.org\/{rel}","templated":true}]}}