{"id":18316,"date":"2026-02-27T00:39:15","date_gmt":"2026-02-27T00:39:15","guid":{"rendered":"https:\/\/nordicmart.andreevmaster.com\/product\/feandrea-hundbadd-i-linneoptik-for-sma-hundar-pastellrosa\/"},"modified":"2026-02-27T08:27:56","modified_gmt":"2026-02-27T08:27:56","slug":"feandrea-hundbadd-i-linneoptik-for-sma-hundar-pastellrosa","status":"publish","type":"product","link":"https:\/\/nordicmart.andreevmaster.com\/sv\/produkt\/feandrea-hundbadd-i-linneoptik-for-sma-hundar-pastellrosa\/","title":{"rendered":"Feandrea hundb\u00e4dd i linneoptik f\u00f6r sm\u00e5 hundar, pastellrosa"},"content":{"rendered":"<p>Feandrea hundb\u00e4dd, avtagbart \u00f6verdrag, 70 x 55 x 21 cm, m\u00f6rkgr\u00e5 PGW010G01<br \/>\nF\u00e4rg: Pastellrosa<br \/>\nMaterial: imiterat linne, plysch, PP-stoppning, tyg med halkskyddsnoppor<br \/>\nStorlek: 70 x 55 x 21 cm (L x B x H)<br \/>\nVikt: 1,4 kg<\/p>\n","protected":false},"excerpt":{"rendered":"<p>Feandrea hundb\u00e4dd, avtagbart \u00f6verdrag, 70 x 55 x 21 cm, m\u00f6rkgr\u00e5 PGW010G01<\/p>\n","protected":false},"featured_media":45336,"comment_status":"open","ping_status":"closed","template":"","meta":[],"product_brand":[],"product_cat":[33],"product_tag":[],"class_list":{"0":"post-18316","1":"product","2":"type-product","3":"status-publish","4":"has-post-thumbnail","6":"product_cat-okategoriserad","8":"first","9":"instock","10":"shipping-taxable","11":"purchasable","12":"product-type-simple"},"_links":{"self":[{"href":"https:\/\/nordicmart.andreevmaster.com\/sv\/wp-json\/wp\/v2\/product\/18316","targetHints":{"allow":["GET"]}}],"collection":[{"href":"https:\/\/nordicmart.andreevmaster.com\/sv\/wp-json\/wp\/v2\/product"}],"about":[{"href":"https:\/\/nordicmart.andreevmaster.com\/sv\/wp-json\/wp\/v2\/types\/product"}],"replies":[{"embeddable":true,"href":"https:\/\/nordicmart.andreevmaster.com\/sv\/wp-json\/wp\/v2\/comments?post=18316"}],"wp:featuredmedia":[{"embeddable":true,"href":"https:\/\/nordicmart.andreevmaster.com\/sv\/wp-json\/wp\/v2\/media\/45336"}],"wp:attachment":[{"href":"https:\/\/nordicmart.andreevmaster.com\/sv\/wp-json\/wp\/v2\/media?parent=18316"}],"wp:term":[{"taxonomy":"product_brand","embeddable":true,"href":"https:\/\/nordicmart.andreevmaster.com\/sv\/wp-json\/wp\/v2\/product_brand?post=18316"},{"taxonomy":"product_cat","embeddable":true,"href":"https:\/\/nordicmart.andreevmaster.com\/sv\/wp-json\/wp\/v2\/product_cat?post=18316"},{"taxonomy":"product_tag","embeddable":true,"href":"https:\/\/nordicmart.andreevmaster.com\/sv\/wp-json\/wp\/v2\/product_tag?post=18316"}],"curies":[{"name":"wp","href":"https:\/\/api.w.org\/{rel}","templated":true}]}}