{"id":18311,"date":"2026-02-27T00:39:14","date_gmt":"2026-02-27T00:39:14","guid":{"rendered":"https:\/\/nordicmart.andreevmaster.com\/product\/feandrea-hundbadd-80-x-65-x-20-cm-med-vandbart-kudde\/"},"modified":"2026-02-27T08:27:54","modified_gmt":"2026-02-27T08:27:54","slug":"feandrea-hundbadd-80-x-65-x-20-cm-med-vandbart-kudde","status":"publish","type":"product","link":"https:\/\/nordicmart.andreevmaster.com\/sv\/produkt\/feandrea-hundbadd-80-x-65-x-20-cm-med-vandbart-kudde\/","title":{"rendered":"Feandrea hundb\u00e4dd 80 x 65 x 20 cm med v\u00e4ndbart kudde"},"content":{"rendered":"<p>Kvalitet eller stil? Med denna s\u00e4ng f\u00f6r husdjur beh\u00f6ver du inte v\u00e4lja, eftersom den kombinerar b\u00e5da komponenterna. Det robusta Oxford-tyget p\u00e5 utsidan t\u00e5l \u00e4ven h\u00e5rdare kl\u00f6sningar, men tack vare det eleganta gr\u00e5 tyget \u00e4r hundsoffan samtidigt en stilfull inredningsdetalj. Det bidrar \u00e4ven det ljusa v\u00e4ndbara kudden i fleece till, som skapar en effektfull kontrast till det m\u00f6rkare gr\u00e5a yttertyget. En trygg plats Tack vare de upph\u00f6jda kanterna p\u00e5 denna hundkorg k\u00e4nner sig din fyrbenta v\u00e4n helt skyddad. Framf\u00f6r allt drag och kyla fr\u00e5n golvet h\u00e5lls borta tack vare de h\u00f6ga v\u00e4ggarna och den utm\u00e4rkta stoppningen. Saknar din hund fortfarande en mysig s\u00e4ng? \u2013 Ge den d\u00e5 denna hundkorg f\u00f6r djur upp till 30 kg. Produktdetaljer: &#8211; F\u00e4rg: Gr\u00e5 &#8211; Material: 150D Oxford-tyg, fleece, polypropylen-fyllning &#8211; Storlek: 80 x 65 x 20 cm (L x B x H) &#8211; Vikt: 1,7 kg Leveransomfattning:- 1 x hundb\u00e4dd FEANDREA Anvisningar: &#8211; Uts\u00e4tt inte produkten f\u00f6r direkt solljus och placera den inte i en fuktig milj\u00f6. &#8211; Produkten f\u00e5r inte komma i kontakt med vassa f\u00f6rem\u00e5l. &#8211; Det rekommenderas att tv\u00e4tta denna produkt f\u00f6r hand. &#8211; Hundb\u00e4dden \u00e4r inte ett tuggleksak f\u00f6r dina fyrbenta v\u00e4nner; f\u00f6rhindra d\u00e4rf\u00f6r att din hund biter p\u00e5 s\u00e4ngen. &#8211; V\u00e5r hunds\u00e4ng \u00e4r hopvikt f\u00f6r f\u00f6rpacknings\u00e4ndam\u00e5l. Det kan d\u00e4rf\u00f6r ta 2-3 dagar innan den \u00e5terf\u00e5r sin normala form. P\u00e5 grund av s\u00f6msm\u00e5nen kan produkter av denna typ avvika upp till 3 cm fr\u00e5n de m\u00e5tt vi anger.<\/p>\n","protected":false},"excerpt":{"rendered":"<p>Feandrea hundb\u00e4dd, hundkorg med v\u00e4ndbart kudde, 80 x 65 x 20 cm, gr\u00e5 PGW004G01<\/p>\n","protected":false},"featured_media":45331,"comment_status":"open","ping_status":"closed","template":"","meta":[],"product_brand":[],"product_cat":[33],"product_tag":[],"class_list":{"0":"post-18311","1":"product","2":"type-product","3":"status-publish","4":"has-post-thumbnail","6":"product_cat-okategoriserad","8":"first","9":"instock","10":"shipping-taxable","11":"purchasable","12":"product-type-simple"},"_links":{"self":[{"href":"https:\/\/nordicmart.andreevmaster.com\/sv\/wp-json\/wp\/v2\/product\/18311","targetHints":{"allow":["GET"]}}],"collection":[{"href":"https:\/\/nordicmart.andreevmaster.com\/sv\/wp-json\/wp\/v2\/product"}],"about":[{"href":"https:\/\/nordicmart.andreevmaster.com\/sv\/wp-json\/wp\/v2\/types\/product"}],"replies":[{"embeddable":true,"href":"https:\/\/nordicmart.andreevmaster.com\/sv\/wp-json\/wp\/v2\/comments?post=18311"}],"wp:featuredmedia":[{"embeddable":true,"href":"https:\/\/nordicmart.andreevmaster.com\/sv\/wp-json\/wp\/v2\/media\/45331"}],"wp:attachment":[{"href":"https:\/\/nordicmart.andreevmaster.com\/sv\/wp-json\/wp\/v2\/media?parent=18311"}],"wp:term":[{"taxonomy":"product_brand","embeddable":true,"href":"https:\/\/nordicmart.andreevmaster.com\/sv\/wp-json\/wp\/v2\/product_brand?post=18311"},{"taxonomy":"product_cat","embeddable":true,"href":"https:\/\/nordicmart.andreevmaster.com\/sv\/wp-json\/wp\/v2\/product_cat?post=18311"},{"taxonomy":"product_tag","embeddable":true,"href":"https:\/\/nordicmart.andreevmaster.com\/sv\/wp-json\/wp\/v2\/product_tag?post=18311"}],"curies":[{"name":"wp","href":"https:\/\/api.w.org\/{rel}","templated":true}]}}