{"id":18307,"date":"2026-02-27T00:39:12","date_gmt":"2026-02-27T00:39:12","guid":{"rendered":"https:\/\/nordicmart.andreevmaster.com\/product\/feandrea-hundbur-upp-till-32-kg-med-2-dorrar\/"},"modified":"2026-02-27T08:27:53","modified_gmt":"2026-02-27T08:27:53","slug":"feandrea-hundbur-upp-till-32-kg-med-2-dorrar","status":"publish","type":"product","link":"https:\/\/nordicmart.andreevmaster.com\/sv\/produkt\/feandrea-hundbur-upp-till-32-kg-med-2-dorrar\/","title":{"rendered":"Feandrea hundbur upp till 32 kg med 2 d\u00f6rrar"},"content":{"rendered":"<p>Feandrea hundbur M\u00f6bler, sidobord, hundbox, modern hundkoja f\u00f6r inomhusbruk f\u00f6r hundar upp till 32 kg, h\u00f6g belastningskapacitet, sluten botten, hundkoja med 2 d\u00f6rrar<br \/>\nF\u00e4rg: Greige melerad<br \/>\nMaterial: sp\u00e5nskiva, st\u00e5l<br \/>\nTotal storlek: 98 x 65 x 69 cm (L x B x H)<br \/>\nInnerm\u00e5tt: 90 x 57 x 63 cm (L x B x H)<br \/>\nVikt: 26,7 kg<br \/>\nMax. statisk belastningskapacitet f\u00f6r ytan: 100 kg<\/p>\n","protected":false},"excerpt":{"rendered":"<p>Feandrea hundbur M\u00f6bler, sidobord, hundbox, modern hundkoja f\u00f6r inomhusbruk f\u00f6r hundar upp till 32 kg, h\u00f6g belastningskapacitet, sluten botten, hundkoja med 2 d\u00f6rrar<\/p>\n","protected":false},"featured_media":45327,"comment_status":"open","ping_status":"closed","template":"","meta":[],"product_brand":[],"product_cat":[33],"product_tag":[],"class_list":{"0":"post-18307","1":"product","2":"type-product","3":"status-publish","4":"has-post-thumbnail","6":"product_cat-okategoriserad","8":"first","9":"instock","10":"shipping-taxable","11":"purchasable","12":"product-type-simple"},"_links":{"self":[{"href":"https:\/\/nordicmart.andreevmaster.com\/sv\/wp-json\/wp\/v2\/product\/18307","targetHints":{"allow":["GET"]}}],"collection":[{"href":"https:\/\/nordicmart.andreevmaster.com\/sv\/wp-json\/wp\/v2\/product"}],"about":[{"href":"https:\/\/nordicmart.andreevmaster.com\/sv\/wp-json\/wp\/v2\/types\/product"}],"replies":[{"embeddable":true,"href":"https:\/\/nordicmart.andreevmaster.com\/sv\/wp-json\/wp\/v2\/comments?post=18307"}],"wp:featuredmedia":[{"embeddable":true,"href":"https:\/\/nordicmart.andreevmaster.com\/sv\/wp-json\/wp\/v2\/media\/45327"}],"wp:attachment":[{"href":"https:\/\/nordicmart.andreevmaster.com\/sv\/wp-json\/wp\/v2\/media?parent=18307"}],"wp:term":[{"taxonomy":"product_brand","embeddable":true,"href":"https:\/\/nordicmart.andreevmaster.com\/sv\/wp-json\/wp\/v2\/product_brand?post=18307"},{"taxonomy":"product_cat","embeddable":true,"href":"https:\/\/nordicmart.andreevmaster.com\/sv\/wp-json\/wp\/v2\/product_cat?post=18307"},{"taxonomy":"product_tag","embeddable":true,"href":"https:\/\/nordicmart.andreevmaster.com\/sv\/wp-json\/wp\/v2\/product_tag?post=18307"}],"curies":[{"name":"wp","href":"https:\/\/api.w.org\/{rel}","templated":true}]}}