{"id":18299,"date":"2026-02-27T00:39:10","date_gmt":"2026-02-27T00:39:10","guid":{"rendered":"https:\/\/nordicmart.andreevmaster.com\/product\/feandrea-hundbur-for-hundar-upp-till-14-kg-greige\/"},"modified":"2026-02-27T08:27:51","modified_gmt":"2026-02-27T08:27:51","slug":"feandrea-hundbur-for-hundar-upp-till-14-kg-greige","status":"publish","type":"product","link":"https:\/\/nordicmart.andreevmaster.com\/sv\/produkt\/feandrea-hundbur-for-hundar-upp-till-14-kg-greige\/","title":{"rendered":"Feandrea hundbur f\u00f6r hundar upp till 14 kg, greige"},"content":{"rendered":"<p>Feandrea hundbur M\u00f6bler, sidobord, hundbox, modern hundkoja f\u00f6r inomhusbruk f\u00f6r hundar upp till 42 kg, h\u00f6g belastningskapacitet, hundkoja f\u00f6r hemmet, avtagbar bricka, 2 d\u00f6rrar, vintagebrun PFC003X01<br \/>\nF\u00e4rg: Greige<br \/>\nMaterial: sp\u00e5nskiva, st\u00e5l<br \/>\nTotal storlek: 69 x 51 x 60 cm (L x B x H)<br \/>\nInre m\u00e5tt: 62 x 42 x 50 cm (L x B x H)<br \/>\nVikt: 15,2 kg<br \/>\nMax. statisk belastningskapacitet f\u00f6r ytan: 70 kg<\/p>\n","protected":false},"excerpt":{"rendered":"<p>Feandrea hundbur M\u00f6bler, sidobord, hundbox, modern hundkoja f\u00f6r inomhusbruk f\u00f6r hundar upp till 42 kg, h\u00f6g belastningskapacitet, hundkoja f\u00f6r hemmet, avtagbar bricka, 2 d\u00f6rrar, vintagebrun PFC003X01<\/p>\n","protected":false},"featured_media":45319,"comment_status":"open","ping_status":"closed","template":"","meta":[],"product_brand":[],"product_cat":[33],"product_tag":[],"class_list":{"0":"post-18299","1":"product","2":"type-product","3":"status-publish","4":"has-post-thumbnail","6":"product_cat-okategoriserad","8":"first","9":"instock","10":"shipping-taxable","11":"purchasable","12":"product-type-simple"},"_links":{"self":[{"href":"https:\/\/nordicmart.andreevmaster.com\/sv\/wp-json\/wp\/v2\/product\/18299","targetHints":{"allow":["GET"]}}],"collection":[{"href":"https:\/\/nordicmart.andreevmaster.com\/sv\/wp-json\/wp\/v2\/product"}],"about":[{"href":"https:\/\/nordicmart.andreevmaster.com\/sv\/wp-json\/wp\/v2\/types\/product"}],"replies":[{"embeddable":true,"href":"https:\/\/nordicmart.andreevmaster.com\/sv\/wp-json\/wp\/v2\/comments?post=18299"}],"wp:featuredmedia":[{"embeddable":true,"href":"https:\/\/nordicmart.andreevmaster.com\/sv\/wp-json\/wp\/v2\/media\/45319"}],"wp:attachment":[{"href":"https:\/\/nordicmart.andreevmaster.com\/sv\/wp-json\/wp\/v2\/media?parent=18299"}],"wp:term":[{"taxonomy":"product_brand","embeddable":true,"href":"https:\/\/nordicmart.andreevmaster.com\/sv\/wp-json\/wp\/v2\/product_brand?post=18299"},{"taxonomy":"product_cat","embeddable":true,"href":"https:\/\/nordicmart.andreevmaster.com\/sv\/wp-json\/wp\/v2\/product_cat?post=18299"},{"taxonomy":"product_tag","embeddable":true,"href":"https:\/\/nordicmart.andreevmaster.com\/sv\/wp-json\/wp\/v2\/product_tag?post=18299"}],"curies":[{"name":"wp","href":"https:\/\/api.w.org\/{rel}","templated":true}]}}