{"id":18297,"date":"2026-02-27T00:39:09","date_gmt":"2026-02-27T00:39:09","guid":{"rendered":"https:\/\/nordicmart.andreevmaster.com\/product\/feandrea-hundfilt-for-baksatet\/"},"modified":"2026-02-27T08:27:51","modified_gmt":"2026-02-27T08:27:51","slug":"feandrea-hundfilt-for-baksatet","status":"publish","type":"product","link":"https:\/\/nordicmart.andreevmaster.com\/sv\/produkt\/feandrea-hundfilt-for-baksatet\/","title":{"rendered":"Feandrea hundfilt f\u00f6r baks\u00e4tet"},"content":{"rendered":"<p>Smutsiga tassar? Ingen fara: Du skulle g\u00e4rna ta med din hund till parken, men avst\u00e5r fr\u00e5n id\u00e9n p\u00e5 grund av hundh\u00e5r, smutsiga tassavtryck och repor som den brukar l\u00e4mna \u00f6verallt p\u00e5 baks\u00e4tet? Denna hundfilt skyddar ditt baks\u00e4te fr\u00e5n repor och smuts. Det g\u00f6r b\u00e5de dig och din hund mycket glada! Enkel montering, l\u00e4tt reng\u00f6ring: F\u00f6rst skjuts det handtagsliknande f\u00e4stet mellan sittdynan och ryggst\u00f6det f\u00f6r att stabilisera t\u00e4cket. F\u00e4st sedan remmarna vid nackst\u00f6den och justera dem till \u00f6nskad l\u00e4ngd. T\u00e4ck s\u00e4tet med halva t\u00e4cket fram till underkanten. Klart! Nu kan du bjuda in din hund. F\u00f6r att reng\u00f6ra ytan efter resan beh\u00f6ver du bara en fuktig trasa. Produktdetaljer: F\u00e4rg: Svart Material: Utsida 600D Oxford-tyg med PVC-bel\u00e4ggning, 80 g\/m\u00b2 PP-fyllning, insida 210D Oxford-tyg Storlek: 142 x 125 cm (L x B) Vikt: 1,1 kg Leveransomfattning: 1 x hundfilt f\u00f6r baks\u00e4tet FEANDREA Anm\u00e4rkningar: Kan inte tv\u00e4ttas i maskin! Reng\u00f6r fl\u00e4ckar med en fuktig trasa.<\/p>\n","protected":false},"excerpt":{"rendered":"<p>Feandrea hundfilt f\u00f6r baks\u00e4tet, bilskyddsfilt, svart PDS049B01<\/p>\n","protected":false},"featured_media":45317,"comment_status":"open","ping_status":"closed","template":"","meta":[],"product_brand":[],"product_cat":[33],"product_tag":[],"class_list":{"0":"post-18297","1":"product","2":"type-product","3":"status-publish","4":"has-post-thumbnail","6":"product_cat-okategoriserad","8":"first","9":"instock","10":"shipping-taxable","11":"purchasable","12":"product-type-simple"},"_links":{"self":[{"href":"https:\/\/nordicmart.andreevmaster.com\/sv\/wp-json\/wp\/v2\/product\/18297","targetHints":{"allow":["GET"]}}],"collection":[{"href":"https:\/\/nordicmart.andreevmaster.com\/sv\/wp-json\/wp\/v2\/product"}],"about":[{"href":"https:\/\/nordicmart.andreevmaster.com\/sv\/wp-json\/wp\/v2\/types\/product"}],"replies":[{"embeddable":true,"href":"https:\/\/nordicmart.andreevmaster.com\/sv\/wp-json\/wp\/v2\/comments?post=18297"}],"wp:featuredmedia":[{"embeddable":true,"href":"https:\/\/nordicmart.andreevmaster.com\/sv\/wp-json\/wp\/v2\/media\/45317"}],"wp:attachment":[{"href":"https:\/\/nordicmart.andreevmaster.com\/sv\/wp-json\/wp\/v2\/media?parent=18297"}],"wp:term":[{"taxonomy":"product_brand","embeddable":true,"href":"https:\/\/nordicmart.andreevmaster.com\/sv\/wp-json\/wp\/v2\/product_brand?post=18297"},{"taxonomy":"product_cat","embeddable":true,"href":"https:\/\/nordicmart.andreevmaster.com\/sv\/wp-json\/wp\/v2\/product_cat?post=18297"},{"taxonomy":"product_tag","embeddable":true,"href":"https:\/\/nordicmart.andreevmaster.com\/sv\/wp-json\/wp\/v2\/product_tag?post=18297"}],"curies":[{"name":"wp","href":"https:\/\/api.w.org\/{rel}","templated":true}]}}