{"id":18296,"date":"2026-02-27T00:39:09","date_gmt":"2026-02-27T00:39:09","guid":{"rendered":"https:\/\/nordicmart.andreevmaster.com\/product\/feandrea-bagageutrymmeskydd-rivfast-och-vattentatt\/"},"modified":"2026-02-27T08:27:51","modified_gmt":"2026-02-27T08:27:51","slug":"feandrea-bagageutrymmeskydd-rivfast-och-vattentatt","status":"publish","type":"product","link":"https:\/\/nordicmart.andreevmaster.com\/sv\/produkt\/feandrea-bagageutrymmeskydd-rivfast-och-vattentatt\/","title":{"rendered":"Feandrea bagageutrymmeskydd, rivfast och vattent\u00e4tt"},"content":{"rendered":"<p>Hund ombord\u00c4ven om du naturligtvis \u00e4lskar din fyrbenta v\u00e4n, \u00e4r h\u00e5r, smuts och sm\u00e5 repor i din bil ett irritationsmoment? Denna hundfilt fr\u00e5n FEANDREA skyddar b\u00e5de din hund och din bagageutrymme. Passar denna hundfilt i min bil?Hundfilten \u00e4r 185 x 105 cm stor. F\u00e4stremmarna och -linorna kan justeras i l\u00e4ngden. D\u00e4rmed passar denna produkt i n\u00e4stan alla vanliga personbilar och SUV-modeller. Kan denna underl\u00e4gg skydda min bil fr\u00e5n alla typer av smuts? Filten har en vattent\u00e4t TPU-film och ultraljudss\u00f6mmar som helt klarar sig utan n\u00e5lstick. P\u00e5 s\u00e5 s\u00e4tt skyddas din bil optimalt mot v\u00e5ta hundtassar, lera, saliv eller urin. Produktdetaljer:- F\u00e4rg: Svart &#8211; Material: 600D Oxford-tyg, PP-fyllning, TPU-film, halkskyddsn\u00e4t i PVC &#8211; Storlek: 185 x 105 cm (L x B x H) &#8211; Vikt: 1,8 kg Leveransomfattning: &#8211; 1 x hundt\u00e4cke f\u00f6r bagageutrymmet FEANDREA Anm\u00e4rkningar: &#8211; Ej l\u00e4mpligt f\u00f6r maskintv\u00e4tt!<\/p>\n","protected":false},"excerpt":{"rendered":"<p>Feandrea bagageutrymmeskydd Rivfast Vattent\u00e4t hundfilt f\u00f6r bilen PDS02BK<\/p>\n","protected":false},"featured_media":45316,"comment_status":"open","ping_status":"closed","template":"","meta":[],"product_brand":[],"product_cat":[33],"product_tag":[],"class_list":{"0":"post-18296","1":"product","2":"type-product","3":"status-publish","4":"has-post-thumbnail","6":"product_cat-okategoriserad","8":"first","9":"instock","10":"shipping-taxable","11":"purchasable","12":"product-type-simple"},"_links":{"self":[{"href":"https:\/\/nordicmart.andreevmaster.com\/sv\/wp-json\/wp\/v2\/product\/18296","targetHints":{"allow":["GET"]}}],"collection":[{"href":"https:\/\/nordicmart.andreevmaster.com\/sv\/wp-json\/wp\/v2\/product"}],"about":[{"href":"https:\/\/nordicmart.andreevmaster.com\/sv\/wp-json\/wp\/v2\/types\/product"}],"replies":[{"embeddable":true,"href":"https:\/\/nordicmart.andreevmaster.com\/sv\/wp-json\/wp\/v2\/comments?post=18296"}],"wp:featuredmedia":[{"embeddable":true,"href":"https:\/\/nordicmart.andreevmaster.com\/sv\/wp-json\/wp\/v2\/media\/45316"}],"wp:attachment":[{"href":"https:\/\/nordicmart.andreevmaster.com\/sv\/wp-json\/wp\/v2\/media?parent=18296"}],"wp:term":[{"taxonomy":"product_brand","embeddable":true,"href":"https:\/\/nordicmart.andreevmaster.com\/sv\/wp-json\/wp\/v2\/product_brand?post=18296"},{"taxonomy":"product_cat","embeddable":true,"href":"https:\/\/nordicmart.andreevmaster.com\/sv\/wp-json\/wp\/v2\/product_cat?post=18296"},{"taxonomy":"product_tag","embeddable":true,"href":"https:\/\/nordicmart.andreevmaster.com\/sv\/wp-json\/wp\/v2\/product_tag?post=18296"}],"curies":[{"name":"wp","href":"https:\/\/api.w.org\/{rel}","templated":true}]}}