{"id":18295,"date":"2026-02-27T00:39:09","date_gmt":"2026-02-27T00:39:09","guid":{"rendered":"https:\/\/nordicmart.andreevmaster.com\/product\/hopfallbar-hundpool-160-x-30-cm-o-x-h\/"},"modified":"2026-02-27T08:27:50","modified_gmt":"2026-02-27T08:27:50","slug":"hopfallbar-hundpool-160-x-30-cm-o-x-h","status":"publish","type":"product","link":"https:\/\/nordicmart.andreevmaster.com\/sv\/produkt\/hopfallbar-hundpool-160-x-30-cm-o-x-h\/","title":{"rendered":"Hopf\u00e4llbar hundpool 160 x 30 cm (\u00d8 x H)"},"content":{"rendered":"<p>Produktdetaljer: &#8211; F\u00e4rg: Bl\u00e5 Material: PVC, polyester &#8211; Storlek: 120 x 30 cm (\u00f8 x H) &#8211; Vikt: 2,3 kg Leveransomf\u00e5ng: &#8211; 1 x hundpool &#8211; 1 x tillbeh\u00f6rspaket &#8211; 1 x bruksanvisning FEANDREA Meddelanden: &#8211; Produkten kan lukta &#8221;ny&#8221; n\u00e4r du packar upp den. I s\u00e5 fall kan du placera den i ett v\u00e4lventilerat rum, s\u00e5 f\u00f6rsvinner lukten efter en kort stund.<\/p>\n","protected":false},"excerpt":{"rendered":"<p>Produktdetaljer: &#8211; F\u00e4rg: Bl\u00e5 Material: PVC, polyester &#8211; Storlek: 120 x 30 cm (\u00f8 x H) &#8211; Vikt: 2,3 kg Leveransomf\u00e5ng: &#8211; 1 x hundpool &#8211; 1 x tillbeh\u00f6rspaket &#8211; 1 x bruksanvisning FEANDREA Meddelanden: &#8211; Produkten kan lukta &#8221;ny&#8221; n\u00e4r du packar upp den. I s\u00e5 fall kan du placera den i ett v\u00e4lventilerat [&hellip;]<\/p>\n","protected":false},"featured_media":0,"comment_status":"open","ping_status":"closed","template":"","meta":[],"product_brand":[],"product_cat":[33],"product_tag":[],"class_list":{"0":"post-18295","1":"product","2":"type-product","3":"status-publish","5":"product_cat-okategoriserad","7":"first","8":"instock","9":"shipping-taxable","10":"purchasable","11":"product-type-simple"},"_links":{"self":[{"href":"https:\/\/nordicmart.andreevmaster.com\/sv\/wp-json\/wp\/v2\/product\/18295","targetHints":{"allow":["GET"]}}],"collection":[{"href":"https:\/\/nordicmart.andreevmaster.com\/sv\/wp-json\/wp\/v2\/product"}],"about":[{"href":"https:\/\/nordicmart.andreevmaster.com\/sv\/wp-json\/wp\/v2\/types\/product"}],"replies":[{"embeddable":true,"href":"https:\/\/nordicmart.andreevmaster.com\/sv\/wp-json\/wp\/v2\/comments?post=18295"}],"wp:attachment":[{"href":"https:\/\/nordicmart.andreevmaster.com\/sv\/wp-json\/wp\/v2\/media?parent=18295"}],"wp:term":[{"taxonomy":"product_brand","embeddable":true,"href":"https:\/\/nordicmart.andreevmaster.com\/sv\/wp-json\/wp\/v2\/product_brand?post=18295"},{"taxonomy":"product_cat","embeddable":true,"href":"https:\/\/nordicmart.andreevmaster.com\/sv\/wp-json\/wp\/v2\/product_cat?post=18295"},{"taxonomy":"product_tag","embeddable":true,"href":"https:\/\/nordicmart.andreevmaster.com\/sv\/wp-json\/wp\/v2\/product_tag?post=18295"}],"curies":[{"name":"wp","href":"https:\/\/api.w.org\/{rel}","templated":true}]}}