{"id":18292,"date":"2026-02-27T00:39:08","date_gmt":"2026-02-27T00:39:08","guid":{"rendered":"https:\/\/nordicmart.andreevmaster.com\/product\/feandrea-hopfallbar-hundbur-transportbur-i-natmaterial-hundvaska\/"},"modified":"2026-02-27T08:27:49","modified_gmt":"2026-02-27T08:27:49","slug":"feandrea-hopfallbar-hundbur-transportbur-i-natmaterial-hundvaska","status":"publish","type":"product","link":"https:\/\/nordicmart.andreevmaster.com\/sv\/produkt\/feandrea-hopfallbar-hundbur-transportbur-i-natmaterial-hundvaska\/","title":{"rendered":"Feandrea hopf\u00e4llbar hundbur, transportbur i n\u00e4tmaterial, hundv\u00e4ska"},"content":{"rendered":"<p>S\u00e5 h\u00e4r s\u00e4kerst\u00e4ller du att denna transportbox passar din hund M\u00e4t f\u00f6rst avst\u00e5ndet fr\u00e5n din hunds huvud till framtassarna. Transportv\u00e4skan b\u00f6r vara 3\u20135 cm st\u00f6rre \u00e4n det uppm\u00e4tta m\u00e5ttet. M\u00e4t sedan avst\u00e5ndet fr\u00e5n nosspetsen till bakdelen p\u00e5 din p\u00e4lskling. Buren b\u00f6r vara 10\u201313 cm l\u00e4ngre s\u00e5 att din hund har tillr\u00e4ckligt med utrymme f\u00f6r att v\u00e4nda sig eller st\u00e5 upp. Du kan ocks\u00e5 best\u00e4lla en \u00e4nnu st\u00f6rre v\u00e4ska, helt efter eget \u00f6nskem\u00e5l. Produktdetaljer:- F\u00e4rg: Gr\u00e5 &#8211; Material: 600D Oxford-tyg, st\u00e5l &#8211; Storlek: 70 x 52 x 52 cm (L x B x H) &#8211; Vikt: 3,9 kg Leveransomfattning: &#8211; 1 x hundv\u00e4ska FEANDREA Anm\u00e4rkningar: &#8211; M\u00e4t f\u00f6rst ditt husdjur innan du best\u00e4ller denna produkt f\u00f6r att s\u00e4kerst\u00e4lla att ditt djur passar i denna v\u00e4ska.<\/p>\n","protected":false},"excerpt":{"rendered":"<p>Feandrea hundbur, transportbur f\u00f6r bil, hundtransportbur, hopf\u00e4llbar kattbur av Oxford-tyg, L, 70 x 52 x 52 cm, m\u00f6rkbl\u00e5 PDC70Z<\/p>\n","protected":false},"featured_media":45315,"comment_status":"open","ping_status":"closed","template":"","meta":[],"product_brand":[],"product_cat":[33],"product_tag":[],"class_list":{"0":"post-18292","1":"product","2":"type-product","3":"status-publish","4":"has-post-thumbnail","6":"product_cat-okategoriserad","8":"first","9":"instock","10":"shipping-taxable","11":"purchasable","12":"product-type-simple"},"_links":{"self":[{"href":"https:\/\/nordicmart.andreevmaster.com\/sv\/wp-json\/wp\/v2\/product\/18292","targetHints":{"allow":["GET"]}}],"collection":[{"href":"https:\/\/nordicmart.andreevmaster.com\/sv\/wp-json\/wp\/v2\/product"}],"about":[{"href":"https:\/\/nordicmart.andreevmaster.com\/sv\/wp-json\/wp\/v2\/types\/product"}],"replies":[{"embeddable":true,"href":"https:\/\/nordicmart.andreevmaster.com\/sv\/wp-json\/wp\/v2\/comments?post=18292"}],"wp:featuredmedia":[{"embeddable":true,"href":"https:\/\/nordicmart.andreevmaster.com\/sv\/wp-json\/wp\/v2\/media\/45315"}],"wp:attachment":[{"href":"https:\/\/nordicmart.andreevmaster.com\/sv\/wp-json\/wp\/v2\/media?parent=18292"}],"wp:term":[{"taxonomy":"product_brand","embeddable":true,"href":"https:\/\/nordicmart.andreevmaster.com\/sv\/wp-json\/wp\/v2\/product_brand?post=18292"},{"taxonomy":"product_cat","embeddable":true,"href":"https:\/\/nordicmart.andreevmaster.com\/sv\/wp-json\/wp\/v2\/product_cat?post=18292"},{"taxonomy":"product_tag","embeddable":true,"href":"https:\/\/nordicmart.andreevmaster.com\/sv\/wp-json\/wp\/v2\/product_tag?post=18292"}],"curies":[{"name":"wp","href":"https:\/\/api.w.org\/{rel}","templated":true}]}}