{"id":18287,"date":"2026-02-27T00:39:06","date_gmt":"2026-02-27T00:39:06","guid":{"rendered":"https:\/\/nordicmart.andreevmaster.com\/product\/feandrea-hopfallbar-hundbur-transportbur-hundvaska\/"},"modified":"2026-02-27T08:27:48","modified_gmt":"2026-02-27T08:27:48","slug":"feandrea-hopfallbar-hundbur-transportbur-hundvaska","status":"publish","type":"product","link":"https:\/\/nordicmart.andreevmaster.com\/sv\/produkt\/feandrea-hopfallbar-hundbur-transportbur-hundvaska\/","title":{"rendered":"Feandrea hopf\u00e4llbar hundbur, transportbur, hundv\u00e4ska"},"content":{"rendered":"<p>Feandrea hundbur, transportbur f\u00f6r bil, hundtransportbur, hopf\u00e4llbar kattbur av Oxford-tyg, S, 50 x 35 x 35 cm, svart PDC50H<\/p>\n<p>Specifikationer:<br \/>\n&#8211; M\u00e5tt: 50 x 35 x 35 cm (L x B x H)<br \/>\n&#8211; Vikt: 2,2 kg<br \/>\n&#8211; Max. statisk b\u00e4rf\u00f6rm\u00e5ga: Rekommenderas f\u00f6r hundar och katter som v\u00e4ger upp till 7 kg<br \/>\n&#8211; Material: Metallram, 600D Oxford-tyg, PVC-bel\u00e4ggning, fleece<br \/>\n&#8211; F\u00e4rg: Gr\u00e5<\/p>\n","protected":false},"excerpt":{"rendered":"<p>Feandrea hundbur, transportbur f\u00f6r bil, hundtransportbur, hopf\u00e4llbar kattbur av Oxford-tyg, S, 50 x 35 x 35 cm, svart PDC50H<\/p>\n","protected":false},"featured_media":45310,"comment_status":"open","ping_status":"closed","template":"","meta":[],"product_brand":[],"product_cat":[33],"product_tag":[],"class_list":{"0":"post-18287","1":"product","2":"type-product","3":"status-publish","4":"has-post-thumbnail","6":"product_cat-okategoriserad","8":"first","9":"instock","10":"shipping-taxable","11":"purchasable","12":"product-type-simple"},"_links":{"self":[{"href":"https:\/\/nordicmart.andreevmaster.com\/sv\/wp-json\/wp\/v2\/product\/18287","targetHints":{"allow":["GET"]}}],"collection":[{"href":"https:\/\/nordicmart.andreevmaster.com\/sv\/wp-json\/wp\/v2\/product"}],"about":[{"href":"https:\/\/nordicmart.andreevmaster.com\/sv\/wp-json\/wp\/v2\/types\/product"}],"replies":[{"embeddable":true,"href":"https:\/\/nordicmart.andreevmaster.com\/sv\/wp-json\/wp\/v2\/comments?post=18287"}],"wp:featuredmedia":[{"embeddable":true,"href":"https:\/\/nordicmart.andreevmaster.com\/sv\/wp-json\/wp\/v2\/media\/45310"}],"wp:attachment":[{"href":"https:\/\/nordicmart.andreevmaster.com\/sv\/wp-json\/wp\/v2\/media?parent=18287"}],"wp:term":[{"taxonomy":"product_brand","embeddable":true,"href":"https:\/\/nordicmart.andreevmaster.com\/sv\/wp-json\/wp\/v2\/product_brand?post=18287"},{"taxonomy":"product_cat","embeddable":true,"href":"https:\/\/nordicmart.andreevmaster.com\/sv\/wp-json\/wp\/v2\/product_cat?post=18287"},{"taxonomy":"product_tag","embeddable":true,"href":"https:\/\/nordicmart.andreevmaster.com\/sv\/wp-json\/wp\/v2\/product_tag?post=18287"}],"curies":[{"name":"wp","href":"https:\/\/api.w.org\/{rel}","templated":true}]}}