{"id":18286,"date":"2026-02-27T00:39:06","date_gmt":"2026-02-27T00:39:06","guid":{"rendered":"https:\/\/nordicmart.andreevmaster.com\/product\/feandrea-hopfallbar-hundbox-transportbox-for-hundar-hundvaska\/"},"modified":"2026-02-27T08:27:48","modified_gmt":"2026-02-27T08:27:48","slug":"feandrea-hopfallbar-hundbox-transportbox-for-hundar-hundvaska","status":"publish","type":"product","link":"https:\/\/nordicmart.andreevmaster.com\/sv\/produkt\/feandrea-hopfallbar-hundbox-transportbox-for-hundar-hundvaska\/","title":{"rendered":"Feandrea hopf\u00e4llbar hundbox, transportbox f\u00f6r hundar, hundv\u00e4ska"},"content":{"rendered":"<p>Feandrea hopf\u00e4llbar hundbur, transportbur f\u00f6r hundar, M, hundv\u00e4ska, Oxford-tyg, n\u00e4tmaterial, andningsbar, b\u00e4rbar, transportabel, metallram, med handtag, fickor, 60 x 42 x 42 cm, r\u00f6kgr\u00e5 PDC060G02<br \/>\nSpecifikationer:<br \/>\n&#8211; M\u00e5tt: 60 x 42 x 42 cm (L x B x H)<br \/>\n&#8211; M\u00e5tt hopf\u00e4lld: 60 x 42 x 8 cm (L x B x H)<br \/>\n&#8211; Vikt: 2,8 kg<br \/>\n&#8211; Rekommenderas f\u00f6r hundar som v\u00e4ger mellan 7 och 11 kg<br \/>\n&#8211; Material: Metallstomme, 600D Oxford-tyg, PVC-bel\u00e4ggning, fleece<br \/>\n&#8211; F\u00e4rg: r\u00f6kgr\u00e5<\/p>\n","protected":false},"excerpt":{"rendered":"<p>Feandrea hopf\u00e4llbar hundbur, transportbur f\u00f6r hundar, M, hundv\u00e4ska, Oxford-tyg, n\u00e4tmaterial, andningsbar, b\u00e4rbar, transportabel, metallram, med handtag, fickor, 60 x 42 x 42 cm, r\u00f6kgr\u00e5 PDC060G02<\/p>\n","protected":false},"featured_media":45309,"comment_status":"open","ping_status":"closed","template":"","meta":[],"product_brand":[],"product_cat":[33],"product_tag":[],"class_list":{"0":"post-18286","1":"product","2":"type-product","3":"status-publish","4":"has-post-thumbnail","6":"product_cat-okategoriserad","8":"first","9":"instock","10":"shipping-taxable","11":"purchasable","12":"product-type-simple"},"_links":{"self":[{"href":"https:\/\/nordicmart.andreevmaster.com\/sv\/wp-json\/wp\/v2\/product\/18286","targetHints":{"allow":["GET"]}}],"collection":[{"href":"https:\/\/nordicmart.andreevmaster.com\/sv\/wp-json\/wp\/v2\/product"}],"about":[{"href":"https:\/\/nordicmart.andreevmaster.com\/sv\/wp-json\/wp\/v2\/types\/product"}],"replies":[{"embeddable":true,"href":"https:\/\/nordicmart.andreevmaster.com\/sv\/wp-json\/wp\/v2\/comments?post=18286"}],"wp:featuredmedia":[{"embeddable":true,"href":"https:\/\/nordicmart.andreevmaster.com\/sv\/wp-json\/wp\/v2\/media\/45309"}],"wp:attachment":[{"href":"https:\/\/nordicmart.andreevmaster.com\/sv\/wp-json\/wp\/v2\/media?parent=18286"}],"wp:term":[{"taxonomy":"product_brand","embeddable":true,"href":"https:\/\/nordicmart.andreevmaster.com\/sv\/wp-json\/wp\/v2\/product_brand?post=18286"},{"taxonomy":"product_cat","embeddable":true,"href":"https:\/\/nordicmart.andreevmaster.com\/sv\/wp-json\/wp\/v2\/product_cat?post=18286"},{"taxonomy":"product_tag","embeddable":true,"href":"https:\/\/nordicmart.andreevmaster.com\/sv\/wp-json\/wp\/v2\/product_tag?post=18286"}],"curies":[{"name":"wp","href":"https:\/\/api.w.org\/{rel}","templated":true}]}}