{"id":18283,"date":"2026-02-27T00:39:05","date_gmt":"2026-02-27T00:39:05","guid":{"rendered":"https:\/\/nordicmart.andreevmaster.com\/product\/feandrea-fallbar-hundvaska-i-oxford-tyg\/"},"modified":"2026-02-27T08:27:47","modified_gmt":"2026-02-27T08:27:47","slug":"feandrea-fallbar-hundvaska-i-oxford-tyg","status":"publish","type":"product","link":"https:\/\/nordicmart.andreevmaster.com\/sv\/produkt\/feandrea-fallbar-hundvaska-i-oxford-tyg\/","title":{"rendered":"Feandrea F\u00e4llbar hundv\u00e4ska i Oxford-tyg"},"content":{"rendered":"<p>Vart du \u00e4n ska resa \u2013 \u00e5ker du t\u00e5g fr\u00e5n M\u00fcnchen till Berlin f\u00f6r att bes\u00f6ka familj eller v\u00e4nner? Eller \u00e5ker du g\u00e4rna till havet p\u00e5 semestern? D\u00e5 skulle din hund eller katt s\u00e4kert vilja f\u00f6lja med, eller hur? L\u00e4gg bara din \u00e4lskling i denna transportv\u00e4ska fr\u00e5n FEANDREA, ta tag i handtagen och s\u00e5 \u00e4r det bara att \u00e5ka! Alla f\u00f6rdelar med den praktiska hundv\u00e4skan i korthet: &#8211; Metallstomme; ger en stabil struktur &#8211; Tillverkad av Oxford-tyg; robust och slitstark &#8211; Med en fluffig matta inuti som kan tas ut och med en vattenavvisande PVC-bel\u00e4ggning p\u00e5 undersidan &#8211; 2 extra sm\u00e5 fack med dragkedja f\u00f6r f\u00f6rvaring av husdjurs tillbeh\u00f6r &#8211; Kan monteras eller demonteras p\u00e5 n\u00e5gra minuter &#8211; Kan enkelt vikas ihop n\u00e4r den inte anv\u00e4nds och f\u00f6rvaras i ett h\u00f6rn f\u00f6r att spara utrymme &#8211; F\u00f6nster av n\u00e4tmaterial och rymligt innerutrymme s\u00e5 att ditt husdjur k\u00e4nner sig som hemma Produktdetaljer:- F\u00e4rg: M\u00f6rkbl\u00e5 &#8211; Material: Metallstomme, Oxford-tyg, PVC-bel\u00e4ggning, fleece &#8211; Storlek: 81 x 58 x 58 cm (L x B x H) &#8211; Vikt: 4,1 kg Leveransomfattning: &#8211; 1 x hundv\u00e4ska FEANDREA Anm\u00e4rkningar: &#8211; Husdjur f\u00e5r endast vistas i transportv\u00e4skan utan halsband och koppel.- M\u00e4t ditt husdjur innan du best\u00e4ller denna produkt f\u00f6r att s\u00e4kerst\u00e4lla att det passar i v\u00e4skan.<\/p>\n","protected":false},"excerpt":{"rendered":"<p>Feandrea hundv\u00e4ska, transportv\u00e4ska, 81 x 58 x 58 cm, m\u00f6rkbl\u00e5 PDC80Z<\/p>\n","protected":false},"featured_media":45306,"comment_status":"open","ping_status":"closed","template":"","meta":[],"product_brand":[],"product_cat":[33],"product_tag":[],"class_list":{"0":"post-18283","1":"product","2":"type-product","3":"status-publish","4":"has-post-thumbnail","6":"product_cat-okategoriserad","8":"first","9":"instock","10":"shipping-taxable","11":"purchasable","12":"product-type-simple"},"_links":{"self":[{"href":"https:\/\/nordicmart.andreevmaster.com\/sv\/wp-json\/wp\/v2\/product\/18283","targetHints":{"allow":["GET"]}}],"collection":[{"href":"https:\/\/nordicmart.andreevmaster.com\/sv\/wp-json\/wp\/v2\/product"}],"about":[{"href":"https:\/\/nordicmart.andreevmaster.com\/sv\/wp-json\/wp\/v2\/types\/product"}],"replies":[{"embeddable":true,"href":"https:\/\/nordicmart.andreevmaster.com\/sv\/wp-json\/wp\/v2\/comments?post=18283"}],"wp:featuredmedia":[{"embeddable":true,"href":"https:\/\/nordicmart.andreevmaster.com\/sv\/wp-json\/wp\/v2\/media\/45306"}],"wp:attachment":[{"href":"https:\/\/nordicmart.andreevmaster.com\/sv\/wp-json\/wp\/v2\/media?parent=18283"}],"wp:term":[{"taxonomy":"product_brand","embeddable":true,"href":"https:\/\/nordicmart.andreevmaster.com\/sv\/wp-json\/wp\/v2\/product_brand?post=18283"},{"taxonomy":"product_cat","embeddable":true,"href":"https:\/\/nordicmart.andreevmaster.com\/sv\/wp-json\/wp\/v2\/product_cat?post=18283"},{"taxonomy":"product_tag","embeddable":true,"href":"https:\/\/nordicmart.andreevmaster.com\/sv\/wp-json\/wp\/v2\/product_tag?post=18283"}],"curies":[{"name":"wp","href":"https:\/\/api.w.org\/{rel}","templated":true}]}}