{"id":18281,"date":"2026-02-27T00:39:04","date_gmt":"2026-02-27T00:39:04","guid":{"rendered":"https:\/\/nordicmart.andreevmaster.com\/product\/feandrea-hopfallbar-hundbox-81-x-58-x-58-cm\/"},"modified":"2026-02-27T08:27:47","modified_gmt":"2026-02-27T08:27:47","slug":"feandrea-hopfallbar-hundbox-81-x-58-x-58-cm","status":"publish","type":"product","link":"https:\/\/nordicmart.andreevmaster.com\/sv\/produkt\/feandrea-hopfallbar-hundbox-81-x-58-x-58-cm\/","title":{"rendered":"Feandrea hopf\u00e4llbar hundbox 81 x 58 x 58 cm"},"content":{"rendered":"<p>Vart du \u00e4n ska: Ska du \u00e5ka t\u00e5g fr\u00e5n M\u00fcnchen till Berlin f\u00f6r att bes\u00f6ka familj eller v\u00e4nner? Eller \u00e5ker du g\u00e4rna till havet p\u00e5 semestern? D\u00e5 skulle v\u00e4l din hund eller katt g\u00e4rna f\u00f6lja med, eller hur? L\u00e4gg bara din \u00e4lskling i denna transportbox fr\u00e5n FEANDREA, ta tag i handtagen och s\u00e5 \u00e4r du redo att \u00e5ka! Alla f\u00f6rdelar med den praktiska hundv\u00e4skan i korthet: Metallstomme; ger en stabil struktur Tillverkad av Oxford-tyg; robust och slitstark Med en fluffig matta inuti som kan tas ut och med en vattenavvisande PVC-bel\u00e4ggning p\u00e5 undersidan. 2 extra sm\u00e5 fack med dragkedja f\u00f6r f\u00f6rvaring av husdjursartiklar. Kan monteras eller demonteras p\u00e5 n\u00e5gra minuter. Kan enkelt vikas ihop n\u00e4r den inte anv\u00e4nds och f\u00f6rvaras i ett h\u00f6rn f\u00f6r att spara utrymme. F\u00f6nster av n\u00e4tmaterial och rymligt innerutrymme s\u00e5 att ditt husdjur k\u00e4nner sig som hemma. Produktdetaljer:F\u00e4rg: SvartMaterial: Metallstomme, Oxford-tyg, PVC-bel\u00e4ggning, fleeceStorlek: 81 x 58 x 58 cm (L x B x H)Storlek hopf\u00e4lld: 81 x 58 x 8 cm (L x B x H) Vikt: 4,1 kg Rekommenderas f\u00f6r hundar som v\u00e4ger mellan 16 och 23 kg Leveransomfattning: 1 x hundbur FEANDREA Anm\u00e4rkningar: Tips f\u00f6r att v\u00e4lja r\u00e4tt hundbur: L\u00e5t din hund st\u00e5 uppr\u00e4tt och m\u00e4t dess l\u00e4ngd fr\u00e5n svansroten till nosen. L\u00e5t din hund sitta uppr\u00e4tt och m\u00e4t dess h\u00f6jd fr\u00e5n hj\u00e4ssan till golvet. L\u00e4gg sedan till 10 cm till den uppm\u00e4tta l\u00e4ngden och h\u00f6jden f\u00f6r att v\u00e4lja r\u00e4tt m\u00e5tt f\u00f6r din hund. Husdjur f\u00e5r endast vistas i hundboxen utan halsband och koppel. M\u00e4t f\u00f6rst ditt husdjur innan du best\u00e4ller denna produkt f\u00f6r att s\u00e4kerst\u00e4lla att det passar i denna hundbox.<\/p>\n","protected":false},"excerpt":{"rendered":"<p>Feandrea hundv\u00e4ska, transportv\u00e4ska, 81 x 58 x 58 cm, m\u00f6rkbl\u00e5 PDC80Z<\/p>\n","protected":false},"featured_media":45304,"comment_status":"open","ping_status":"closed","template":"","meta":[],"product_brand":[],"product_cat":[33],"product_tag":[],"class_list":{"0":"post-18281","1":"product","2":"type-product","3":"status-publish","4":"has-post-thumbnail","6":"product_cat-okategoriserad","8":"first","9":"instock","10":"shipping-taxable","11":"purchasable","12":"product-type-simple"},"_links":{"self":[{"href":"https:\/\/nordicmart.andreevmaster.com\/sv\/wp-json\/wp\/v2\/product\/18281","targetHints":{"allow":["GET"]}}],"collection":[{"href":"https:\/\/nordicmart.andreevmaster.com\/sv\/wp-json\/wp\/v2\/product"}],"about":[{"href":"https:\/\/nordicmart.andreevmaster.com\/sv\/wp-json\/wp\/v2\/types\/product"}],"replies":[{"embeddable":true,"href":"https:\/\/nordicmart.andreevmaster.com\/sv\/wp-json\/wp\/v2\/comments?post=18281"}],"wp:featuredmedia":[{"embeddable":true,"href":"https:\/\/nordicmart.andreevmaster.com\/sv\/wp-json\/wp\/v2\/media\/45304"}],"wp:attachment":[{"href":"https:\/\/nordicmart.andreevmaster.com\/sv\/wp-json\/wp\/v2\/media?parent=18281"}],"wp:term":[{"taxonomy":"product_brand","embeddable":true,"href":"https:\/\/nordicmart.andreevmaster.com\/sv\/wp-json\/wp\/v2\/product_brand?post=18281"},{"taxonomy":"product_cat","embeddable":true,"href":"https:\/\/nordicmart.andreevmaster.com\/sv\/wp-json\/wp\/v2\/product_cat?post=18281"},{"taxonomy":"product_tag","embeddable":true,"href":"https:\/\/nordicmart.andreevmaster.com\/sv\/wp-json\/wp\/v2\/product_tag?post=18281"}],"curies":[{"name":"wp","href":"https:\/\/api.w.org\/{rel}","templated":true}]}}