{"id":18276,"date":"2026-02-27T00:39:02","date_gmt":"2026-02-27T00:39:02","guid":{"rendered":"https:\/\/nordicmart.andreevmaster.com\/product\/feandrea-transportvaska-for-husdjur-bla-m\/"},"modified":"2026-02-27T08:27:45","modified_gmt":"2026-02-27T08:27:45","slug":"feandrea-transportvaska-for-husdjur-bla-m","status":"publish","type":"product","link":"https:\/\/nordicmart.andreevmaster.com\/sv\/produkt\/feandrea-transportvaska-for-husdjur-bla-m\/","title":{"rendered":"Feandrea transportv\u00e4ska f\u00f6r husdjur, bl\u00e5, M"},"content":{"rendered":"<p>Produktdetaljer: &#8211; M\u00e5tt: 60 x 40 x 40 cm &#8211; D\u00f6rr fram: 44 x 29 cm &#8211; D\u00f6rr p\u00e5 sidan: 27 x 30 cm &#8211; D\u00f6rr upptill: 35 x 22 cm &#8211; F\u00e4rg: Beige Leveransomfattning: &#8211; 1 x transportbox &#8211; 1 x bruksanvisning (tyska, engelska, franska, italienska, spanska) Anm\u00e4rkningar:- Ta av halsbandet p\u00e5 din hund innan du l\u00e5ter den anv\u00e4nda transportboxen. Kv\u00e4vningsrisk! &#8211; M\u00e4t ditt husdjur f\u00f6re k\u00f6pet f\u00f6r att se om denna hundbox passar. &#8211; V\u00e4nj din hund l\u00e5ngsamt vid hundboxen. L\u00e5s inte in den i boxen under l\u00e4ngre tid i b\u00f6rjan. Din hund kan annars reagera med att kl\u00f6sa eller bita.<\/p>\n","protected":false},"excerpt":{"rendered":"<p>Feandrea hundbox, transportbox f\u00f6r bilen, hundtransportbox, hopf\u00e4llbar kattbox av Oxford-tyg, 60 x 40 x 40 cm, storlek M, bl\u00e5 PDC60Z<\/p>\n","protected":false},"featured_media":45299,"comment_status":"open","ping_status":"closed","template":"","meta":[],"product_brand":[],"product_cat":[33],"product_tag":[],"class_list":{"0":"post-18276","1":"product","2":"type-product","3":"status-publish","4":"has-post-thumbnail","6":"product_cat-okategoriserad","8":"first","9":"instock","10":"shipping-taxable","11":"purchasable","12":"product-type-simple"},"_links":{"self":[{"href":"https:\/\/nordicmart.andreevmaster.com\/sv\/wp-json\/wp\/v2\/product\/18276","targetHints":{"allow":["GET"]}}],"collection":[{"href":"https:\/\/nordicmart.andreevmaster.com\/sv\/wp-json\/wp\/v2\/product"}],"about":[{"href":"https:\/\/nordicmart.andreevmaster.com\/sv\/wp-json\/wp\/v2\/types\/product"}],"replies":[{"embeddable":true,"href":"https:\/\/nordicmart.andreevmaster.com\/sv\/wp-json\/wp\/v2\/comments?post=18276"}],"wp:featuredmedia":[{"embeddable":true,"href":"https:\/\/nordicmart.andreevmaster.com\/sv\/wp-json\/wp\/v2\/media\/45299"}],"wp:attachment":[{"href":"https:\/\/nordicmart.andreevmaster.com\/sv\/wp-json\/wp\/v2\/media?parent=18276"}],"wp:term":[{"taxonomy":"product_brand","embeddable":true,"href":"https:\/\/nordicmart.andreevmaster.com\/sv\/wp-json\/wp\/v2\/product_brand?post=18276"},{"taxonomy":"product_cat","embeddable":true,"href":"https:\/\/nordicmart.andreevmaster.com\/sv\/wp-json\/wp\/v2\/product_cat?post=18276"},{"taxonomy":"product_tag","embeddable":true,"href":"https:\/\/nordicmart.andreevmaster.com\/sv\/wp-json\/wp\/v2\/product_tag?post=18276"}],"curies":[{"name":"wp","href":"https:\/\/api.w.org\/{rel}","templated":true}]}}