{"id":18268,"date":"2026-02-27T00:39:00","date_gmt":"2026-02-27T00:39:00","guid":{"rendered":"https:\/\/nordicmart.andreevmaster.com\/product\/feandrea-hundvaska-morkgra\/"},"modified":"2026-02-27T08:27:43","modified_gmt":"2026-02-27T08:27:43","slug":"feandrea-hundvaska-morkgra","status":"publish","type":"product","link":"https:\/\/nordicmart.andreevmaster.com\/sv\/produkt\/feandrea-hundvaska-morkgra\/","title":{"rendered":"Feandrea hundv\u00e4ska m\u00f6rkgr\u00e5"},"content":{"rendered":"<p>Denna 44 x 25 x 28 cm stora transportv\u00e4ska i elegant m\u00f6rkgr\u00e5tt passar f\u00f6r mindre hundraser som chihuahuas eller dv\u00e4rgpinschers. Du kan ocks\u00e5 ta med din burmesiska eller siamesiska katt p\u00e5 resan i den bekv\u00e4ma transportboxen. Den robusta boxen klarar utan problem husdjur upp till 7 kg. Alla f\u00f6rdelar med den praktiska hundv\u00e4skan i korthet: &#8211; Kropp av stabila glasfiberstavar som f\u00f6rhindrar att v\u00e4skan kl\u00e4ms &#8211; Tv\u00e5 \u00f6ppningar p\u00e5 sidorna och en \u00f6ppning i \u00f6vre delen f\u00f6r enkel in- och urstigning &#8211; S\u00e4rskilt l\u00e4tt (endast 1,1 kg); enkel transport &#8211; Matta av fleece och f\u00f6nster av n\u00e4tmaterial s\u00e5 att ditt husdjur k\u00e4nner sig som hemma &#8211; Extra fack f\u00f6r f\u00f6rvaring av husdjursutrustning &#8211; Tillverkad av slitstark polyester; tv\u00e4ttbar Ta med ditt husdjur p\u00e5 resan Vill du bes\u00f6ka din familj och resa med t\u00e5g fr\u00e5n M\u00fcnchen till Berlin? Eller vill du k\u00f6ra ditt husdjur till veterin\u00e4ren med bil? L\u00e4gg bara din \u00e4lskling i denna m\u00f6rkgr\u00e5 transportv\u00e4ska, ta tag i handtagen eller h\u00e4ng b\u00e4rremmen \u00f6ver axeln, s\u00e5 \u00e4r du redo att \u00e5ka! Produktdetaljer: &#8211; F\u00e4rg: M\u00f6rkgr\u00e5 &#8211; Material: 600D polyester &#8211; Storlek: 44 x 25 x 28 cm (L x B x H) &#8211; Vikt: 1,1 kg &#8211; Max. belastningsf\u00f6rm\u00e5ga: 7 kg Leveransomfattning: &#8211; 1 x hundv\u00e4ska<\/p>\n","protected":false},"excerpt":{"rendered":"<p>Feandrea hundv\u00e4ska, transportv\u00e4ska f\u00f6r husdjur, m\u00f6rkgr\u00e5 PDC44GY<\/p>\n","protected":false},"featured_media":45291,"comment_status":"open","ping_status":"closed","template":"","meta":[],"product_brand":[],"product_cat":[33],"product_tag":[],"class_list":{"0":"post-18268","1":"product","2":"type-product","3":"status-publish","4":"has-post-thumbnail","6":"product_cat-okategoriserad","8":"first","9":"instock","10":"shipping-taxable","11":"purchasable","12":"product-type-simple"},"_links":{"self":[{"href":"https:\/\/nordicmart.andreevmaster.com\/sv\/wp-json\/wp\/v2\/product\/18268","targetHints":{"allow":["GET"]}}],"collection":[{"href":"https:\/\/nordicmart.andreevmaster.com\/sv\/wp-json\/wp\/v2\/product"}],"about":[{"href":"https:\/\/nordicmart.andreevmaster.com\/sv\/wp-json\/wp\/v2\/types\/product"}],"replies":[{"embeddable":true,"href":"https:\/\/nordicmart.andreevmaster.com\/sv\/wp-json\/wp\/v2\/comments?post=18268"}],"wp:featuredmedia":[{"embeddable":true,"href":"https:\/\/nordicmart.andreevmaster.com\/sv\/wp-json\/wp\/v2\/media\/45291"}],"wp:attachment":[{"href":"https:\/\/nordicmart.andreevmaster.com\/sv\/wp-json\/wp\/v2\/media?parent=18268"}],"wp:term":[{"taxonomy":"product_brand","embeddable":true,"href":"https:\/\/nordicmart.andreevmaster.com\/sv\/wp-json\/wp\/v2\/product_brand?post=18268"},{"taxonomy":"product_cat","embeddable":true,"href":"https:\/\/nordicmart.andreevmaster.com\/sv\/wp-json\/wp\/v2\/product_cat?post=18268"},{"taxonomy":"product_tag","embeddable":true,"href":"https:\/\/nordicmart.andreevmaster.com\/sv\/wp-json\/wp\/v2\/product_tag?post=18268"}],"curies":[{"name":"wp","href":"https:\/\/api.w.org\/{rel}","templated":true}]}}