{"id":18266,"date":"2026-02-27T00:38:59","date_gmt":"2026-02-27T00:38:59","guid":{"rendered":"https:\/\/nordicmart.andreevmaster.com\/product\/feandrea-hundbur-hopfallbar-natduk-metallram-morkbla\/"},"modified":"2026-02-27T08:27:43","modified_gmt":"2026-02-27T08:27:43","slug":"feandrea-hundbur-hopfallbar-natduk-metallram-morkbla","status":"publish","type":"product","link":"https:\/\/nordicmart.andreevmaster.com\/sv\/produkt\/feandrea-hundbur-hopfallbar-natduk-metallram-morkbla\/","title":{"rendered":"Feandrea hundbur, hopf\u00e4llbar, n\u00e4tduk, metallram, m\u00f6rkbl\u00e5"},"content":{"rendered":"<p>Feandrea hundbur transportbur bilhundtransportbur hopf\u00e4llbar kattbur Oxford-tyg beige 102 x 69 x 69 cm PDC10W<br \/>\nF\u00e4rg: M\u00f6rkbl\u00e5<br \/>\nMaterial: Metallstomme, 600D Oxford-tyg, PVC-bel\u00e4ggning, fleece<br \/>\nProduktens m\u00e5tt i storlek XXXL: 102 x 69 x 69 cm (L x B x H)<br \/>\nM\u00e5tt hopf\u00e4lld: 102 x 69 x 8 cm (L x B x H)<br \/>\nVikt: 5,9 kg<br \/>\nRekommenderas f\u00f6r hundar som v\u00e4ger mellan 32 och 42 kg<\/p>\n","protected":false},"excerpt":{"rendered":"<p>Feandrea hundbur transportbur bilhundtransportbur hopf\u00e4llbar kattbur Oxford-tyg beige 102 x 69 x 69 cm PDC10W<\/p>\n","protected":false},"featured_media":45289,"comment_status":"open","ping_status":"closed","template":"","meta":[],"product_brand":[],"product_cat":[33],"product_tag":[],"class_list":{"0":"post-18266","1":"product","2":"type-product","3":"status-publish","4":"has-post-thumbnail","6":"product_cat-okategoriserad","8":"first","9":"instock","10":"shipping-taxable","11":"purchasable","12":"product-type-simple"},"_links":{"self":[{"href":"https:\/\/nordicmart.andreevmaster.com\/sv\/wp-json\/wp\/v2\/product\/18266","targetHints":{"allow":["GET"]}}],"collection":[{"href":"https:\/\/nordicmart.andreevmaster.com\/sv\/wp-json\/wp\/v2\/product"}],"about":[{"href":"https:\/\/nordicmart.andreevmaster.com\/sv\/wp-json\/wp\/v2\/types\/product"}],"replies":[{"embeddable":true,"href":"https:\/\/nordicmart.andreevmaster.com\/sv\/wp-json\/wp\/v2\/comments?post=18266"}],"wp:featuredmedia":[{"embeddable":true,"href":"https:\/\/nordicmart.andreevmaster.com\/sv\/wp-json\/wp\/v2\/media\/45289"}],"wp:attachment":[{"href":"https:\/\/nordicmart.andreevmaster.com\/sv\/wp-json\/wp\/v2\/media?parent=18266"}],"wp:term":[{"taxonomy":"product_brand","embeddable":true,"href":"https:\/\/nordicmart.andreevmaster.com\/sv\/wp-json\/wp\/v2\/product_brand?post=18266"},{"taxonomy":"product_cat","embeddable":true,"href":"https:\/\/nordicmart.andreevmaster.com\/sv\/wp-json\/wp\/v2\/product_cat?post=18266"},{"taxonomy":"product_tag","embeddable":true,"href":"https:\/\/nordicmart.andreevmaster.com\/sv\/wp-json\/wp\/v2\/product_tag?post=18266"}],"curies":[{"name":"wp","href":"https:\/\/api.w.org\/{rel}","templated":true}]}}