{"id":18264,"date":"2026-02-27T00:38:59","date_gmt":"2026-02-27T00:38:59","guid":{"rendered":"https:\/\/nordicmart.andreevmaster.com\/product\/feandrea-transportvaska-for-husdjur-svart-xl\/"},"modified":"2026-02-27T08:27:42","modified_gmt":"2026-02-27T08:27:42","slug":"feandrea-transportvaska-for-husdjur-svart-xl","status":"publish","type":"product","link":"https:\/\/nordicmart.andreevmaster.com\/sv\/produkt\/feandrea-transportvaska-for-husdjur-svart-xl\/","title":{"rendered":"Feandrea transportv\u00e4ska f\u00f6r husdjur, svart, XL"},"content":{"rendered":"<p>Hur m\u00e4ter man hundens storlek? M\u00e4t f\u00f6rst ditt husdjur i st\u00e5ende position fr\u00e5n golvet till \u00f6ronspetsarna. Hundboxen b\u00f6r vara 3 till 5 cm h\u00f6gre \u00e4n detta m\u00e5tt. M\u00e4t sedan din fyrbenta v\u00e4n fr\u00e5n nosspetsen till bakdelen. Hundboxen b\u00f6r vara 10\u201313 cm l\u00e4ngre \u00e4n detta m\u00e5tt. P\u00e5 s\u00e5 s\u00e4tt kan du hitta den optimala storleken p\u00e5 hundboxen, d\u00e4r hunden kan st\u00e5 uppr\u00e4tt, ligga bekv\u00e4mt och helst v\u00e4nda sig. Vid behov kan du ocks\u00e5 v\u00e4lja en st\u00f6rre hundbox. Produktdetaljer: &#8211; M\u00e5tt: 102 x 69 x 69 cm (B x H x D) &#8211; D\u00f6rr fram: 83 x 46 cm &#8211; D\u00f6rr p\u00e5 sidan: 47 x 45 cm &#8211; D\u00f6rr upptill: 60 x 35 cm &#8211; F\u00e4rg: Svart Viktig information: Om du l\u00e5ser in din hund i buren under en l\u00e4ngre tid innan den har vant sig vid den, kommer det att g\u00f6ra den orolig och nerv\u00f6s. \u00c4ven om FEANDREA hundtransportburens \u00f6verdrag \u00e4r tillverkat av mycket robust Oxford-tyg, kan det inte st\u00e5 emot rivningar, bett och repor i evighet. Det viktigaste \u00e4r att du f\u00f6ljer med din hund och tr\u00e4nar den s\u00e5 att den v\u00e4njer sig vid att vara ensam i boxen och k\u00e4nner sig hemma d\u00e4r. Anvisningar: &#8211; Ta av halsbandet innan du l\u00e5ser in din hund i transportboxen. Annars finns det risk f\u00f6r kv\u00e4vning! &#8211; Innan du k\u00f6per, m\u00e4t noggrant storleken, br\u00f6stvidd och midjevidd p\u00e5 ditt husdjur f\u00f6r att utesluta att storleken inte \u00e4r tillr\u00e4cklig. Leveransomfattning: &#8211; 1 x transportbox &#8211; 1 x bruksanvisning (tyska, engelska, franska, italienska, spanska)<\/p>\n","protected":false},"excerpt":{"rendered":"<p>Feandrea hundbur transportbur bilhundtransportbur hopf\u00e4llbar kattbur Oxford-tyg beige 102 x 69 x 69 cm PDC10W<\/p>\n","protected":false},"featured_media":45287,"comment_status":"open","ping_status":"closed","template":"","meta":[],"product_brand":[],"product_cat":[33],"product_tag":[],"class_list":{"0":"post-18264","1":"product","2":"type-product","3":"status-publish","4":"has-post-thumbnail","6":"product_cat-okategoriserad","8":"first","9":"instock","10":"shipping-taxable","11":"purchasable","12":"product-type-simple"},"_links":{"self":[{"href":"https:\/\/nordicmart.andreevmaster.com\/sv\/wp-json\/wp\/v2\/product\/18264","targetHints":{"allow":["GET"]}}],"collection":[{"href":"https:\/\/nordicmart.andreevmaster.com\/sv\/wp-json\/wp\/v2\/product"}],"about":[{"href":"https:\/\/nordicmart.andreevmaster.com\/sv\/wp-json\/wp\/v2\/types\/product"}],"replies":[{"embeddable":true,"href":"https:\/\/nordicmart.andreevmaster.com\/sv\/wp-json\/wp\/v2\/comments?post=18264"}],"wp:featuredmedia":[{"embeddable":true,"href":"https:\/\/nordicmart.andreevmaster.com\/sv\/wp-json\/wp\/v2\/media\/45287"}],"wp:attachment":[{"href":"https:\/\/nordicmart.andreevmaster.com\/sv\/wp-json\/wp\/v2\/media?parent=18264"}],"wp:term":[{"taxonomy":"product_brand","embeddable":true,"href":"https:\/\/nordicmart.andreevmaster.com\/sv\/wp-json\/wp\/v2\/product_brand?post=18264"},{"taxonomy":"product_cat","embeddable":true,"href":"https:\/\/nordicmart.andreevmaster.com\/sv\/wp-json\/wp\/v2\/product_cat?post=18264"},{"taxonomy":"product_tag","embeddable":true,"href":"https:\/\/nordicmart.andreevmaster.com\/sv\/wp-json\/wp\/v2\/product_tag?post=18264"}],"curies":[{"name":"wp","href":"https:\/\/api.w.org\/{rel}","templated":true}]}}