{"id":18253,"date":"2026-02-27T00:38:55","date_gmt":"2026-02-27T00:38:55","guid":{"rendered":"https:\/\/nordicmart.andreevmaster.com\/product\/feandrea-hopfallbar-hundbur-762-cm-med-4-dorrar-i-natvav-black-svart\/"},"modified":"2026-02-27T08:27:39","modified_gmt":"2026-02-27T08:27:39","slug":"feandrea-hopfallbar-hundbur-762-cm-med-4-dorrar-i-natvav-black-svart","status":"publish","type":"product","link":"https:\/\/nordicmart.andreevmaster.com\/sv\/produkt\/feandrea-hopfallbar-hundbur-762-cm-med-4-dorrar-i-natvav-black-svart\/","title":{"rendered":"Feandrea hopf\u00e4llbar hundbur 76,2 cm med 4 d\u00f6rrar i n\u00e4tv\u00e4v, bl\u00e4ck svart"},"content":{"rendered":"<p>Feandrea hopf\u00e4llbar hundbur, 60 cm transportbur f\u00f6r sm\u00e5 hundar, hundv\u00e4ska, Oxford-tyg, med 4 d\u00f6rrar av n\u00e4tmaterial, handtag, fickor f\u00f6r mat och vattenflaska, bl\u00e4ck svart PDC016B01<br \/>\nF\u00e4rg: Bl\u00e4ksvart<br \/>\nMaterial: St\u00e5lram, 600D Oxford-tyg, Sherpa-tyg<br \/>\nStorlek: 76,2 x 53,4 x 53,4 cm (L x B x H)<br \/>\nStorlek hopf\u00e4lld: 76,2 x 53,4 x 8 cm (L x B x H)<br \/>\nVikt: 3,4 kg<\/p>\n","protected":false},"excerpt":{"rendered":"<p>Feandrea hopf\u00e4llbar hundbur, 60 cm transportbur f\u00f6r sm\u00e5 hundar, hundv\u00e4ska, Oxford-tyg, med 4 d\u00f6rrar av n\u00e4tmaterial, handtag, fickor f\u00f6r mat och vattenflaska, bl\u00e4ck svart PDC016B01<\/p>\n","protected":false},"featured_media":45276,"comment_status":"open","ping_status":"closed","template":"","meta":[],"product_brand":[],"product_cat":[33],"product_tag":[],"class_list":{"0":"post-18253","1":"product","2":"type-product","3":"status-publish","4":"has-post-thumbnail","6":"product_cat-okategoriserad","8":"first","9":"instock","10":"shipping-taxable","11":"purchasable","12":"product-type-simple"},"_links":{"self":[{"href":"https:\/\/nordicmart.andreevmaster.com\/sv\/wp-json\/wp\/v2\/product\/18253","targetHints":{"allow":["GET"]}}],"collection":[{"href":"https:\/\/nordicmart.andreevmaster.com\/sv\/wp-json\/wp\/v2\/product"}],"about":[{"href":"https:\/\/nordicmart.andreevmaster.com\/sv\/wp-json\/wp\/v2\/types\/product"}],"replies":[{"embeddable":true,"href":"https:\/\/nordicmart.andreevmaster.com\/sv\/wp-json\/wp\/v2\/comments?post=18253"}],"wp:featuredmedia":[{"embeddable":true,"href":"https:\/\/nordicmart.andreevmaster.com\/sv\/wp-json\/wp\/v2\/media\/45276"}],"wp:attachment":[{"href":"https:\/\/nordicmart.andreevmaster.com\/sv\/wp-json\/wp\/v2\/media?parent=18253"}],"wp:term":[{"taxonomy":"product_brand","embeddable":true,"href":"https:\/\/nordicmart.andreevmaster.com\/sv\/wp-json\/wp\/v2\/product_brand?post=18253"},{"taxonomy":"product_cat","embeddable":true,"href":"https:\/\/nordicmart.andreevmaster.com\/sv\/wp-json\/wp\/v2\/product_cat?post=18253"},{"taxonomy":"product_tag","embeddable":true,"href":"https:\/\/nordicmart.andreevmaster.com\/sv\/wp-json\/wp\/v2\/product_tag?post=18253"}],"curies":[{"name":"wp","href":"https:\/\/api.w.org\/{rel}","templated":true}]}}