{"id":18250,"date":"2026-02-27T00:38:54","date_gmt":"2026-02-27T00:38:54","guid":{"rendered":"https:\/\/nordicmart.andreevmaster.com\/product\/feandrea-hopfallbar-hundbur-81-x-58-x-58-cm-gra\/"},"modified":"2026-02-27T08:27:38","modified_gmt":"2026-02-27T08:27:38","slug":"feandrea-hopfallbar-hundbur-81-x-58-x-58-cm-gra","status":"publish","type":"product","link":"https:\/\/nordicmart.andreevmaster.com\/sv\/produkt\/feandrea-hopfallbar-hundbur-81-x-58-x-58-cm-gra\/","title":{"rendered":"Feandrea hopf\u00e4llbar hundbur 81 x 58 x 58 cm gr\u00e5"},"content":{"rendered":"<p>Feandrea hundbox, transportbox f\u00f6r bilen, hundtransportbox, hopf\u00e4llbar kattbox av Oxford-tyg, 60 x 40 x 40 cm, storlek M, bl\u00e5 PDC60Z<br \/>\nF\u00e4rg: Gr\u00e5<br \/>\nMaterial: Metallstomme, 600D Oxford-tyg, PVC-bel\u00e4ggning, plysch<br \/>\nProduktens m\u00e5tt i storlek XL: 81 x 58 x 58 cm (L x B x H)<br \/>\nM\u00e5tt hopf\u00e4lld: 81 x 58 x 8 cm (L x B x H)<br \/>\nVikt: 4,1 kg<br \/>\nRekommenderas f\u00f6r hundar som v\u00e4ger mellan 16 och 23 kg<\/p>\n","protected":false},"excerpt":{"rendered":"<p>Feandrea hundbox, transportbox f\u00f6r bilen, hundtransportbox, hopf\u00e4llbar kattbox av Oxford-tyg, 60 x 40 x 40 cm, storlek M, bl\u00e5 PDC60Z<\/p>\n","protected":false},"featured_media":45273,"comment_status":"open","ping_status":"closed","template":"","meta":[],"product_brand":[],"product_cat":[33],"product_tag":[],"class_list":{"0":"post-18250","1":"product","2":"type-product","3":"status-publish","4":"has-post-thumbnail","6":"product_cat-okategoriserad","8":"first","9":"instock","10":"shipping-taxable","11":"purchasable","12":"product-type-simple"},"_links":{"self":[{"href":"https:\/\/nordicmart.andreevmaster.com\/sv\/wp-json\/wp\/v2\/product\/18250","targetHints":{"allow":["GET"]}}],"collection":[{"href":"https:\/\/nordicmart.andreevmaster.com\/sv\/wp-json\/wp\/v2\/product"}],"about":[{"href":"https:\/\/nordicmart.andreevmaster.com\/sv\/wp-json\/wp\/v2\/types\/product"}],"replies":[{"embeddable":true,"href":"https:\/\/nordicmart.andreevmaster.com\/sv\/wp-json\/wp\/v2\/comments?post=18250"}],"wp:featuredmedia":[{"embeddable":true,"href":"https:\/\/nordicmart.andreevmaster.com\/sv\/wp-json\/wp\/v2\/media\/45273"}],"wp:attachment":[{"href":"https:\/\/nordicmart.andreevmaster.com\/sv\/wp-json\/wp\/v2\/media?parent=18250"}],"wp:term":[{"taxonomy":"product_brand","embeddable":true,"href":"https:\/\/nordicmart.andreevmaster.com\/sv\/wp-json\/wp\/v2\/product_brand?post=18250"},{"taxonomy":"product_cat","embeddable":true,"href":"https:\/\/nordicmart.andreevmaster.com\/sv\/wp-json\/wp\/v2\/product_cat?post=18250"},{"taxonomy":"product_tag","embeddable":true,"href":"https:\/\/nordicmart.andreevmaster.com\/sv\/wp-json\/wp\/v2\/product_tag?post=18250"}],"curies":[{"name":"wp","href":"https:\/\/api.w.org\/{rel}","templated":true}]}}