{"id":18248,"date":"2026-02-27T00:38:53","date_gmt":"2026-02-27T00:38:53","guid":{"rendered":"https:\/\/nordicmart.andreevmaster.com\/product\/feandrea-hopfallbar-hundbur-storlek-s-klassiskt-svart\/"},"modified":"2026-02-27T08:27:38","modified_gmt":"2026-02-27T08:27:38","slug":"feandrea-hopfallbar-hundbur-storlek-s-klassiskt-svart","status":"publish","type":"product","link":"https:\/\/nordicmart.andreevmaster.com\/sv\/produkt\/feandrea-hopfallbar-hundbur-storlek-s-klassiskt-svart\/","title":{"rendered":"Feandrea hopf\u00e4llbar hundbur storlek S klassiskt svart"},"content":{"rendered":"<p>Feandrea hopf\u00e4llbar hundbur, transportbur f\u00f6r hundar, hundv\u00e4ska, storlek S, metallram, koppel, liten v\u00e4ska, f\u00f6r katter och sm\u00e5 hundar upp till 6 kg<br \/>\nF\u00e4rg: klassiskt svart<br \/>\nMaterial: Metallram, 600D Oxford-tyg, PVC-bel\u00e4ggning, fleece<br \/>\nStorlek utf\u00e4lld: 43 x 30 x 30 cm (L x B x H)<br \/>\nStorlek hopf\u00e4lld: 43 x 30 x 10 cm (L x B x H)<br \/>\nVikt: 2 kg<br \/>\nRekommenderas f\u00f6r djur som v\u00e4ger upp till 6 kg<\/p>\n","protected":false},"excerpt":{"rendered":"<p>Feandrea hopf\u00e4llbar hundbur, transportbur f\u00f6r hundar, hundv\u00e4ska, storlek S, metallram, koppel, liten v\u00e4ska, f\u00f6r katter och sm\u00e5 hundar upp till 6 kg<\/p>\n","protected":false},"featured_media":45271,"comment_status":"open","ping_status":"closed","template":"","meta":[],"product_brand":[],"product_cat":[33],"product_tag":[],"class_list":{"0":"post-18248","1":"product","2":"type-product","3":"status-publish","4":"has-post-thumbnail","6":"product_cat-okategoriserad","8":"first","9":"instock","10":"shipping-taxable","11":"purchasable","12":"product-type-simple"},"_links":{"self":[{"href":"https:\/\/nordicmart.andreevmaster.com\/sv\/wp-json\/wp\/v2\/product\/18248","targetHints":{"allow":["GET"]}}],"collection":[{"href":"https:\/\/nordicmart.andreevmaster.com\/sv\/wp-json\/wp\/v2\/product"}],"about":[{"href":"https:\/\/nordicmart.andreevmaster.com\/sv\/wp-json\/wp\/v2\/types\/product"}],"replies":[{"embeddable":true,"href":"https:\/\/nordicmart.andreevmaster.com\/sv\/wp-json\/wp\/v2\/comments?post=18248"}],"wp:featuredmedia":[{"embeddable":true,"href":"https:\/\/nordicmart.andreevmaster.com\/sv\/wp-json\/wp\/v2\/media\/45271"}],"wp:attachment":[{"href":"https:\/\/nordicmart.andreevmaster.com\/sv\/wp-json\/wp\/v2\/media?parent=18248"}],"wp:term":[{"taxonomy":"product_brand","embeddable":true,"href":"https:\/\/nordicmart.andreevmaster.com\/sv\/wp-json\/wp\/v2\/product_brand?post=18248"},{"taxonomy":"product_cat","embeddable":true,"href":"https:\/\/nordicmart.andreevmaster.com\/sv\/wp-json\/wp\/v2\/product_cat?post=18248"},{"taxonomy":"product_tag","embeddable":true,"href":"https:\/\/nordicmart.andreevmaster.com\/sv\/wp-json\/wp\/v2\/product_tag?post=18248"}],"curies":[{"name":"wp","href":"https:\/\/api.w.org\/{rel}","templated":true}]}}