{"id":18245,"date":"2026-02-27T00:38:52","date_gmt":"2026-02-27T00:38:52","guid":{"rendered":"https:\/\/nordicmart.andreevmaster.com\/product\/feandrea-valphage-attkantig\/"},"modified":"2026-02-27T08:27:37","modified_gmt":"2026-02-27T08:27:37","slug":"feandrea-valphage-attkantig","status":"publish","type":"product","link":"https:\/\/nordicmart.andreevmaster.com\/sv\/produkt\/feandrea-valphage-attkantig\/","title":{"rendered":"Feandrea valphage, \u00e5ttkantig"},"content":{"rendered":"<p>Feandrea valphage i oxfordtyg, \u00e5ttkantig valphage, hundbur M, 72 x 72 x 43 cm, ram av PVC-r\u00f6r, ventilerande n\u00e4t, med sidficka, m\u00f6rkgr\u00e5-ljusgr\u00e5 PDC002G01<br \/>\nF\u00e4rg: M\u00f6rkgr\u00e5-ljusgr\u00e5<br \/>\nMaterial: PVC-r\u00f6r, Oxford-tyg<br \/>\nStorlek: 72 x 72 x 43 cm (L x B x H)<br \/>\nVikt: 2,1 kg<br \/>\nRekommenderas f\u00f6r hundar som v\u00e4ger upp till 11 kg<\/p>\n","protected":false},"excerpt":{"rendered":"<p>Feandrea valphage i oxfordtyg, \u00e5ttkantig valphage, hundbur M, 72 x 72 x 43 cm, ram av PVC-r\u00f6r, ventilerande n\u00e4t, med sidficka, m\u00f6rkgr\u00e5-ljusgr\u00e5 PDC002G01<\/p>\n","protected":false},"featured_media":45268,"comment_status":"open","ping_status":"closed","template":"","meta":[],"product_brand":[],"product_cat":[33],"product_tag":[],"class_list":{"0":"post-18245","1":"product","2":"type-product","3":"status-publish","4":"has-post-thumbnail","6":"product_cat-okategoriserad","8":"first","9":"instock","10":"shipping-taxable","11":"purchasable","12":"product-type-simple"},"_links":{"self":[{"href":"https:\/\/nordicmart.andreevmaster.com\/sv\/wp-json\/wp\/v2\/product\/18245","targetHints":{"allow":["GET"]}}],"collection":[{"href":"https:\/\/nordicmart.andreevmaster.com\/sv\/wp-json\/wp\/v2\/product"}],"about":[{"href":"https:\/\/nordicmart.andreevmaster.com\/sv\/wp-json\/wp\/v2\/types\/product"}],"replies":[{"embeddable":true,"href":"https:\/\/nordicmart.andreevmaster.com\/sv\/wp-json\/wp\/v2\/comments?post=18245"}],"wp:featuredmedia":[{"embeddable":true,"href":"https:\/\/nordicmart.andreevmaster.com\/sv\/wp-json\/wp\/v2\/media\/45268"}],"wp:attachment":[{"href":"https:\/\/nordicmart.andreevmaster.com\/sv\/wp-json\/wp\/v2\/media?parent=18245"}],"wp:term":[{"taxonomy":"product_brand","embeddable":true,"href":"https:\/\/nordicmart.andreevmaster.com\/sv\/wp-json\/wp\/v2\/product_brand?post=18245"},{"taxonomy":"product_cat","embeddable":true,"href":"https:\/\/nordicmart.andreevmaster.com\/sv\/wp-json\/wp\/v2\/product_cat?post=18245"},{"taxonomy":"product_tag","embeddable":true,"href":"https:\/\/nordicmart.andreevmaster.com\/sv\/wp-json\/wp\/v2\/product_tag?post=18245"}],"curies":[{"name":"wp","href":"https:\/\/api.w.org\/{rel}","templated":true}]}}