{"id":18244,"date":"2026-02-27T00:38:52","date_gmt":"2026-02-27T00:38:52","guid":{"rendered":"https:\/\/nordicmart.andreevmaster.com\/product\/paso-doble-spjalsang-60x120-snow-bliss\/"},"modified":"2026-02-27T08:27:37","modified_gmt":"2026-02-27T08:27:37","slug":"paso-doble-spjalsang-60x120-snow-bliss","status":"publish","type":"product","link":"https:\/\/nordicmart.andreevmaster.com\/sv\/produkt\/paso-doble-spjalsang-60x120-snow-bliss\/","title":{"rendered":"Paso Doble spj\u00e4ls\u00e4ng 60&#215;120 snow bliss"},"content":{"rendered":"<p>Paso Doble \u00e4r resultatet av en snygg kombination av en byr\u00e5, ett sk\u00e5p och ett sk\u00f6tbord med en spj\u00e4ls\u00e4ng. Tack vare detta har du allt du beh\u00f6ver f\u00f6r att ta hand om ditt barn inom r\u00e4ckh\u00e5ll. Byr\u00e5n har fyra l\u00e5dor, bakom den finns ett sk\u00e5p utrustat med en hylla och en st\u00e5ng f\u00f6r att h\u00e4nga sm\u00e5 kl\u00e4der. Dessutom finns det en rymlig l\u00e5da p\u00e5 hjul under s\u00e4ngen. <\/p>\n<p>Huvudsakliga f\u00f6rdelar:<br \/>\n&#8211; 3 niv\u00e5er f\u00f6r justering av s\u00e4ngh\u00f6jden,<br \/>\n&#8211; 3 avtagbara ribbor i spj\u00e4ls\u00e4ngens fr\u00e4mre ram,<br \/>\n&#8211; m\u00f6jlighet att demontera sidoramen,<br \/>\n&#8211; m\u00f6jlighet att installera ett extra litet r\u00e4cke efter att sidoramen har tagits bort (tillval)<br \/>\n&#8211; en l\u00e5da p\u00e5 hjul,<br \/>\n&#8211; ett sk\u00f6tbord inbyggt i bordsskivan,<br \/>\n&#8211; universell montering,<br \/>\n&#8211; m\u00f6jlighet att placera en byr\u00e5 och ett sk\u00e5p p\u00e5 v\u00e4nster eller h\u00f6ger sida om spj\u00e4ls\u00e4ngen, <\/p>\n<p>Spj\u00e4ls\u00e4ngen passar en madrass med m\u00e5tten 60&#215;120 [cm] <\/p>\n<p>M\u00e5tt (cm):<br \/>\nl\u00e4ngd: 166,3 cm<br \/>\nbredd: 70,6 cm<br \/>\nh\u00f6jd: 104 cm <\/p>\n<p>Material och ytbehandling:<br \/>\n-Paso Doble \u00e4r tillverkad av sp\u00e5nskiva, lackerad MDF och massivt tr\u00e4. Hela m\u00f6beln \u00e4r vit. <\/p>\n<p>F\u00e4rg:<br \/>\n&#8211; vit <\/p>\n<p>Anv\u00e4ndarhandbok:<br \/>\nM\u00f6blerna ska torkas av med en mjuk bomullsduk fuktad med vatten eller ett m\u00f6belv\u00e5rdsmedel.<\/p>\n","protected":false},"excerpt":{"rendered":"<p>Paso Doble \u00e4r resultatet av en snygg kombination av en byr\u00e5, ett sk\u00e5p och ett sk\u00f6tbord med en spj\u00e4ls\u00e4ng. Tack vare detta har du allt du beh\u00f6ver f\u00f6r att ta hand om ditt barn inom r\u00e4ckh\u00e5ll. Byr\u00e5n har fyra l\u00e5dor, bakom den finns ett sk\u00e5p utrustat med en hylla och en st\u00e5ng f\u00f6r att h\u00e4nga [&hellip;]<\/p>\n","protected":false},"featured_media":0,"comment_status":"open","ping_status":"closed","template":"","meta":[],"product_brand":[],"product_cat":[33],"product_tag":[],"class_list":{"0":"post-18244","1":"product","2":"type-product","3":"status-publish","5":"product_cat-okategoriserad","7":"first","8":"instock","9":"shipping-taxable","10":"purchasable","11":"product-type-simple"},"_links":{"self":[{"href":"https:\/\/nordicmart.andreevmaster.com\/sv\/wp-json\/wp\/v2\/product\/18244","targetHints":{"allow":["GET"]}}],"collection":[{"href":"https:\/\/nordicmart.andreevmaster.com\/sv\/wp-json\/wp\/v2\/product"}],"about":[{"href":"https:\/\/nordicmart.andreevmaster.com\/sv\/wp-json\/wp\/v2\/types\/product"}],"replies":[{"embeddable":true,"href":"https:\/\/nordicmart.andreevmaster.com\/sv\/wp-json\/wp\/v2\/comments?post=18244"}],"wp:attachment":[{"href":"https:\/\/nordicmart.andreevmaster.com\/sv\/wp-json\/wp\/v2\/media?parent=18244"}],"wp:term":[{"taxonomy":"product_brand","embeddable":true,"href":"https:\/\/nordicmart.andreevmaster.com\/sv\/wp-json\/wp\/v2\/product_brand?post=18244"},{"taxonomy":"product_cat","embeddable":true,"href":"https:\/\/nordicmart.andreevmaster.com\/sv\/wp-json\/wp\/v2\/product_cat?post=18244"},{"taxonomy":"product_tag","embeddable":true,"href":"https:\/\/nordicmart.andreevmaster.com\/sv\/wp-json\/wp\/v2\/product_tag?post=18244"}],"curies":[{"name":"wp","href":"https:\/\/api.w.org\/{rel}","templated":true}]}}