{"id":18243,"date":"2026-02-27T00:38:52","date_gmt":"2026-02-27T00:38:52","guid":{"rendered":"https:\/\/nordicmart.andreevmaster.com\/product\/feandrea-bagageutrymmesavdelare-for-hundar\/"},"modified":"2026-02-27T08:27:37","modified_gmt":"2026-02-27T08:27:37","slug":"feandrea-bagageutrymmesavdelare-for-hundar","status":"publish","type":"product","link":"https:\/\/nordicmart.andreevmaster.com\/sv\/produkt\/feandrea-bagageutrymmesavdelare-for-hundar\/","title":{"rendered":"Feandrea bagageutrymmesavdelare f\u00f6r hundar"},"content":{"rendered":"<p>En lycklig hund! Blir din hund alldeles uppspelt av gl\u00e4dje n\u00e4r du s\u00e4ger: \u201dNu \u00e5ker vi\u201d? Men n\u00e4r den springer vilt omkring i bilen \u00e4r det inte optimalt, s\u00e4rskilt om det sitter g\u00e4ster i baks\u00e4tet. Vad kan man g\u00f6ra? Montera detta galler i bilen p\u00e5 nolltid och g\u00f6r din hund glad genom att ta med den p\u00e5 bes\u00f6k hos v\u00e4nner eller till dess favoritplats. En trevlig resa! Detta galler \u00e4r utformat s\u00e5 att din hund kan se igenom det n\u00e4r den vill. Dessutom kan du d\u00e5 och d\u00e5 kika bak\u00e5t genom gallret f\u00f6r att se om den k\u00e4nner sig obekv\u00e4m i bilen. Resan har aldrig varit s\u00e5 bekv\u00e4m! Produktdetaljer: F\u00e4rg: Svart Material: St\u00e5l Storlek: 156 x 40,5 x 0,5 cm (L x B x H) Vikt: 2,1 kg Leveransomfattning: 1 x bagageutrymmesgaller f\u00f6r hundar 1 x bruksanvisning (DE, EN, IT, ES, FR) FEANDREA Anm\u00e4rkningar:M\u00e4t det tillg\u00e4ngliga utrymmet i din bil och justera sidodelarna innan du f\u00e4ster produkten vid nackst\u00f6den.<\/p>\n","protected":false},"excerpt":{"rendered":"<p>Feandrea bagageutrymmesavdelare f\u00f6r hundar, svart PDB001B01<\/p>\n","protected":false},"featured_media":45267,"comment_status":"open","ping_status":"closed","template":"","meta":[],"product_brand":[],"product_cat":[33],"product_tag":[],"class_list":{"0":"post-18243","1":"product","2":"type-product","3":"status-publish","4":"has-post-thumbnail","6":"product_cat-okategoriserad","8":"first","9":"instock","10":"shipping-taxable","11":"purchasable","12":"product-type-simple"},"_links":{"self":[{"href":"https:\/\/nordicmart.andreevmaster.com\/sv\/wp-json\/wp\/v2\/product\/18243","targetHints":{"allow":["GET"]}}],"collection":[{"href":"https:\/\/nordicmart.andreevmaster.com\/sv\/wp-json\/wp\/v2\/product"}],"about":[{"href":"https:\/\/nordicmart.andreevmaster.com\/sv\/wp-json\/wp\/v2\/types\/product"}],"replies":[{"embeddable":true,"href":"https:\/\/nordicmart.andreevmaster.com\/sv\/wp-json\/wp\/v2\/comments?post=18243"}],"wp:featuredmedia":[{"embeddable":true,"href":"https:\/\/nordicmart.andreevmaster.com\/sv\/wp-json\/wp\/v2\/media\/45267"}],"wp:attachment":[{"href":"https:\/\/nordicmart.andreevmaster.com\/sv\/wp-json\/wp\/v2\/media?parent=18243"}],"wp:term":[{"taxonomy":"product_brand","embeddable":true,"href":"https:\/\/nordicmart.andreevmaster.com\/sv\/wp-json\/wp\/v2\/product_brand?post=18243"},{"taxonomy":"product_cat","embeddable":true,"href":"https:\/\/nordicmart.andreevmaster.com\/sv\/wp-json\/wp\/v2\/product_cat?post=18243"},{"taxonomy":"product_tag","embeddable":true,"href":"https:\/\/nordicmart.andreevmaster.com\/sv\/wp-json\/wp\/v2\/product_tag?post=18243"}],"curies":[{"name":"wp","href":"https:\/\/api.w.org\/{rel}","templated":true}]}}