{"id":18222,"date":"2026-02-27T00:38:45","date_gmt":"2026-02-27T00:38:45","guid":{"rendered":"https:\/\/nordicmart.andreevmaster.com\/product\/feandrea-klattertrad-flervaningsklattertrad-for-katter-med-grotta-hangmatta-och-4-klatterstammar\/"},"modified":"2026-02-27T08:27:32","modified_gmt":"2026-02-27T08:27:32","slug":"feandrea-klattertrad-flervaningsklattertrad-for-katter-med-grotta-hangmatta-och-4-klatterstammar","status":"publish","type":"product","link":"https:\/\/nordicmart.andreevmaster.com\/sv\/produkt\/feandrea-klattertrad-flervaningsklattertrad-for-katter-med-grotta-hangmatta-och-4-klatterstammar\/","title":{"rendered":"Feandrea kl\u00e4ttertr\u00e4d, flerv\u00e5ningskl\u00e4ttertr\u00e4d f\u00f6r katter med grotta, h\u00e4ngmatta och 4 kl\u00e4tterstammar"},"content":{"rendered":"<p>Kratzbaum, flerv\u00e5ningskl\u00e4ttertr\u00e4d med grotta, h\u00e4ngmatta och 4 kl\u00e4tterstammar, beige<br \/>\nProduktdetaljer:<br \/>\n&#8211; F\u00e4rg: r\u00f6kgr\u00e5<br \/>\n&#8211; Material: sp\u00e5nskiva, plysch, sisal<br \/>\n&#8211; Storlek: 45 x 35 x 112 cm (L x B x H)<br \/>\n&#8211; Vikt: 10 kg<br \/>\n&#8211; Max. statisk totalbelastning: 40 kg<br \/>\n&#8211; Idealt antal katter: Upp till 4 (var och en \u2264 5 kg)<\/p>\n<p>Leveransomfattning:<br \/>\n&#8211; 1 x kl\u00f6sst\u00e5ng<br \/>\n&#8211; 1 x tippskydd<br \/>\n&#8211; 1 x tillbeh\u00f6rspaket<br \/>\n&#8211; 1 x bruksanvisning<\/p>\n<p>Anm\u00e4rkningar:<br \/>\n&#8211; Om din katt b\u00f6rjar tugga p\u00e5 eller \u00e4ta upp plyschbollen eller gummibandet, ta bort det och f\u00f6rvara det utom r\u00e4ckh\u00e5ll f\u00f6r din katt under en tid.<br \/>\n&#8211; Om kattgrottan repas och skadas, reparera eller byt ut den innan du forts\u00e4tter att anv\u00e4nda den f\u00f6r att minimera risken f\u00f6r skador p\u00e5 din katt.<br \/>\n&#8211; Eftersom katter gillar att hoppa och leka, f\u00e4st kl\u00f6sst\u00e4llningen p\u00e5 v\u00e4ggen med den medf\u00f6ljande tippskyddet f\u00f6r ett s\u00e4kert och stabilt f\u00e4ste.<\/p>\n","protected":false},"excerpt":{"rendered":"<p>Kratzbaum, flerv\u00e5ningskl\u00e4ttertr\u00e4d med grotta, h\u00e4ngmatta och 4 kl\u00e4tterstammar, beige<\/p>\n","protected":false},"featured_media":45246,"comment_status":"open","ping_status":"closed","template":"","meta":[],"product_brand":[],"product_cat":[33],"product_tag":[],"class_list":{"0":"post-18222","1":"product","2":"type-product","3":"status-publish","4":"has-post-thumbnail","6":"product_cat-okategoriserad","8":"first","9":"instock","10":"shipping-taxable","11":"purchasable","12":"product-type-simple"},"_links":{"self":[{"href":"https:\/\/nordicmart.andreevmaster.com\/sv\/wp-json\/wp\/v2\/product\/18222","targetHints":{"allow":["GET"]}}],"collection":[{"href":"https:\/\/nordicmart.andreevmaster.com\/sv\/wp-json\/wp\/v2\/product"}],"about":[{"href":"https:\/\/nordicmart.andreevmaster.com\/sv\/wp-json\/wp\/v2\/types\/product"}],"replies":[{"embeddable":true,"href":"https:\/\/nordicmart.andreevmaster.com\/sv\/wp-json\/wp\/v2\/comments?post=18222"}],"wp:featuredmedia":[{"embeddable":true,"href":"https:\/\/nordicmart.andreevmaster.com\/sv\/wp-json\/wp\/v2\/media\/45246"}],"wp:attachment":[{"href":"https:\/\/nordicmart.andreevmaster.com\/sv\/wp-json\/wp\/v2\/media?parent=18222"}],"wp:term":[{"taxonomy":"product_brand","embeddable":true,"href":"https:\/\/nordicmart.andreevmaster.com\/sv\/wp-json\/wp\/v2\/product_brand?post=18222"},{"taxonomy":"product_cat","embeddable":true,"href":"https:\/\/nordicmart.andreevmaster.com\/sv\/wp-json\/wp\/v2\/product_cat?post=18222"},{"taxonomy":"product_tag","embeddable":true,"href":"https:\/\/nordicmart.andreevmaster.com\/sv\/wp-json\/wp\/v2\/product_tag?post=18222"}],"curies":[{"name":"wp","href":"https:\/\/api.w.org\/{rel}","templated":true}]}}