{"id":18209,"date":"2026-02-27T00:38:41","date_gmt":"2026-02-27T00:38:41","guid":{"rendered":"https:\/\/nordicmart.andreevmaster.com\/product\/feandrea-klattertrad-206-cm-hogt-kattklattertrad-med-13-klosstolpar\/"},"modified":"2026-02-27T08:27:29","modified_gmt":"2026-02-27T08:27:29","slug":"feandrea-klattertrad-206-cm-hogt-kattklattertrad-med-13-klosstolpar","status":"publish","type":"product","link":"https:\/\/nordicmart.andreevmaster.com\/sv\/produkt\/feandrea-klattertrad-206-cm-hogt-kattklattertrad-med-13-klosstolpar\/","title":{"rendered":"Feandrea kl\u00e4ttertr\u00e4d 206 cm h\u00f6gt, kattkl\u00e4ttertr\u00e4d, med 13 kl\u00f6sstolpar"},"content":{"rendered":"<p>Kratzbaum 206 cm h\u00f6g, kattkl\u00e4ttertr\u00e4d, med 13 kl\u00f6sstolpar, 2 plattformar, 2 grottor, korg, h\u00e4ngmatta, plyschbollar, r\u00f6kgr\u00e5<br \/>\nProduktdetaljer:<br \/>\n&#8211; F\u00e4rg: bl\u00e4ck svart<br \/>\n&#8211; Material: sp\u00e5nskiva, plysch, sisal<br \/>\n&#8211; Storlek: 60 x 50 x 206 cm (L x B x H)<br \/>\n&#8211; Vikt: 23,5 kg<br \/>\n&#8211; Max. statisk totalbelastning: 75 kg<\/p>\n<p>Leveransomfattning:<br \/>\n&#8211; 1 x kl\u00f6sst\u00e5ng<br \/>\n&#8211; 1 x tippskydd<br \/>\n&#8211; 1 x tillbeh\u00f6rspaket<br \/>\n&#8211; 1 x bruksanvisning<\/p>\n<p>Anm\u00e4rkningar:<br \/>\n&#8211; Om din katt b\u00f6rjar tugga p\u00e5 eller \u00e4ta upp plyschbollen eller gummibandet, ta bort dem och f\u00f6rvara dem utom r\u00e4ckh\u00e5ll f\u00f6r din katt under en tid.<br \/>\n&#8211; Om kattgrottan repas och skadas, reparera eller byt ut den innan du forts\u00e4tter att anv\u00e4nda den f\u00f6r att minimera risken f\u00f6r skador p\u00e5 din katt.<br \/>\n&#8211; Eftersom katter gillar att hoppa och leka, f\u00e4st kl\u00f6sst\u00e4llningen p\u00e5 v\u00e4ggen med den medf\u00f6ljande tippskyddet f\u00f6r att s\u00e4kerst\u00e4lla n\u00f6dv\u00e4ndig stabilitet.<\/p>\n","protected":false},"excerpt":{"rendered":"<p>Kratzbaum 206 cm h\u00f6g, kattkl\u00e4ttertr\u00e4d, med 13 kl\u00f6sstolpar, 2 plattformar, 2 grottor, korg, h\u00e4ngmatta, plyschbollar, r\u00f6kgr\u00e5<\/p>\n","protected":false},"featured_media":45236,"comment_status":"open","ping_status":"closed","template":"","meta":[],"product_brand":[],"product_cat":[33],"product_tag":[],"class_list":{"0":"post-18209","1":"product","2":"type-product","3":"status-publish","4":"has-post-thumbnail","6":"product_cat-okategoriserad","8":"first","9":"instock","10":"shipping-taxable","11":"purchasable","12":"product-type-simple"},"_links":{"self":[{"href":"https:\/\/nordicmart.andreevmaster.com\/sv\/wp-json\/wp\/v2\/product\/18209","targetHints":{"allow":["GET"]}}],"collection":[{"href":"https:\/\/nordicmart.andreevmaster.com\/sv\/wp-json\/wp\/v2\/product"}],"about":[{"href":"https:\/\/nordicmart.andreevmaster.com\/sv\/wp-json\/wp\/v2\/types\/product"}],"replies":[{"embeddable":true,"href":"https:\/\/nordicmart.andreevmaster.com\/sv\/wp-json\/wp\/v2\/comments?post=18209"}],"wp:featuredmedia":[{"embeddable":true,"href":"https:\/\/nordicmart.andreevmaster.com\/sv\/wp-json\/wp\/v2\/media\/45236"}],"wp:attachment":[{"href":"https:\/\/nordicmart.andreevmaster.com\/sv\/wp-json\/wp\/v2\/media?parent=18209"}],"wp:term":[{"taxonomy":"product_brand","embeddable":true,"href":"https:\/\/nordicmart.andreevmaster.com\/sv\/wp-json\/wp\/v2\/product_brand?post=18209"},{"taxonomy":"product_cat","embeddable":true,"href":"https:\/\/nordicmart.andreevmaster.com\/sv\/wp-json\/wp\/v2\/product_cat?post=18209"},{"taxonomy":"product_tag","embeddable":true,"href":"https:\/\/nordicmart.andreevmaster.com\/sv\/wp-json\/wp\/v2\/product_tag?post=18209"}],"curies":[{"name":"wp","href":"https:\/\/api.w.org\/{rel}","templated":true}]}}