{"id":18206,"date":"2026-02-27T00:38:40","date_gmt":"2026-02-27T00:38:40","guid":{"rendered":"https:\/\/nordicmart.andreevmaster.com\/product\/feandrea-klattertrad-175-cm-hogt-flervaningsklattertrad-for-katter-med-2-grottor\/"},"modified":"2026-02-27T08:27:28","modified_gmt":"2026-02-27T08:27:28","slug":"feandrea-klattertrad-175-cm-hogt-flervaningsklattertrad-for-katter-med-2-grottor","status":"publish","type":"product","link":"https:\/\/nordicmart.andreevmaster.com\/sv\/produkt\/feandrea-klattertrad-175-cm-hogt-flervaningsklattertrad-for-katter-med-2-grottor\/","title":{"rendered":"Feandrea kl\u00e4ttertr\u00e4d, 175 cm h\u00f6gt, flerv\u00e5ningskl\u00e4ttertr\u00e4d f\u00f6r katter med 2 grottor,"},"content":{"rendered":"<p>Feandrea kl\u00e4ttertr\u00e4d, 175 cm h\u00f6gt, XL, flerv\u00e5ningskl\u00e4ttertr\u00e4d med 2 grottor, 2 liggplatser, 5 kl\u00f6sstolpar, kattborste, stor plattform, duvgr\u00e5 PCT182G01<br \/>\n&#8211; F\u00e4rg: Duvgr\u00e5<br \/>\n&#8211; Material: sp\u00e5nskiva, 500 g\/m\u00b2 plysch, sisal<br \/>\n&#8211; Storlek: 57 x 45 x 175 cm (L x B x H)<br \/>\n&#8211; Vikt: 17 kg<\/p>\n","protected":false},"excerpt":{"rendered":"<p>Feandrea kl\u00e4ttertr\u00e4d, 175 cm h\u00f6gt, XL, flerv\u00e5ningskl\u00e4ttertr\u00e4d med 2 grottor, 2 liggplatser, 5 kl\u00f6sstolpar, kattborste, stor plattform, duvgr\u00e5 PCT182G01<\/p>\n","protected":false},"featured_media":45233,"comment_status":"open","ping_status":"closed","template":"","meta":[],"product_brand":[],"product_cat":[33],"product_tag":[],"class_list":{"0":"post-18206","1":"product","2":"type-product","3":"status-publish","4":"has-post-thumbnail","6":"product_cat-okategoriserad","8":"first","9":"instock","10":"shipping-taxable","11":"purchasable","12":"product-type-simple"},"_links":{"self":[{"href":"https:\/\/nordicmart.andreevmaster.com\/sv\/wp-json\/wp\/v2\/product\/18206","targetHints":{"allow":["GET"]}}],"collection":[{"href":"https:\/\/nordicmart.andreevmaster.com\/sv\/wp-json\/wp\/v2\/product"}],"about":[{"href":"https:\/\/nordicmart.andreevmaster.com\/sv\/wp-json\/wp\/v2\/types\/product"}],"replies":[{"embeddable":true,"href":"https:\/\/nordicmart.andreevmaster.com\/sv\/wp-json\/wp\/v2\/comments?post=18206"}],"wp:featuredmedia":[{"embeddable":true,"href":"https:\/\/nordicmart.andreevmaster.com\/sv\/wp-json\/wp\/v2\/media\/45233"}],"wp:attachment":[{"href":"https:\/\/nordicmart.andreevmaster.com\/sv\/wp-json\/wp\/v2\/media?parent=18206"}],"wp:term":[{"taxonomy":"product_brand","embeddable":true,"href":"https:\/\/nordicmart.andreevmaster.com\/sv\/wp-json\/wp\/v2\/product_brand?post=18206"},{"taxonomy":"product_cat","embeddable":true,"href":"https:\/\/nordicmart.andreevmaster.com\/sv\/wp-json\/wp\/v2\/product_cat?post=18206"},{"taxonomy":"product_tag","embeddable":true,"href":"https:\/\/nordicmart.andreevmaster.com\/sv\/wp-json\/wp\/v2\/product_tag?post=18206"}],"curies":[{"name":"wp","href":"https:\/\/api.w.org\/{rel}","templated":true}]}}