{"id":18203,"date":"2026-02-27T00:38:39","date_gmt":"2026-02-27T00:38:39","guid":{"rendered":"https:\/\/nordicmart.andreevmaster.com\/product\/feandrea-klattertrad-stort-med-13-klosstolpar-flervanings-pastellrosa\/"},"modified":"2026-02-27T08:27:28","modified_gmt":"2026-02-27T08:27:28","slug":"feandrea-klattertrad-stort-med-13-klosstolpar-flervanings-pastellrosa","status":"publish","type":"product","link":"https:\/\/nordicmart.andreevmaster.com\/sv\/produkt\/feandrea-klattertrad-stort-med-13-klosstolpar-flervanings-pastellrosa\/","title":{"rendered":"Feandrea kl\u00e4ttertr\u00e4d stort med 13 kl\u00f6sstolpar, flerv\u00e5nings, pastellrosa"},"content":{"rendered":"<p>Feandrea Kattkl\u00f6sst\u00e5ng stor, 168 cm h\u00f6g, M Kattkl\u00f6sst\u00e5ng, med 13 kl\u00f6sst\u00e4nger, 2 plattformar, 2 grottor, korg, h\u00e4ngmatta, plyschbollar, flerv\u00e5nings kattkl\u00f6sst\u00e5ng, r\u00f6kgr\u00e5 PCT165G01<br \/>\nF\u00e4rg: Pastellrosa<br \/>\nMaterial: sp\u00e5nskiva, plysch, sisal<br \/>\nStorlek: 55 x 45 x 168 cm (L x B x H)<br \/>\nVikt: 18,4 kg<br \/>\nMax. statisk totalbelastning: 65 kg<\/p>\n","protected":false},"excerpt":{"rendered":"<p>Feandrea Kattkl\u00f6sst\u00e5ng stor, 168 cm h\u00f6g, M Kattkl\u00f6sst\u00e5ng, med 13 kl\u00f6sst\u00e4nger, 2 plattformar, 2 grottor, korg, h\u00e4ngmatta, plyschbollar, flerv\u00e5nings kattkl\u00f6sst\u00e5ng, r\u00f6kgr\u00e5 PCT165G01<\/p>\n","protected":false},"featured_media":0,"comment_status":"open","ping_status":"closed","template":"","meta":[],"product_brand":[],"product_cat":[33],"product_tag":[],"class_list":{"0":"post-18203","1":"product","2":"type-product","3":"status-publish","5":"product_cat-okategoriserad","7":"first","8":"instock","9":"shipping-taxable","10":"purchasable","11":"product-type-simple"},"_links":{"self":[{"href":"https:\/\/nordicmart.andreevmaster.com\/sv\/wp-json\/wp\/v2\/product\/18203","targetHints":{"allow":["GET"]}}],"collection":[{"href":"https:\/\/nordicmart.andreevmaster.com\/sv\/wp-json\/wp\/v2\/product"}],"about":[{"href":"https:\/\/nordicmart.andreevmaster.com\/sv\/wp-json\/wp\/v2\/types\/product"}],"replies":[{"embeddable":true,"href":"https:\/\/nordicmart.andreevmaster.com\/sv\/wp-json\/wp\/v2\/comments?post=18203"}],"wp:attachment":[{"href":"https:\/\/nordicmart.andreevmaster.com\/sv\/wp-json\/wp\/v2\/media?parent=18203"}],"wp:term":[{"taxonomy":"product_brand","embeddable":true,"href":"https:\/\/nordicmart.andreevmaster.com\/sv\/wp-json\/wp\/v2\/product_brand?post=18203"},{"taxonomy":"product_cat","embeddable":true,"href":"https:\/\/nordicmart.andreevmaster.com\/sv\/wp-json\/wp\/v2\/product_cat?post=18203"},{"taxonomy":"product_tag","embeddable":true,"href":"https:\/\/nordicmart.andreevmaster.com\/sv\/wp-json\/wp\/v2\/product_tag?post=18203"}],"curies":[{"name":"wp","href":"https:\/\/api.w.org\/{rel}","templated":true}]}}