{"id":18201,"date":"2026-02-27T00:38:39","date_gmt":"2026-02-27T00:38:39","guid":{"rendered":"https:\/\/nordicmart.andreevmaster.com\/product\/feandrea-klattertrad-168-cm-hogt-kattklattertrad-med-13-klatterpelare\/"},"modified":"2026-02-27T08:27:27","modified_gmt":"2026-02-27T08:27:27","slug":"feandrea-klattertrad-168-cm-hogt-kattklattertrad-med-13-klatterpelare","status":"publish","type":"product","link":"https:\/\/nordicmart.andreevmaster.com\/sv\/produkt\/feandrea-klattertrad-168-cm-hogt-kattklattertrad-med-13-klatterpelare\/","title":{"rendered":"Feandrea kl\u00e4ttertr\u00e4d 168 cm h\u00f6gt, kattkl\u00e4ttertr\u00e4d, med 13 kl\u00e4tterpelare"},"content":{"rendered":"<p>Feandrea Kattkl\u00f6sst\u00e5ng stor, 168 cm h\u00f6g, M Kattkl\u00f6sst\u00e5ng, med 13 kl\u00f6sst\u00e4nger, 2 plattformar, 2 grottor, korg, h\u00e4ngmatta, plyschbollar, flerv\u00e5nings kattkl\u00f6sst\u00e5ng, r\u00f6kgr\u00e5 PCT165G01<br \/>\nSpecifikationer:<br \/>\n&#8211; M\u00e5tt: 55 x 45 x 168 cm (L x B x H)<br \/>\n&#8211; Vikt: 18,4 kg<br \/>\n&#8211; Max. statisk total b\u00e4rf\u00f6rm\u00e5ga: 65 kg<br \/>\n&#8211; Material: sp\u00e5nskiva, plysch, sisal<br \/>\n&#8211; F\u00e4rg: Beige<\/p>\n","protected":false},"excerpt":{"rendered":"<p>Feandrea Kattkl\u00f6sst\u00e5ng stor, 168 cm h\u00f6g, M Kattkl\u00f6sst\u00e5ng, med 13 kl\u00f6sst\u00e4nger, 2 plattformar, 2 grottor, korg, h\u00e4ngmatta, plyschbollar, flerv\u00e5nings kattkl\u00f6sst\u00e5ng, r\u00f6kgr\u00e5 PCT165G01<\/p>\n","protected":false},"featured_media":45231,"comment_status":"open","ping_status":"closed","template":"","meta":[],"product_brand":[],"product_cat":[33],"product_tag":[],"class_list":{"0":"post-18201","1":"product","2":"type-product","3":"status-publish","4":"has-post-thumbnail","6":"product_cat-okategoriserad","8":"first","9":"instock","10":"shipping-taxable","11":"purchasable","12":"product-type-simple"},"_links":{"self":[{"href":"https:\/\/nordicmart.andreevmaster.com\/sv\/wp-json\/wp\/v2\/product\/18201","targetHints":{"allow":["GET"]}}],"collection":[{"href":"https:\/\/nordicmart.andreevmaster.com\/sv\/wp-json\/wp\/v2\/product"}],"about":[{"href":"https:\/\/nordicmart.andreevmaster.com\/sv\/wp-json\/wp\/v2\/types\/product"}],"replies":[{"embeddable":true,"href":"https:\/\/nordicmart.andreevmaster.com\/sv\/wp-json\/wp\/v2\/comments?post=18201"}],"wp:featuredmedia":[{"embeddable":true,"href":"https:\/\/nordicmart.andreevmaster.com\/sv\/wp-json\/wp\/v2\/media\/45231"}],"wp:attachment":[{"href":"https:\/\/nordicmart.andreevmaster.com\/sv\/wp-json\/wp\/v2\/media?parent=18201"}],"wp:term":[{"taxonomy":"product_brand","embeddable":true,"href":"https:\/\/nordicmart.andreevmaster.com\/sv\/wp-json\/wp\/v2\/product_brand?post=18201"},{"taxonomy":"product_cat","embeddable":true,"href":"https:\/\/nordicmart.andreevmaster.com\/sv\/wp-json\/wp\/v2\/product_cat?post=18201"},{"taxonomy":"product_tag","embeddable":true,"href":"https:\/\/nordicmart.andreevmaster.com\/sv\/wp-json\/wp\/v2\/product_tag?post=18201"}],"curies":[{"name":"wp","href":"https:\/\/api.w.org\/{rel}","templated":true}]}}