{"id":18185,"date":"2026-02-27T00:38:33","date_gmt":"2026-02-27T00:38:33","guid":{"rendered":"https:\/\/nordicmart.andreevmaster.com\/product\/feandrea-klosstang-kattklosstang-med-kattlada\/"},"modified":"2026-02-27T08:27:22","modified_gmt":"2026-02-27T08:27:22","slug":"feandrea-klosstang-kattklosstang-med-kattlada","status":"publish","type":"product","link":"https:\/\/nordicmart.andreevmaster.com\/sv\/produkt\/feandrea-klosstang-kattklosstang-med-kattlada\/","title":{"rendered":"Feandrea kl\u00f6sst\u00e5ng, kattkl\u00f6sst\u00e5ng med kattl\u00e5da"},"content":{"rendered":"<p>F\u00e4rg: Vintagebrun<br \/>\nMaterial: Sp\u00e5nskiva, 500 g\/m\u00b2 plysch, sisal<br \/>\nStorlek: 60 x 52 x 185 cm (L x B x H)<br \/>\nVikt: 28,7 kg<\/p>\n","protected":false},"excerpt":{"rendered":"<p>F\u00e4rg: Vintagebrun Material: Sp\u00e5nskiva, 500 g\/m\u00b2 plysch, sisal Storlek: 60 x 52 x 185 cm (L x B x H) Vikt: 28,7 kg<\/p>\n","protected":false},"featured_media":45216,"comment_status":"open","ping_status":"closed","template":"","meta":[],"product_brand":[],"product_cat":[33],"product_tag":[],"class_list":{"0":"post-18185","1":"product","2":"type-product","3":"status-publish","4":"has-post-thumbnail","6":"product_cat-okategoriserad","8":"first","9":"instock","10":"shipping-taxable","11":"purchasable","12":"product-type-simple"},"_links":{"self":[{"href":"https:\/\/nordicmart.andreevmaster.com\/sv\/wp-json\/wp\/v2\/product\/18185","targetHints":{"allow":["GET"]}}],"collection":[{"href":"https:\/\/nordicmart.andreevmaster.com\/sv\/wp-json\/wp\/v2\/product"}],"about":[{"href":"https:\/\/nordicmart.andreevmaster.com\/sv\/wp-json\/wp\/v2\/types\/product"}],"replies":[{"embeddable":true,"href":"https:\/\/nordicmart.andreevmaster.com\/sv\/wp-json\/wp\/v2\/comments?post=18185"}],"wp:featuredmedia":[{"embeddable":true,"href":"https:\/\/nordicmart.andreevmaster.com\/sv\/wp-json\/wp\/v2\/media\/45216"}],"wp:attachment":[{"href":"https:\/\/nordicmart.andreevmaster.com\/sv\/wp-json\/wp\/v2\/media?parent=18185"}],"wp:term":[{"taxonomy":"product_brand","embeddable":true,"href":"https:\/\/nordicmart.andreevmaster.com\/sv\/wp-json\/wp\/v2\/product_brand?post=18185"},{"taxonomy":"product_cat","embeddable":true,"href":"https:\/\/nordicmart.andreevmaster.com\/sv\/wp-json\/wp\/v2\/product_cat?post=18185"},{"taxonomy":"product_tag","embeddable":true,"href":"https:\/\/nordicmart.andreevmaster.com\/sv\/wp-json\/wp\/v2\/product_tag?post=18185"}],"curies":[{"name":"wp","href":"https:\/\/api.w.org\/{rel}","templated":true}]}}