{"id":18182,"date":"2026-02-27T00:38:33","date_gmt":"2026-02-27T00:38:33","guid":{"rendered":"https:\/\/nordicmart.andreevmaster.com\/product\/feandrea-klosstang-med-kattlada-151-cm-hog-2-i-1-kattstang\/"},"modified":"2026-02-27T08:27:22","modified_gmt":"2026-02-27T08:27:22","slug":"feandrea-klosstang-med-kattlada-151-cm-hog-2-i-1-kattstang","status":"publish","type":"product","link":"https:\/\/nordicmart.andreevmaster.com\/sv\/produkt\/feandrea-klosstang-med-kattlada-151-cm-hog-2-i-1-kattstang\/","title":{"rendered":"Feandrea kl\u00f6sst\u00e5ng med kattl\u00e5da, 151 cm h\u00f6g, 2-i-1 kattst\u00e5ng"},"content":{"rendered":"<p>Feandrea kl\u00f6sst\u00e5ng med katttoalett, kattkl\u00f6sst\u00e5ng, vintagebrun PCT113X01<br \/>\nSpecifikationer:<br \/>\n&#8211; M\u00e5tt: 57,5 x 50 x 151 cm (L x B x H)<br \/>\n&#8211; Vikt: 18,4 kg<br \/>\n&#8211; Material: sp\u00e5nskiva, 500 g\/m\u00b2 plysch, sisal<br \/>\n&#8211; F\u00e4rg: molnvit<\/p>\n","protected":false},"excerpt":{"rendered":"<p>Feandrea kl\u00f6sst\u00e5ng med katttoalett, kattkl\u00f6sst\u00e5ng, vintagebrun PCT113X01<\/p>\n","protected":false},"featured_media":45213,"comment_status":"open","ping_status":"closed","template":"","meta":[],"product_brand":[],"product_cat":[33],"product_tag":[],"class_list":{"0":"post-18182","1":"product","2":"type-product","3":"status-publish","4":"has-post-thumbnail","6":"product_cat-okategoriserad","8":"first","9":"instock","10":"shipping-taxable","11":"purchasable","12":"product-type-simple"},"_links":{"self":[{"href":"https:\/\/nordicmart.andreevmaster.com\/sv\/wp-json\/wp\/v2\/product\/18182","targetHints":{"allow":["GET"]}}],"collection":[{"href":"https:\/\/nordicmart.andreevmaster.com\/sv\/wp-json\/wp\/v2\/product"}],"about":[{"href":"https:\/\/nordicmart.andreevmaster.com\/sv\/wp-json\/wp\/v2\/types\/product"}],"replies":[{"embeddable":true,"href":"https:\/\/nordicmart.andreevmaster.com\/sv\/wp-json\/wp\/v2\/comments?post=18182"}],"wp:featuredmedia":[{"embeddable":true,"href":"https:\/\/nordicmart.andreevmaster.com\/sv\/wp-json\/wp\/v2\/media\/45213"}],"wp:attachment":[{"href":"https:\/\/nordicmart.andreevmaster.com\/sv\/wp-json\/wp\/v2\/media?parent=18182"}],"wp:term":[{"taxonomy":"product_brand","embeddable":true,"href":"https:\/\/nordicmart.andreevmaster.com\/sv\/wp-json\/wp\/v2\/product_brand?post=18182"},{"taxonomy":"product_cat","embeddable":true,"href":"https:\/\/nordicmart.andreevmaster.com\/sv\/wp-json\/wp\/v2\/product_cat?post=18182"},{"taxonomy":"product_tag","embeddable":true,"href":"https:\/\/nordicmart.andreevmaster.com\/sv\/wp-json\/wp\/v2\/product_tag?post=18182"}],"curies":[{"name":"wp","href":"https:\/\/api.w.org\/{rel}","templated":true}]}}