{"id":18177,"date":"2026-02-27T00:38:31","date_gmt":"2026-02-27T00:38:31","guid":{"rendered":"https:\/\/nordicmart.andreevmaster.com\/product\/feandrea-84-cm-hog-klattertrad-kattklattertrad-for-stora-katter-stor-utsiktsplattform\/"},"modified":"2026-02-27T08:27:21","modified_gmt":"2026-02-27T08:27:21","slug":"feandrea-84-cm-hog-klattertrad-kattklattertrad-for-stora-katter-stor-utsiktsplattform","status":"publish","type":"product","link":"https:\/\/nordicmart.andreevmaster.com\/sv\/produkt\/feandrea-84-cm-hog-klattertrad-kattklattertrad-for-stora-katter-stor-utsiktsplattform\/","title":{"rendered":"Feandrea 84 cm h\u00f6g kl\u00e4ttertr\u00e4d, kattkl\u00e4ttertr\u00e4d f\u00f6r stora katter, stor utsiktsplattform"},"content":{"rendered":"<p>Feandrea kl\u00e4ttertr\u00e4d, kattkl\u00e4ttertr\u00e4d med stor plattform och 2 plyschgrottor, lekhus, kl\u00e4ttertr\u00e4d f\u00f6r katter, ljusgr\u00e5tt PCT61W<br \/>\nSpecifikationer:<br \/>\n&#8211; M\u00e5tt: 60 x 40 x 84 cm (L x B x H)<br \/>\n&#8211; Vikt: 10,9 kg<br \/>\n&#8211; F\u00e4rg: kr\u00e4mvit<br \/>\n&#8211; Material: plysch, sp\u00e5nskiva, sisal<\/p>\n","protected":false},"excerpt":{"rendered":"<p>Feandrea kl\u00e4ttertr\u00e4d, kattkl\u00e4ttertr\u00e4d med stor plattform och 2 plyschgrottor, lekhus, kl\u00e4ttertr\u00e4d f\u00f6r katter, ljusgr\u00e5tt PCT61W<\/p>\n","protected":false},"featured_media":45209,"comment_status":"open","ping_status":"closed","template":"","meta":[],"product_brand":[],"product_cat":[33],"product_tag":[],"class_list":{"0":"post-18177","1":"product","2":"type-product","3":"status-publish","4":"has-post-thumbnail","6":"product_cat-okategoriserad","8":"first","9":"instock","10":"shipping-taxable","11":"purchasable","12":"product-type-simple"},"_links":{"self":[{"href":"https:\/\/nordicmart.andreevmaster.com\/sv\/wp-json\/wp\/v2\/product\/18177","targetHints":{"allow":["GET"]}}],"collection":[{"href":"https:\/\/nordicmart.andreevmaster.com\/sv\/wp-json\/wp\/v2\/product"}],"about":[{"href":"https:\/\/nordicmart.andreevmaster.com\/sv\/wp-json\/wp\/v2\/types\/product"}],"replies":[{"embeddable":true,"href":"https:\/\/nordicmart.andreevmaster.com\/sv\/wp-json\/wp\/v2\/comments?post=18177"}],"wp:featuredmedia":[{"embeddable":true,"href":"https:\/\/nordicmart.andreevmaster.com\/sv\/wp-json\/wp\/v2\/media\/45209"}],"wp:attachment":[{"href":"https:\/\/nordicmart.andreevmaster.com\/sv\/wp-json\/wp\/v2\/media?parent=18177"}],"wp:term":[{"taxonomy":"product_brand","embeddable":true,"href":"https:\/\/nordicmart.andreevmaster.com\/sv\/wp-json\/wp\/v2\/product_brand?post=18177"},{"taxonomy":"product_cat","embeddable":true,"href":"https:\/\/nordicmart.andreevmaster.com\/sv\/wp-json\/wp\/v2\/product_cat?post=18177"},{"taxonomy":"product_tag","embeddable":true,"href":"https:\/\/nordicmart.andreevmaster.com\/sv\/wp-json\/wp\/v2\/product_tag?post=18177"}],"curies":[{"name":"wp","href":"https:\/\/api.w.org\/{rel}","templated":true}]}}