{"id":18173,"date":"2026-02-27T00:38:30","date_gmt":"2026-02-27T00:38:30","guid":{"rendered":"https:\/\/nordicmart.andreevmaster.com\/product\/feandrea-stor-klosstang-kattklosstang-med-grotta\/"},"modified":"2026-02-27T08:27:20","modified_gmt":"2026-02-27T08:27:20","slug":"feandrea-stor-klosstang-kattklosstang-med-grotta","status":"publish","type":"product","link":"https:\/\/nordicmart.andreevmaster.com\/sv\/produkt\/feandrea-stor-klosstang-kattklosstang-med-grotta\/","title":{"rendered":"Feandrea Stor kl\u00f6sst\u00e5ng, kattkl\u00f6sst\u00e5ng, med grotta"},"content":{"rendered":"<p>I FEANDREAs kreativa verkst\u00e4der hoppar tv\u00e5 s\u00f6ta kattungar omkring, som personligen granskar alla kl\u00f6sst\u00e4nger och ger sin djuriska feedback. P\u00e5 s\u00e5 s\u00e4tt f\u00e5r FEANDREAs designers f\u00f6rstahandsinformation, eller snarare f\u00f6rstapawinformation, om produkterna uppfyller kraven fr\u00e5n de bortsk\u00e4mda morrh\u00e5riga v\u00e4nnerna. En kl\u00e4ttertr\u00e4d med m\u00e5nga f\u00f6rdelar Kl\u00e4ttertornet ovan har klarat kattprovet. De gillade s\u00e4rskilt den stora mysgrottan och den fluffiga utsiktsplattformen, som b\u00e5da \u00e4r f\u00f6rsedda med en mjuk matta. Men \u00e4ven tunneln och kl\u00f6sbr\u00e4dan i den nedre delen av kattleksaken var mycket popul\u00e4ra. Dessutom k\u00e4nde sig de b\u00e5da testarna trygga och hoppade utan r\u00e4dsla fr\u00e5n plattform till plattform. Den h\u00f6ga stabiliteten hos detta kl\u00f6sstr\u00e4d s\u00e4kerst\u00e4lls framf\u00f6r allt av de extra tjocka sisalstammarna och den dubbla bottenplattan. Ett tippskydd medf\u00f6ljer ocks\u00e5. Testa vilken del av v\u00e5rt kl\u00f6sstativ din katt kommer att \u00e4lska och dela testresultatet f\u00f6r din favorit med andra djurv\u00e4nner i kommentarerna. Produktdetaljer: F\u00e4rg: Ljusgr\u00e5, svart sisal Material: CARB-certifierad sp\u00e5nskiva, kartongrullar, plysch, sisal Storlek: 50 x 50 x 141 cm (L x B x H) Vikt: 23,2 kg Leveransomfattning: 1 x kl\u00f6sst\u00e5ng 1 x bruksanvisning (DE, EN, FR, ES, IT) FEANDREA Anvisningar: 1. Placera kl\u00f6sst\u00e5ngen p\u00e5 en plan yta i ett h\u00f6rn av din bostad. 2. St\u00e4ll inte produkten i en fuktig milj\u00f6. 3. H\u00e5ll barn borta fr\u00e5n denna artikel. De f\u00e5r varken kl\u00e4ttra p\u00e5 kl\u00f6sstammen eller leka med den. 4. Anv\u00e4nd tippskyddet f\u00f6r att f\u00e4sta produkten p\u00e5 v\u00e4ggen.<\/p>\n","protected":false},"excerpt":{"rendered":"<p>Stort kl\u00f6sbord, kattkl\u00f6sbord, med grotta, h\u00e4ngmatta, plyschplattform, tunnel, sisalstammar, kl\u00f6sbr\u00e4da, ljusgr\u00e5-svart<\/p>\n","protected":false},"featured_media":45205,"comment_status":"open","ping_status":"closed","template":"","meta":[],"product_brand":[],"product_cat":[33],"product_tag":[],"class_list":{"0":"post-18173","1":"product","2":"type-product","3":"status-publish","4":"has-post-thumbnail","6":"product_cat-okategoriserad","8":"first","9":"instock","10":"shipping-taxable","11":"purchasable","12":"product-type-simple"},"_links":{"self":[{"href":"https:\/\/nordicmart.andreevmaster.com\/sv\/wp-json\/wp\/v2\/product\/18173","targetHints":{"allow":["GET"]}}],"collection":[{"href":"https:\/\/nordicmart.andreevmaster.com\/sv\/wp-json\/wp\/v2\/product"}],"about":[{"href":"https:\/\/nordicmart.andreevmaster.com\/sv\/wp-json\/wp\/v2\/types\/product"}],"replies":[{"embeddable":true,"href":"https:\/\/nordicmart.andreevmaster.com\/sv\/wp-json\/wp\/v2\/comments?post=18173"}],"wp:featuredmedia":[{"embeddable":true,"href":"https:\/\/nordicmart.andreevmaster.com\/sv\/wp-json\/wp\/v2\/media\/45205"}],"wp:attachment":[{"href":"https:\/\/nordicmart.andreevmaster.com\/sv\/wp-json\/wp\/v2\/media?parent=18173"}],"wp:term":[{"taxonomy":"product_brand","embeddable":true,"href":"https:\/\/nordicmart.andreevmaster.com\/sv\/wp-json\/wp\/v2\/product_brand?post=18173"},{"taxonomy":"product_cat","embeddable":true,"href":"https:\/\/nordicmart.andreevmaster.com\/sv\/wp-json\/wp\/v2\/product_cat?post=18173"},{"taxonomy":"product_tag","embeddable":true,"href":"https:\/\/nordicmart.andreevmaster.com\/sv\/wp-json\/wp\/v2\/product_tag?post=18173"}],"curies":[{"name":"wp","href":"https:\/\/api.w.org\/{rel}","templated":true}]}}