{"id":18171,"date":"2026-02-27T00:38:29","date_gmt":"2026-02-27T00:38:29","guid":{"rendered":"https:\/\/nordicmart.andreevmaster.com\/product\/feandrea-klattertrad-med-sjalvuppvarmande-filtar-kattklattertrad\/"},"modified":"2026-02-27T08:27:19","modified_gmt":"2026-02-27T08:27:19","slug":"feandrea-klattertrad-med-sjalvuppvarmande-filtar-kattklattertrad","status":"publish","type":"product","link":"https:\/\/nordicmart.andreevmaster.com\/sv\/produkt\/feandrea-klattertrad-med-sjalvuppvarmande-filtar-kattklattertrad\/","title":{"rendered":"Feandrea kl\u00e4ttertr\u00e4d, med sj\u00e4lvuppv\u00e4rmande filtar, kattkl\u00e4ttertr\u00e4d"},"content":{"rendered":"<p>Kratzbaum, med sj\u00e4lvuppv\u00e4rmande t\u00e4cken, kattkl\u00e4ttertr\u00e4d, 2 kattborstar, stora plattformar, 50 x 50 x 160 cm, duvgr\u00e5-svart<br \/>\nProduktdetaljer:<br \/>\n&#8211; F\u00e4rg: duvgr\u00e5-kr\u00e4mvit<br \/>\n&#8211; Material: sp\u00e5nskiva, plysch, sisal<br \/>\n&#8211; Storlek: 50 x 50 x 160 cm (L x B x H)<br \/>\n&#8211; Vikt: 22,6 kg<br \/>\n&#8211; Max. statisk totalbelastning: 105 kg<br \/>\n&#8211; Idealt antal katter: Upp till 5 (var och en \u2264 20 kg)<\/p>\n<p>Leveransomfattning:<br \/>\n&#8211; 1 x kl\u00f6sst\u00e5ng<br \/>\n&#8211; 1 x tippskydd<br \/>\n&#8211; 1 x plyschboll med klocka<\/p>\n<p>Anvisningar:<br \/>\n&#8211; Om din katt b\u00f6rjar tugga p\u00e5 eller \u00e4ta upp plyschbollen eller gummibandet, ta bort leksaken och f\u00f6rvara den utom r\u00e4ckh\u00e5ll f\u00f6r din katt under en tid.<br \/>\n&#8211; Om kattgrottan blir repig och skadad, reparera eller byt ut den innan du forts\u00e4tter att anv\u00e4nda den f\u00f6r att minimera risken f\u00f6r skador p\u00e5 din katt.<br \/>\n&#8211; Eftersom katter gillar att hoppa och leka, f\u00e4st kl\u00f6sst\u00e4llningen p\u00e5 v\u00e4ggen med den medf\u00f6ljande tippskyddet f\u00f6r ett s\u00e4kert och stabilt f\u00e4ste.<\/p>\n","protected":false},"excerpt":{"rendered":"<p>Kratzbaum, med sj\u00e4lvuppv\u00e4rmande t\u00e4cken, kattkl\u00e4ttertr\u00e4d, 2 kattborstar, stora plattformar, 50 x 50 x 160 cm, duvgr\u00e5-svart<\/p>\n","protected":false},"featured_media":45203,"comment_status":"open","ping_status":"closed","template":"","meta":[],"product_brand":[],"product_cat":[33],"product_tag":[],"class_list":{"0":"post-18171","1":"product","2":"type-product","3":"status-publish","4":"has-post-thumbnail","6":"product_cat-okategoriserad","8":"first","9":"instock","10":"shipping-taxable","11":"purchasable","12":"product-type-simple"},"_links":{"self":[{"href":"https:\/\/nordicmart.andreevmaster.com\/sv\/wp-json\/wp\/v2\/product\/18171","targetHints":{"allow":["GET"]}}],"collection":[{"href":"https:\/\/nordicmart.andreevmaster.com\/sv\/wp-json\/wp\/v2\/product"}],"about":[{"href":"https:\/\/nordicmart.andreevmaster.com\/sv\/wp-json\/wp\/v2\/types\/product"}],"replies":[{"embeddable":true,"href":"https:\/\/nordicmart.andreevmaster.com\/sv\/wp-json\/wp\/v2\/comments?post=18171"}],"wp:featuredmedia":[{"embeddable":true,"href":"https:\/\/nordicmart.andreevmaster.com\/sv\/wp-json\/wp\/v2\/media\/45203"}],"wp:attachment":[{"href":"https:\/\/nordicmart.andreevmaster.com\/sv\/wp-json\/wp\/v2\/media?parent=18171"}],"wp:term":[{"taxonomy":"product_brand","embeddable":true,"href":"https:\/\/nordicmart.andreevmaster.com\/sv\/wp-json\/wp\/v2\/product_brand?post=18171"},{"taxonomy":"product_cat","embeddable":true,"href":"https:\/\/nordicmart.andreevmaster.com\/sv\/wp-json\/wp\/v2\/product_cat?post=18171"},{"taxonomy":"product_tag","embeddable":true,"href":"https:\/\/nordicmart.andreevmaster.com\/sv\/wp-json\/wp\/v2\/product_tag?post=18171"}],"curies":[{"name":"wp","href":"https:\/\/api.w.org\/{rel}","templated":true}]}}