{"id":18168,"date":"2026-02-27T00:38:28","date_gmt":"2026-02-27T00:38:28","guid":{"rendered":"https:\/\/nordicmart.andreevmaster.com\/product\/feandrea-klattertrad-med-matskal-174-cm-gra\/"},"modified":"2026-02-27T08:27:18","modified_gmt":"2026-02-27T08:27:18","slug":"feandrea-klattertrad-med-matskal-174-cm-gra","status":"publish","type":"product","link":"https:\/\/nordicmart.andreevmaster.com\/sv\/produkt\/feandrea-klattertrad-med-matskal-174-cm-gra\/","title":{"rendered":"Feandrea kl\u00e4ttertr\u00e4d med matsk\u00e5l 174 cm Gr\u00e5"},"content":{"rendered":"<p>FEANDREA kattr\u00e4d har alla egenskaper du beh\u00f6ver f\u00f6r att din katt ska trivas. MATNING \u2013 Med matsk\u00e5l p\u00e5 den \u00f6versta plattformen kommer dina kattungar aldrig att tr\u00f6ttna p\u00e5 detta kl\u00f6sr\u00e4d. VILA \u2013 Lyxig sittplats med f\u00f6rh\u00f6jd kant erbjuder en f\u00f6rstklassig yta att vila p\u00e5.KL\u00d6VA \u2013 Starka stolpar som \u00e4r lindade med naturliga sisalrep g\u00f6r det m\u00f6jligt f\u00f6r katter att kl\u00f6va och str\u00e4cka p\u00e5 sig. TA EN TUPLUR \u2013 Tack vare grottan och korgen kan dina katter \u00e4ntligen ha sina egna s\u00e4ngar och leva i fred med varandra. F\u00f6rutom all denna gl\u00e4dje garanteras \u00e4ven s\u00e4kerheten f\u00f6r dina husdjur. Golvet \u00e4r f\u00f6rst\u00e4rkt med lister f\u00f6r \u00f6kad stabilitet. Anti-tippningsbeslag ing\u00e5r ocks\u00e5, s\u00e5 att du kan f\u00e4sta kattr\u00e4det p\u00e5 v\u00e4ggen. Oavsett om du har unga kattungar, stora katter eller gamla katter \u2013 detta kl\u00f6sr\u00e4d \u00e4r ett underbart hem f\u00f6r dina p\u00e4lskl\u00e4dda v\u00e4nner. Produktdetaljer:- F\u00e4rg: r\u00f6kgr\u00e5 &#8211; Material: CARB-certifierad sp\u00e5nskiva, plysch, sisal &#8211; Produktm\u00e5tt: 90 x 50 x 164 cm (B x D x H) &#8211; Vikt: 20,2 kg Leveransomfattning: &#8211; 1 x kl\u00f6sst\u00e5ng &#8211; 1 x bruksanvisning (DE, EN, FR, ES, IT) FEANDREA Anvisningar:- St\u00e4ll kl\u00f6sstammen p\u00e5 en plan yta i ett h\u00f6rn av rummet. &#8211; Undvik fuktiga milj\u00f6er. &#8211; Barn f\u00e5r inte kl\u00e4ttra p\u00e5 kl\u00f6sstammen eller leka med den. &#8211; Vi rekommenderar att du f\u00e4ster tornet i v\u00e4ggen med de medf\u00f6ljande tippskydden.<\/p>\n","protected":false},"excerpt":{"rendered":"<p>Feandrea Stabil kl\u00f6sst\u00e5ng med kattmatsk\u00e5l, sisalomslagna kl\u00f6sytor, korg och grotta, kl\u00e4ttertr\u00e4d f\u00f6r katter 164 cm h\u00f6g, ljusgr\u00e5 PCT99W<\/p>\n","protected":false},"featured_media":45201,"comment_status":"open","ping_status":"closed","template":"","meta":[],"product_brand":[],"product_cat":[33],"product_tag":[],"class_list":{"0":"post-18168","1":"product","2":"type-product","3":"status-publish","4":"has-post-thumbnail","6":"product_cat-okategoriserad","8":"first","9":"instock","10":"shipping-taxable","11":"purchasable","12":"product-type-simple"},"_links":{"self":[{"href":"https:\/\/nordicmart.andreevmaster.com\/sv\/wp-json\/wp\/v2\/product\/18168","targetHints":{"allow":["GET"]}}],"collection":[{"href":"https:\/\/nordicmart.andreevmaster.com\/sv\/wp-json\/wp\/v2\/product"}],"about":[{"href":"https:\/\/nordicmart.andreevmaster.com\/sv\/wp-json\/wp\/v2\/types\/product"}],"replies":[{"embeddable":true,"href":"https:\/\/nordicmart.andreevmaster.com\/sv\/wp-json\/wp\/v2\/comments?post=18168"}],"wp:featuredmedia":[{"embeddable":true,"href":"https:\/\/nordicmart.andreevmaster.com\/sv\/wp-json\/wp\/v2\/media\/45201"}],"wp:attachment":[{"href":"https:\/\/nordicmart.andreevmaster.com\/sv\/wp-json\/wp\/v2\/media?parent=18168"}],"wp:term":[{"taxonomy":"product_brand","embeddable":true,"href":"https:\/\/nordicmart.andreevmaster.com\/sv\/wp-json\/wp\/v2\/product_brand?post=18168"},{"taxonomy":"product_cat","embeddable":true,"href":"https:\/\/nordicmart.andreevmaster.com\/sv\/wp-json\/wp\/v2\/product_cat?post=18168"},{"taxonomy":"product_tag","embeddable":true,"href":"https:\/\/nordicmart.andreevmaster.com\/sv\/wp-json\/wp\/v2\/product_tag?post=18168"}],"curies":[{"name":"wp","href":"https:\/\/api.w.org\/{rel}","templated":true}]}}