{"id":18166,"date":"2026-02-27T00:38:27","date_gmt":"2026-02-27T00:38:27","guid":{"rendered":"https:\/\/nordicmart.andreevmaster.com\/product\/feandrea-klattertrad-med-3-kattgrottor\/"},"modified":"2026-02-27T08:27:18","modified_gmt":"2026-02-27T08:27:18","slug":"feandrea-klattertrad-med-3-kattgrottor","status":"publish","type":"product","link":"https:\/\/nordicmart.andreevmaster.com\/sv\/produkt\/feandrea-klattertrad-med-3-kattgrottor\/","title":{"rendered":"Feandrea kl\u00e4ttertr\u00e4d med 3 kattgrottor"},"content":{"rendered":"<p>I FEANDREAs kreativa verkst\u00e4der hoppar tv\u00e5 s\u00f6ta kattungar runt och granskar alla kl\u00f6sst\u00e4nger personligen och ger sin djuriska feedback. P\u00e5 s\u00e5 s\u00e4tt f\u00e5r FEANDREAs designers f\u00f6rstahandsinformation, eller snarare f\u00f6rstapawinformation, om produkterna uppfyller kraven fr\u00e5n de bortsk\u00e4mda morrh\u00e5riga v\u00e4nnerna.Kratztr\u00e4dets h\u00f6jdpunkter i \u00f6versikt: &#8211; H\u00f6g stabilitet; har en tr\u00e4f\u00f6rst\u00e4rkt bottenplatta &#8211; Robusta sisalstammar &#8211; Kl\u00e4dd med fluffig, extra slitstark plysch &#8211; 3 kattkojor, 2 liggplatser, 2 utsiktsplattformar &#8211; Extra stor; l\u00e4mplig f\u00f6r flera katter &#8211; Trappformad placering av de enskilda elementen; f\u00f6renklad kl\u00e4ttring &#8211; Roliga p\u00e4lsbollar med klockor Produktdetaljer: -F\u00e4rg:&nbsp;R\u00f6kgr\u00e5-&nbsp;Material:&nbsp;MDF (medeldensitetsfiberplatta), plysch, sisal-&nbsp;Storlek:&nbsp;55&nbsp;x&nbsp;40&nbsp;x&nbsp;164 cm (L x B x H) &#8211;&nbsp;Vikt:&nbsp;21 kg Leveransomfattning: &#8211;&nbsp;1 x kl\u00f6sst\u00e5ng &#8211; 1 x bruksanvisning (DE, EN, FR, ES, IT)FEANDREA ANM\u00c4RKNINGAR:-&nbsp;Om kl\u00f6sstammen skulle vara skadad, v\u00e4nligen kontakta omedelbart v\u00e5r kundtj\u00e4nst f\u00f6r att f\u00e5 reservdelar eller hitta en annan tillfredsst\u00e4llande l\u00f6sning. Observera att en skadad produkt kan leda till att dina katter skadar sig. &#8211; Om dina katter tuggar p\u00e5 p\u00e4lsbollen eller gummibandet, ta omedelbart bort leksaken och f\u00f6rvara den p\u00e5 en plats som \u00e4r o\u00e5tkomlig f\u00f6r din katt.<\/p>\n","protected":false},"excerpt":{"rendered":"<p>Feandrea kl\u00e4ttertr\u00e4d stort, med 3 kattgrottor, 164 cm kattkl\u00e4ttertr\u00e4d, r\u00f6kgr\u00e5tt PCT98G<\/p>\n","protected":false},"featured_media":45199,"comment_status":"open","ping_status":"closed","template":"","meta":[],"product_brand":[],"product_cat":[33],"product_tag":[],"class_list":{"0":"post-18166","1":"product","2":"type-product","3":"status-publish","4":"has-post-thumbnail","6":"product_cat-okategoriserad","8":"first","9":"instock","10":"shipping-taxable","11":"purchasable","12":"product-type-simple"},"_links":{"self":[{"href":"https:\/\/nordicmart.andreevmaster.com\/sv\/wp-json\/wp\/v2\/product\/18166","targetHints":{"allow":["GET"]}}],"collection":[{"href":"https:\/\/nordicmart.andreevmaster.com\/sv\/wp-json\/wp\/v2\/product"}],"about":[{"href":"https:\/\/nordicmart.andreevmaster.com\/sv\/wp-json\/wp\/v2\/types\/product"}],"replies":[{"embeddable":true,"href":"https:\/\/nordicmart.andreevmaster.com\/sv\/wp-json\/wp\/v2\/comments?post=18166"}],"wp:featuredmedia":[{"embeddable":true,"href":"https:\/\/nordicmart.andreevmaster.com\/sv\/wp-json\/wp\/v2\/media\/45199"}],"wp:attachment":[{"href":"https:\/\/nordicmart.andreevmaster.com\/sv\/wp-json\/wp\/v2\/media?parent=18166"}],"wp:term":[{"taxonomy":"product_brand","embeddable":true,"href":"https:\/\/nordicmart.andreevmaster.com\/sv\/wp-json\/wp\/v2\/product_brand?post=18166"},{"taxonomy":"product_cat","embeddable":true,"href":"https:\/\/nordicmart.andreevmaster.com\/sv\/wp-json\/wp\/v2\/product_cat?post=18166"},{"taxonomy":"product_tag","embeddable":true,"href":"https:\/\/nordicmart.andreevmaster.com\/sv\/wp-json\/wp\/v2\/product_tag?post=18166"}],"curies":[{"name":"wp","href":"https:\/\/api.w.org\/{rel}","templated":true}]}}