{"id":18163,"date":"2026-02-27T00:38:26","date_gmt":"2026-02-27T00:38:26","guid":{"rendered":"https:\/\/nordicmart.andreevmaster.com\/product\/feandrea-klattertrad-2-grottor-152-cm-rokgra\/"},"modified":"2026-02-27T08:27:17","modified_gmt":"2026-02-27T08:27:17","slug":"feandrea-klattertrad-2-grottor-152-cm-rokgra","status":"publish","type":"product","link":"https:\/\/nordicmart.andreevmaster.com\/sv\/produkt\/feandrea-klattertrad-2-grottor-152-cm-rokgra\/","title":{"rendered":"Feandrea kl\u00e4ttertr\u00e4d 2 grottor 152 cm r\u00f6kgr\u00e5"},"content":{"rendered":"<p>Denna kl\u00e4ttertr\u00e4d fr\u00e5n FEANDREA \u00e4r tillverkad av h\u00f6gkvalitativ sp\u00e5nskiva och utrustad med olika roliga tillbeh\u00f6r. Den \u00e4r den perfekta kombinationen av utm\u00e4rkt kvalitet och multifunktionalitet. Tack vare kl\u00e4ttertr\u00e4dets stolpar, som \u00e4r lindade med naturliga sisalrep, kommer dina rastl\u00f6sa huskatter inte l\u00e4ngre att kl\u00f6sa p\u00e5 dina m\u00f6bler f\u00f6r att v\u00e4ssa sina klor. Dessutom ger de h\u00e4ngande leksakerna extra mycket skoj. Produktdetaljer: &#8211; F\u00e4rg: R\u00f6kgr\u00e5 &#8211; Material: Sp\u00e5nskiva, plysch, sisalrep, r\u00f6r av fast kartong &#8211; Storlek: 55 x 45 x 152 cm (B x D x H) &#8211; Vikt: 21,3 kg Leveransomfattning:- 1 x kl\u00f6sst\u00e5ng &#8211; 1 x monteringsanvisning (DE, EN, FR, ES, IT) FEANDREA Anvisningar: &#8211; Placera kl\u00f6sst\u00e5ngen p\u00e5 en plan yta i ett h\u00f6rn av din bostad. &#8211; Kontrollera regelbundet att alla skruvar \u00e4r \u00e5tdragna och dra \u00e5t dem vid behov.- Maximal belastning: 3 katter (varje katt b\u00f6r v\u00e4ga h\u00f6gst 7 kg) &#8211; Om din katt tuggar p\u00e5 p\u00e4lsbollarna eller det medf\u00f6ljande elastiska bandet eller vill \u00e4ta leksaken, ta bort den omedelbart och f\u00f6rvara den utom r\u00e4ckh\u00e5ll f\u00f6r din katt.<\/p>\n","protected":false},"excerpt":{"rendered":"<p>Feandrea kl\u00e4ttertr\u00e4d, stabilt kattr\u00e4d, med sisal-kl\u00e4tterst\u00e4nger, plysch-sittgropar, en korg och 2 hus, kl\u00e4ttertr\u00e4d f\u00f6r katter, PCT90G<\/p>\n","protected":false},"featured_media":45196,"comment_status":"open","ping_status":"closed","template":"","meta":[],"product_brand":[],"product_cat":[33],"product_tag":[],"class_list":{"0":"post-18163","1":"product","2":"type-product","3":"status-publish","4":"has-post-thumbnail","6":"product_cat-okategoriserad","8":"first","9":"instock","10":"shipping-taxable","11":"purchasable","12":"product-type-simple"},"_links":{"self":[{"href":"https:\/\/nordicmart.andreevmaster.com\/sv\/wp-json\/wp\/v2\/product\/18163","targetHints":{"allow":["GET"]}}],"collection":[{"href":"https:\/\/nordicmart.andreevmaster.com\/sv\/wp-json\/wp\/v2\/product"}],"about":[{"href":"https:\/\/nordicmart.andreevmaster.com\/sv\/wp-json\/wp\/v2\/types\/product"}],"replies":[{"embeddable":true,"href":"https:\/\/nordicmart.andreevmaster.com\/sv\/wp-json\/wp\/v2\/comments?post=18163"}],"wp:featuredmedia":[{"embeddable":true,"href":"https:\/\/nordicmart.andreevmaster.com\/sv\/wp-json\/wp\/v2\/media\/45196"}],"wp:attachment":[{"href":"https:\/\/nordicmart.andreevmaster.com\/sv\/wp-json\/wp\/v2\/media?parent=18163"}],"wp:term":[{"taxonomy":"product_brand","embeddable":true,"href":"https:\/\/nordicmart.andreevmaster.com\/sv\/wp-json\/wp\/v2\/product_brand?post=18163"},{"taxonomy":"product_cat","embeddable":true,"href":"https:\/\/nordicmart.andreevmaster.com\/sv\/wp-json\/wp\/v2\/product_cat?post=18163"},{"taxonomy":"product_tag","embeddable":true,"href":"https:\/\/nordicmart.andreevmaster.com\/sv\/wp-json\/wp\/v2\/product_tag?post=18163"}],"curies":[{"name":"wp","href":"https:\/\/api.w.org\/{rel}","templated":true}]}}