{"id":18161,"date":"2026-02-27T00:38:26","date_gmt":"2026-02-27T00:38:26","guid":{"rendered":"https:\/\/nordicmart.andreevmaster.com\/product\/feandrea-klattertrad-med-hangmatta-154-cm-kramfargat\/"},"modified":"2026-02-27T08:27:17","modified_gmt":"2026-02-27T08:27:17","slug":"feandrea-klattertrad-med-hangmatta-154-cm-kramfargat","status":"publish","type":"product","link":"https:\/\/nordicmart.andreevmaster.com\/sv\/produkt\/feandrea-klattertrad-med-hangmatta-154-cm-kramfargat\/","title":{"rendered":"Feandrea kl\u00e4ttertr\u00e4d med h\u00e4ngmatta 154 cm kr\u00e4mf\u00e4rgat"},"content":{"rendered":"<p>Denna kattkl\u00f6sst\u00e5ng fr\u00e5n Songmics har en smart och smakfull design som \u00e4r registrerad och skyddad som gemenskapsformgivning (RCD nr 003429703). Obs! Det kan h\u00e4nda att produkten luktar \u201dnytt\u201d n\u00e4r du packar upp den. Men denna lukt f\u00f6rsvinner efter n\u00e5gra dagar om du placerar den monterade kl\u00f6sstammen i ett ventilerat rum.  Vi rekommenderar att kl\u00f6sstammen placeras mot en v\u00e4gg eller i ett h\u00f6rn f\u00f6r att undvika instabilitet och vinglighet n\u00e4r tunga katter kl\u00e4ttrar p\u00e5 den.  B\u00e4rkraft: 3-4 katter (varje katt \u2264 7 kg) Om din katt b\u00f6rjar tugga p\u00e5 plyschbollen eller vill \u00e4ta den och gummibandet, ta bort leksaken och f\u00f6rvara den utom r\u00e4ckh\u00e5ll f\u00f6r din katt. Som ett led i optimeringen av v\u00e5rt varum\u00e4rke har vi ersatt gamla f\u00f6rpackningar med nya. Dessa v\u00e4ljs slumpm\u00e4ssigt f\u00f6r leverans av respektive produkt, s\u00e5 det kan h\u00e4nda att du f\u00e5r en f\u00f6r\u00e5ldrad f\u00f6rpackningsversion. Produkten i sig \u00e4r naturligtvis den senaste versionen. Genom att st\u00e4ndigt vidareutveckla v\u00e5rt varum\u00e4rke vill vi kontinuerligt f\u00f6rb\u00e4ttra din shoppingupplevelse. Produktdetaljer: F\u00e4rg: Beige Material: Sp\u00e5nskiva + plysch + sisal Total h\u00f6jd: ca 154 cm M\u00e5tt bottenplatta: ca 50 x 50 cm M\u00e5tt grotta: ca 35 x 25 x 30 cm (B x H x D) M\u00e5tt fyrkantig plattform: ca 36 x 36 cm M\u00e5tt oval plattform (2 x): ca 50 x 30 cm vardera Vikt: ca 16,9 kg Leveransomfattning: 1 x kl\u00f6sst\u00e5ng 1 x bruksanvisning (DE, EN, FR, IT, ES)<\/p>\n","protected":false},"excerpt":{"rendered":"<p>Feandrea XXL kl\u00e4ttertr\u00e4d, stabil kl\u00f6sst\u00e5ng med h\u00e4ngmatta, grotta, leksisal, 154 cm, r\u00f6kgr\u00e5 beige ljusgr\u00e5 PCT86W<\/p>\n","protected":false},"featured_media":45194,"comment_status":"open","ping_status":"closed","template":"","meta":[],"product_brand":[],"product_cat":[33],"product_tag":[],"class_list":{"0":"post-18161","1":"product","2":"type-product","3":"status-publish","4":"has-post-thumbnail","6":"product_cat-okategoriserad","8":"first","9":"instock","10":"shipping-taxable","11":"purchasable","12":"product-type-simple"},"_links":{"self":[{"href":"https:\/\/nordicmart.andreevmaster.com\/sv\/wp-json\/wp\/v2\/product\/18161","targetHints":{"allow":["GET"]}}],"collection":[{"href":"https:\/\/nordicmart.andreevmaster.com\/sv\/wp-json\/wp\/v2\/product"}],"about":[{"href":"https:\/\/nordicmart.andreevmaster.com\/sv\/wp-json\/wp\/v2\/types\/product"}],"replies":[{"embeddable":true,"href":"https:\/\/nordicmart.andreevmaster.com\/sv\/wp-json\/wp\/v2\/comments?post=18161"}],"wp:featuredmedia":[{"embeddable":true,"href":"https:\/\/nordicmart.andreevmaster.com\/sv\/wp-json\/wp\/v2\/media\/45194"}],"wp:attachment":[{"href":"https:\/\/nordicmart.andreevmaster.com\/sv\/wp-json\/wp\/v2\/media?parent=18161"}],"wp:term":[{"taxonomy":"product_brand","embeddable":true,"href":"https:\/\/nordicmart.andreevmaster.com\/sv\/wp-json\/wp\/v2\/product_brand?post=18161"},{"taxonomy":"product_cat","embeddable":true,"href":"https:\/\/nordicmart.andreevmaster.com\/sv\/wp-json\/wp\/v2\/product_cat?post=18161"},{"taxonomy":"product_tag","embeddable":true,"href":"https:\/\/nordicmart.andreevmaster.com\/sv\/wp-json\/wp\/v2\/product_tag?post=18161"}],"curies":[{"name":"wp","href":"https:\/\/api.w.org\/{rel}","templated":true}]}}